{"id":878,"date":"2025-02-11T06:55:29","date_gmt":"2025-02-11T06:55:29","guid":{"rendered":"https:\/\/www.learn-music-online.com\/?page_id=878"},"modified":"2025-08-18T22:43:10","modified_gmt":"2025-08-18T20:43:10","slug":"elementary-school-of-guitar-grade-3","status":"publish","type":"page","link":"https:\/\/www.learn-music-online.com\/sr\/elementary-school-of-guitar-grade-3\/","title":{"rendered":"Osnovna muzi\u010dka \u0161kola - 3. razred"},"content":{"rendered":"<div class=\"wp-block-group alignwide has-global-padding is-content-justification-left is-layout-constrained wp-container-core-group-is-layout-8b4c372c wp-block-group-is-layout-constrained\">\n<h2 class=\"wp-block-heading has-large-font-size\">Osnovna muzi\u010dka \u0161kola - 3. razred<\/h2>\n\n\n\n<p style=\"margin-top:16px\">Preporu\u010dene video lekcije predvi\u0111ene za tre\u0107u godinu u\u010denja klasi\u010dne gitare<\/p>\n<\/div>\n\n\n\n<figure class=\"wp-block-image size-large\"><a href=\"https:\/\/www.learn-music-online.com\/sr\/etude-in-a-minor-giuliani\/\" target=\"_blank\" rel=\" noreferrer noopener\"><img loading=\"lazy\" decoding=\"async\" width=\"1024\" height=\"578\" src=\"https:\/\/www.learn-music-online.com\/wp-content\/uploads\/2025\/02\/Etida-u-a-molu-M.-Dulijani-slika-1024x578.jpg\" alt=\"\" class=\"wp-image-873\" srcset=\"https:\/\/www.learn-music-online.com\/wp-content\/uploads\/2025\/02\/Etida-u-a-molu-M.-Dulijani-slika-1024x578.jpg 1024w, https:\/\/www.learn-music-online.com\/wp-content\/uploads\/2025\/02\/Etida-u-a-molu-M.-Dulijani-slika-300x169.jpg 300w, https:\/\/www.learn-music-online.com\/wp-content\/uploads\/2025\/02\/Etida-u-a-molu-M.-Dulijani-slika-768x434.jpg 768w, https:\/\/www.learn-music-online.com\/wp-content\/uploads\/2025\/02\/Etida-u-a-molu-M.-Dulijani-slika-18x10.jpg 18w, https:\/\/www.learn-music-online.com\/wp-content\/uploads\/2025\/02\/Etida-u-a-molu-M.-Dulijani-slika.jpg 1279w\" sizes=\"auto, (max-width: 1024px) 100vw, 1024px\" \/><\/a><\/figure>\n\n\n\n<figure class=\"wp-block-image size-full\"><a href=\"https:\/\/www.learn-music-online.com\/sr\/etude-in-e-minor-tarrega\/\" target=\"_blank\" rel=\" noreferrer noopener\"><img loading=\"lazy\" decoding=\"async\" width=\"1024\" height=\"575\" src=\"https:\/\/www.learn-music-online.com\/wp-content\/uploads\/2025\/02\/Tarrega-Etude-in-E-minor.jpg\" alt=\"\" class=\"wp-image-886\" srcset=\"https:\/\/www.learn-music-online.com\/wp-content\/uploads\/2025\/02\/Tarrega-Etude-in-E-minor.jpg 1024w, https:\/\/www.learn-music-online.com\/wp-content\/uploads\/2025\/02\/Tarrega-Etude-in-E-minor-300x168.jpg 300w, https:\/\/www.learn-music-online.com\/wp-content\/uploads\/2025\/02\/Tarrega-Etude-in-E-minor-768x431.jpg 768w, https:\/\/www.learn-music-online.com\/wp-content\/uploads\/2025\/02\/Tarrega-Etude-in-E-minor-18x10.jpg 18w\" sizes=\"auto, (max-width: 1024px) 100vw, 1024px\" \/><\/a><\/figure>\n\n\n\n<figure class=\"wp-block-image size-large\"><a href=\"https:\/\/www.learn-music-online.com\/sr\/calatayud-caramba\/\" target=\"_blank\" rel=\" noreferrer noopener\"><img loading=\"lazy\" decoding=\"async\" width=\"1024\" height=\"577\" src=\"https:\/\/www.learn-music-online.com\/wp-content\/uploads\/2025\/02\/Caramba-slika-1024x577.jpg\" alt=\"\" class=\"wp-image-897\" srcset=\"https:\/\/www.learn-music-online.com\/wp-content\/uploads\/2025\/02\/Caramba-slika-1024x577.jpg 1024w, https:\/\/www.learn-music-online.com\/wp-content\/uploads\/2025\/02\/Caramba-slika-300x169.jpg 300w, https:\/\/www.learn-music-online.com\/wp-content\/uploads\/2025\/02\/Caramba-slika-768x433.jpg 768w, https:\/\/www.learn-music-online.com\/wp-content\/uploads\/2025\/02\/Caramba-slika-18x10.jpg 18w, https:\/\/www.learn-music-online.com\/wp-content\/uploads\/2025\/02\/Caramba-slika.jpg 1279w\" sizes=\"auto, (max-width: 1024px) 100vw, 1024px\" \/><\/a><\/figure>\n\n\n\n<figure class=\"wp-block-image size-large\"><a href=\"https:\/\/www.learn-music-online.com\/sr\/drunken-sailor-guitar\/\" target=\"_blank\" rel=\" noreferrer noopener\"><img loading=\"lazy\" decoding=\"async\" width=\"1024\" height=\"577\" src=\"https:\/\/www.learn-music-online.com\/wp-content\/uploads\/2025\/02\/Drunken-Sailor-1024x577.jpg\" alt=\"\" class=\"wp-image-907\" srcset=\"https:\/\/www.learn-music-online.com\/wp-content\/uploads\/2025\/02\/Drunken-Sailor-1024x577.jpg 1024w, https:\/\/www.learn-music-online.com\/wp-content\/uploads\/2025\/02\/Drunken-Sailor-300x169.jpg 300w, https:\/\/www.learn-music-online.com\/wp-content\/uploads\/2025\/02\/Drunken-Sailor-768x433.jpg 768w, https:\/\/www.learn-music-online.com\/wp-content\/uploads\/2025\/02\/Drunken-Sailor-18x10.jpg 18w, https:\/\/www.learn-music-online.com\/wp-content\/uploads\/2025\/02\/Drunken-Sailor.jpg 1282w\" sizes=\"auto, (max-width: 1024px) 100vw, 1024px\" \/><\/a><\/figure>","protected":false},"excerpt":{"rendered":"<p>Elementary School of Guitar &#8211; Grade 3 Recommended Video Lessons for the Third Year of Learning Classical Guitar<\/p>","protected":false},"author":1,"featured_media":0,"parent":0,"menu_order":0,"comment_status":"closed","ping_status":"closed","template":"","meta":{"footnotes":""},"class_list":["post-878","page","type-page","status-publish","hentry"],"aioseo_notices":[],"_links":{"self":[{"href":"https:\/\/www.learn-music-online.com\/sr\/wp-json\/wp\/v2\/pages\/878","targetHints":{"allow":["GET"]}}],"collection":[{"href":"https:\/\/www.learn-music-online.com\/sr\/wp-json\/wp\/v2\/pages"}],"about":[{"href":"https:\/\/www.learn-music-online.com\/sr\/wp-json\/wp\/v2\/types\/page"}],"author":[{"embeddable":true,"href":"https:\/\/www.learn-music-online.com\/sr\/wp-json\/wp\/v2\/users\/1"}],"replies":[{"embeddable":true,"href":"https:\/\/www.learn-music-online.com\/sr\/wp-json\/wp\/v2\/comments?post=878"}],"version-history":[{"count":8,"href":"https:\/\/www.learn-music-online.com\/sr\/wp-json\/wp\/v2\/pages\/878\/revisions"}],"predecessor-version":[{"id":1550,"href":"https:\/\/www.learn-music-online.com\/sr\/wp-json\/wp\/v2\/pages\/878\/revisions\/1550"}],"wp:attachment":[{"href":"https:\/\/www.learn-music-online.com\/sr\/wp-json\/wp\/v2\/media?parent=878"}],"curies":[{"name":"wp","href":"https:\/\/api.w.org\/{rel}","templated":true}]}}