{"id":783,"date":"2025-01-31T15:15:14","date_gmt":"2025-01-31T15:15:14","guid":{"rendered":"https:\/\/www.learn-music-online.com\/?page_id=783"},"modified":"2025-08-18T22:46:42","modified_gmt":"2025-08-18T20:46:42","slug":"elementary-school-of-guitar-grade-6","status":"publish","type":"page","link":"https:\/\/www.learn-music-online.com\/sr\/elementary-school-of-guitar-grade-6\/","title":{"rendered":"Osnovna muzi\u010dka \u0161kola - 6. razred"},"content":{"rendered":"<div class=\"wp-block-group alignwide has-global-padding is-content-justification-left is-layout-constrained wp-container-core-group-is-layout-8b4c372c wp-block-group-is-layout-constrained\">\n<h2 class=\"wp-block-heading has-large-font-size\">Osnovna muzi\u010dka \u0161kola - 6. razred<\/h2>\n\n\n\n<p style=\"margin-top:16px\">Preporu\u010dene video lekcije predvi\u0111ene za \u0161estu godinu u\u010denja klasi\u010dne gitare<\/p>\n<\/div>\n\n\n\n<figure class=\"wp-block-image size-large\"><a href=\"https:\/\/www.learn-music-online.com\/sr\/etude-in-a-minor-op-60-no-2-matteo-carcassi\/\" target=\"_blank\" rel=\" noreferrer noopener\"><img loading=\"lazy\" decoding=\"async\" width=\"1024\" height=\"577\" src=\"https:\/\/www.learn-music-online.com\/wp-content\/uploads\/2025\/02\/Carcassi_M_Op_60_No_2-1024x577.jpg\" alt=\"\" class=\"wp-image-969\" srcset=\"https:\/\/www.learn-music-online.com\/wp-content\/uploads\/2025\/02\/Carcassi_M_Op_60_No_2-1024x577.jpg 1024w, https:\/\/www.learn-music-online.com\/wp-content\/uploads\/2025\/02\/Carcassi_M_Op_60_No_2-300x169.jpg 300w, https:\/\/www.learn-music-online.com\/wp-content\/uploads\/2025\/02\/Carcassi_M_Op_60_No_2-768x433.jpg 768w, https:\/\/www.learn-music-online.com\/wp-content\/uploads\/2025\/02\/Carcassi_M_Op_60_No_2-18x10.jpg 18w, https:\/\/www.learn-music-online.com\/wp-content\/uploads\/2025\/02\/Carcassi_M_Op_60_No_2.jpg 1278w\" sizes=\"auto, (max-width: 1024px) 100vw, 1024px\" \/><\/a><\/figure>\n\n\n\n<figure class=\"wp-block-image size-large\"><a href=\"https:\/\/www.learn-music-online.com\/sr\/feste-lariane\/\" target=\"_blank\" rel=\" noreferrer noopener\"><img loading=\"lazy\" decoding=\"async\" width=\"1024\" height=\"569\" src=\"https:\/\/www.learn-music-online.com\/wp-content\/uploads\/2025\/01\/Stara-spanska-pesma-1024x569.jpg\" alt=\"\" class=\"wp-image-776\" srcset=\"https:\/\/www.learn-music-online.com\/wp-content\/uploads\/2025\/01\/Stara-spanska-pesma-1024x569.jpg 1024w, https:\/\/www.learn-music-online.com\/wp-content\/uploads\/2025\/01\/Stara-spanska-pesma-300x167.jpg 300w, https:\/\/www.learn-music-online.com\/wp-content\/uploads\/2025\/01\/Stara-spanska-pesma-768x427.jpg 768w, https:\/\/www.learn-music-online.com\/wp-content\/uploads\/2025\/01\/Stara-spanska-pesma-18x10.jpg 18w, https:\/\/www.learn-music-online.com\/wp-content\/uploads\/2025\/01\/Stara-spanska-pesma.jpg 1280w\" sizes=\"auto, (max-width: 1024px) 100vw, 1024px\" \/><\/a><\/figure>","protected":false},"excerpt":{"rendered":"<p>Elementary School of Guitar &#8211; Grade 6 Recommended Video Lessons for the Sixth Year of Learning Classical Guitar<\/p>","protected":false},"author":1,"featured_media":0,"parent":0,"menu_order":0,"comment_status":"closed","ping_status":"closed","template":"","meta":{"footnotes":""},"class_list":["post-783","page","type-page","status-publish","hentry"],"aioseo_notices":[],"_links":{"self":[{"href":"https:\/\/www.learn-music-online.com\/sr\/wp-json\/wp\/v2\/pages\/783","targetHints":{"allow":["GET"]}}],"collection":[{"href":"https:\/\/www.learn-music-online.com\/sr\/wp-json\/wp\/v2\/pages"}],"about":[{"href":"https:\/\/www.learn-music-online.com\/sr\/wp-json\/wp\/v2\/types\/page"}],"author":[{"embeddable":true,"href":"https:\/\/www.learn-music-online.com\/sr\/wp-json\/wp\/v2\/users\/1"}],"replies":[{"embeddable":true,"href":"https:\/\/www.learn-music-online.com\/sr\/wp-json\/wp\/v2\/comments?post=783"}],"version-history":[{"count":6,"href":"https:\/\/www.learn-music-online.com\/sr\/wp-json\/wp\/v2\/pages\/783\/revisions"}],"predecessor-version":[{"id":1553,"href":"https:\/\/www.learn-music-online.com\/sr\/wp-json\/wp\/v2\/pages\/783\/revisions\/1553"}],"wp:attachment":[{"href":"https:\/\/www.learn-music-online.com\/sr\/wp-json\/wp\/v2\/media?parent=783"}],"curies":[{"name":"wp","href":"https:\/\/api.w.org\/{rel}","templated":true}]}}