{"id":642,"date":"2025-01-11T00:31:32","date_gmt":"2025-01-11T00:31:32","guid":{"rendered":"https:\/\/www.learn-music-online.com\/?page_id=642"},"modified":"2025-01-11T10:22:18","modified_gmt":"2025-01-11T10:22:18","slug":"interactive-notes","status":"publish","type":"page","link":"https:\/\/www.learn-music-online.com\/sr\/interactive-notes\/","title":{"rendered":"Interactive notes"},"content":{"rendered":"<div class=\"wp-block-group alignfull has-background-background-color has-background has-global-padding is-layout-constrained wp-container-core-group-is-layout-68d5e5bb wp-block-group-is-layout-constrained\" style=\"margin-top:0;margin-bottom:0;padding-top:var(--wp--preset--spacing--50);padding-right:var(--wp--preset--spacing--30);padding-bottom:var(--wp--preset--spacing--60);padding-left:var(--wp--preset--spacing--30)\">\n<div class=\"wp-block-group alignwide has-global-padding is-content-justification-left is-layout-constrained wp-container-core-group-is-layout-12dd3699 wp-block-group-is-layout-constrained\">\n<h2 class=\"wp-block-heading has-large-font-size\">Istra\u017eite na\u0161e neverovatne karakteristike.<\/h2>\n\n\n\n<p style=\"margin-top:16px\">Prona\u0111ite interaktivne note za u\u010denje gitare, klavira, violine, pevanja, solfe\u0111a i muzi\u010dke teorije.<\/p>\n<\/div>\n\n\n\n<div class=\"wp-block-columns alignwide is-layout-flex wp-container-core-columns-is-layout-87beb0d0 wp-block-columns-is-layout-flex\">\n<div class=\"wp-block-column has-tertiary-background-color has-background is-layout-flow wp-block-column-is-layout-flow\" style=\"padding-top:1.5rem;padding-right:1.5rem;padding-bottom:1.5rem;padding-left:1.5rem\">\n<h3 class=\"wp-block-heading\" style=\"font-size:clamp(14px, 0.875rem + ((1vw - 3.2px) * 0.625), 20px);line-height:1.5\"><a href=\"https:\/\/www.learn-music-online.com\/sr\/interactive-notes-guitar\/\" title=\"\">Gitara<\/a><\/h3>\n\n\n\n<p class=\"has-small-font-size\" style=\"margin-top:8px\">Istra\u017eite interaktivne note koje sadr\u017ee popularne i klasi\u010dne gitarske kompozicije.<\/p>\n<\/div>\n\n\n\n<div class=\"wp-block-column has-tertiary-background-color has-background is-layout-flow wp-block-column-is-layout-flow\" style=\"padding-top:1.5rem;padding-right:1.5rem;padding-bottom:1.5rem;padding-left:1.5rem\">\n<h3 class=\"wp-block-heading\" style=\"font-size:clamp(14px, 0.875rem + ((1vw - 3.2px) * 0.625), 20px);line-height:1.5\">Klavir<\/h3>\n\n\n\n<p class=\"has-small-font-size\" style=\"margin-top:8px\">Istra\u017eite interaktivne note koje sadr\u017ee popularne i klasi\u010dne kompozicije za klavir<\/p>\n<\/div>\n\n\n\n<div class=\"wp-block-column has-tertiary-background-color has-background is-layout-flow wp-block-column-is-layout-flow\" style=\"padding-top:1.5rem;padding-right:1.5rem;padding-bottom:1.5rem;padding-left:1.5rem\">\n<h3 class=\"wp-block-heading\" style=\"font-size:clamp(14px, 0.875rem + ((1vw - 3.2px) * 0.625), 20px);line-height:1.5\">Violin<\/h3>\n\n\n\n<p class=\"has-small-font-size\" style=\"margin-top:8px\">Istra\u017eite interaktivne note koje sadr\u017ee popularne i klasi\u010dne kompozicije za violinu<\/p>\n<\/div>\n<\/div>\n\n\n\n<div class=\"wp-block-columns alignwide is-layout-flex wp-container-core-columns-is-layout-87beb0d0 wp-block-columns-is-layout-flex\">\n<div class=\"wp-block-column has-tertiary-background-color has-background is-layout-flow wp-block-column-is-layout-flow\" style=\"padding-top:1.5rem;padding-right:1.5rem;padding-bottom:1.5rem;padding-left:1.5rem\">\n<h3 class=\"wp-block-heading\" style=\"font-size:clamp(14px, 0.875rem + ((1vw - 3.2px) * 0.625), 20px);line-height:1.5\">Pevanje<\/h3>\n\n\n\n<p class=\"has-small-font-size\" style=\"margin-top:8px\">Istra\u017eite interaktivne note koje sadr\u017ee popularne i klasi\u010dne kompozicije za glas<\/p>\n<\/div>\n\n\n\n<div class=\"wp-block-column has-tertiary-background-color has-background is-layout-flow wp-block-column-is-layout-flow\" style=\"padding-top:1.5rem;padding-right:1.5rem;padding-bottom:1.5rem;padding-left:1.5rem\">\n<h3 class=\"wp-block-heading\" style=\"font-size:clamp(14px, 0.875rem + ((1vw - 3.2px) * 0.625), 20px);line-height:1.5\">Solfe\u0111o<\/h3>\n\n\n\n<p class=\"has-small-font-size\" style=\"margin-top:8px\">Nau\u010di da \u010dita\u0161 i pi\u0161e\u0161 note, kao i da peva\u0161 tonove kroz interaktivne note.<\/p>\n<\/div>\n\n\n\n<div class=\"wp-block-column has-tertiary-background-color has-background is-layout-flow wp-block-column-is-layout-flow\" style=\"padding-top:1.5rem;padding-right:1.5rem;padding-bottom:1.5rem;padding-left:1.5rem\">\n<h3 class=\"wp-block-heading\" style=\"font-size:clamp(14px, 0.875rem + ((1vw - 3.2px) * 0.625), 20px);line-height:1.5\">Muzi\u010dka teorija<\/h3>\n\n\n\n<p class=\"has-small-font-size\" style=\"margin-top:8px\">Nau\u010di o muzi\u010dkim intervalima, skalama, akordima, muzi\u010dkoj harmoniji i oblicima kroz interaktivne note<\/p>\n<\/div>\n<\/div>\n<\/div>","protected":false},"excerpt":{"rendered":"<p>Explore Our Amazing Features Discover interaction notes featuring guitar, piano, violin, vocal, ear training-singing and music theory Guitar Explore interactive notes featuring popular and classical guitar compositions Piano Explore interactive notes featuring popular and classical compositions for piano Violin Explore interactive notes featuring popular and classical compositions for violin Vocal Explore interactive notes featuring popular [&hellip;]<\/p>\n","protected":false},"author":1,"featured_media":0,"parent":0,"menu_order":0,"comment_status":"closed","ping_status":"closed","template":"","meta":{"footnotes":""},"class_list":["post-642","page","type-page","status-publish","hentry"],"aioseo_notices":[],"_links":{"self":[{"href":"https:\/\/www.learn-music-online.com\/sr\/wp-json\/wp\/v2\/pages\/642","targetHints":{"allow":["GET"]}}],"collection":[{"href":"https:\/\/www.learn-music-online.com\/sr\/wp-json\/wp\/v2\/pages"}],"about":[{"href":"https:\/\/www.learn-music-online.com\/sr\/wp-json\/wp\/v2\/types\/page"}],"author":[{"embeddable":true,"href":"https:\/\/www.learn-music-online.com\/sr\/wp-json\/wp\/v2\/users\/1"}],"replies":[{"embeddable":true,"href":"https:\/\/www.learn-music-online.com\/sr\/wp-json\/wp\/v2\/comments?post=642"}],"version-history":[{"count":4,"href":"https:\/\/www.learn-music-online.com\/sr\/wp-json\/wp\/v2\/pages\/642\/revisions"}],"predecessor-version":[{"id":685,"href":"https:\/\/www.learn-music-online.com\/sr\/wp-json\/wp\/v2\/pages\/642\/revisions\/685"}],"wp:attachment":[{"href":"https:\/\/www.learn-music-online.com\/sr\/wp-json\/wp\/v2\/media?parent=642"}],"curies":[{"name":"wp","href":"https:\/\/api.w.org\/{rel}","templated":true}]}}