{"id":593,"date":"2025-01-10T17:08:43","date_gmt":"2025-01-10T17:08:43","guid":{"rendered":"https:\/\/www.learn-music-online.com\/?page_id=593"},"modified":"2025-08-18T22:58:12","modified_gmt":"2025-08-18T20:58:12","slug":"elementary-school-guitar-grade-1-interactive-notes","status":"publish","type":"page","link":"https:\/\/www.learn-music-online.com\/sr\/elementary-school-guitar-grade-1-interactive-notes\/","title":{"rendered":"Elementary School-Guitar-Grade 1-interactive notes"},"content":{"rendered":"<div class=\"wp-block-group alignfull has-background-background-color has-background has-global-padding is-layout-constrained wp-container-core-group-is-layout-254d6575 wp-block-group-is-layout-constrained\" style=\"margin-top:0;margin-bottom:0;padding-top:var(--wp--preset--spacing--60);padding-right:var(--wp--preset--spacing--30);padding-bottom:var(--wp--preset--spacing--60);padding-left:var(--wp--preset--spacing--30)\">\n<div class=\"wp-block-group alignwide has-global-padding is-content-justification-center is-layout-constrained wp-block-group-is-layout-constrained\" style=\"margin-bottom:var(--wp--preset--spacing--50)\">\n<h2 class=\"wp-block-heading has-text-align-left\">Osnovna muzi\u010dka \u0161kola - 1. razred - interaktivne note<\/h2>\n\n\n\n<p class=\"has-text-align-left has-medium-font-size\" style=\"margin-top:16px\">Preporu\u010dene interaktivne note predvi\u0111ene za prvu godinu u\u010denja klasi\u010dne gitare<\/p>\n<\/div>\n\n\n\n<div class=\"wp-block-columns alignwide is-layout-flex wp-container-core-columns-is-layout-87beb0d0 wp-block-columns-is-layout-flex\">\n<div class=\"wp-block-column is-layout-flow wp-block-column-is-layout-flow\">\n<div class=\"wp-block-columns are-vertically-aligned-center is-not-stacked-on-mobile has-tertiary-background-color has-background is-layout-flex wp-container-core-columns-is-layout-7d46f22e wp-block-columns-is-layout-flex\" style=\"border-radius:1rem;padding-top:20px;padding-right:20px;padding-bottom:20px;padding-left:20px\">\n<div class=\"wp-block-column is-vertically-aligned-center is-layout-flow wp-block-column-is-layout-flow\" style=\"flex-basis:66.66%\">\n<div class=\"wp-block-group is-content-justification-space-between is-layout-flex wp-container-core-group-is-layout-cba2a4a7 wp-block-group-is-layout-flex\">\n<h3 class=\"wp-block-heading has-text-align-left\" style=\"font-size:clamp(14px, 0.875rem + ((1vw - 3.2px) * 0.625), 20px);line-height:1.5\"><a href=\"https:\/\/www.learn-music-online.com\/sr\/valcer-u-c-duru-gitara-notes\/\" target=\"_blank\" rel=\"noopener\" title=\"\">Valcer u C-duru od F. Karulija<\/a><\/h3>\n\n\n\n<p class=\"has-small-font-size\" style=\"margin-top:12px\">Nau\u010di gde se koja nota svira u Valceru u C-duru od Ferdinanda Karulija<\/p>\n<\/div>\n<\/div>\n<\/div>\n<\/div>\n\n\n\n<div class=\"wp-block-column is-layout-flow wp-block-column-is-layout-flow\">\n<div class=\"wp-block-columns are-vertically-aligned-center is-not-stacked-on-mobile has-tertiary-background-color has-background is-layout-flex wp-container-core-columns-is-layout-7d46f22e wp-block-columns-is-layout-flex\" style=\"border-radius:1rem;padding-top:20px;padding-right:20px;padding-bottom:20px;padding-left:20px\">\n<div class=\"wp-block-column is-vertically-aligned-center is-layout-flow wp-block-column-is-layout-flow\" style=\"flex-basis:66.66%\">\n<div class=\"wp-block-group is-content-justification-space-between is-layout-flex wp-container-core-group-is-layout-cba2a4a7 wp-block-group-is-layout-flex\">\n<h3 class=\"wp-block-heading\" style=\"font-size:clamp(14px, 0.875rem + ((1vw - 3.2px) * 0.625), 20px);line-height:1.5\"><a href=\"https:\/\/www.learn-music-online.com\/sr\/ricerkar-gitara-note\/\" target=\"_blank\" rel=\"noopener\" title=\"\">Ri\u010derkar od F. Bosanca<\/a><\/h3>\n<\/div>\n\n\n\n<p class=\"has-small-font-size\" style=\"margin-top:12px\">Nau\u010di gde se koja nota svira u Ri\u010derkaru od Franje Bosanca<\/p>\n<\/div>\n<\/div>\n<\/div>\n<\/div>\n\n\n\n<div class=\"wp-block-columns alignwide is-layout-flex wp-container-core-columns-is-layout-87beb0d0 wp-block-columns-is-layout-flex\">\n<div class=\"wp-block-column is-layout-flow wp-block-column-is-layout-flow\">\n<div class=\"wp-block-columns are-vertically-aligned-center is-not-stacked-on-mobile has-tertiary-background-color has-background is-layout-flex wp-container-core-columns-is-layout-7509c3d7 wp-block-columns-is-layout-flex\" style=\"border-radius:1rem;padding-top:20px;padding-right:20px;padding-bottom:20px;padding-left:20px\">\n<div class=\"wp-block-column is-vertically-aligned-center is-layout-flow wp-block-column-is-layout-flow\" style=\"flex-basis:66.66%\">\n<div class=\"wp-block-group is-content-justification-space-between is-layout-flex wp-container-core-group-is-layout-cba2a4a7 wp-block-group-is-layout-flex\">\n<h3 class=\"wp-block-heading\" style=\"font-size:clamp(14px, 0.875rem + ((1vw - 3.2px) * 0.625), 20px);line-height:1.5\"><a href=\"https:\/\/www.learn-music-online.com\/sr\/napoleonov-plac-gitara-note\/\" target=\"_blank\" rel=\"noopener\" title=\"\">Napoleonov pla\u010d od J. Sabo<\/a><\/h3>\n<\/div>\n\n\n\n<p class=\"has-small-font-size\" style=\"margin-top:12px\">Nau\u010di gde se koja nota svira u Napoleonovom pla\u010du od Josipa Sabo<\/p>\n<\/div>\n<\/div>\n<\/div>\n\n\n\n<div class=\"wp-block-column is-layout-flow wp-block-column-is-layout-flow\">\n<div class=\"wp-block-columns are-vertically-aligned-center is-not-stacked-on-mobile has-tertiary-background-color has-background is-layout-flex wp-container-core-columns-is-layout-621e7bb3 wp-block-columns-is-layout-flex\" style=\"border-radius:1rem;padding-top:20px;padding-right:20px;padding-bottom:20px;padding-left:20px\">\n<div class=\"wp-block-column is-vertically-aligned-center is-layout-flow wp-block-column-is-layout-flow\" style=\"flex-basis:66.66%\">\n<div class=\"wp-block-group is-content-justification-space-between is-layout-flex wp-container-core-group-is-layout-cba2a4a7 wp-block-group-is-layout-flex\">\n<h3 class=\"wp-block-heading\" style=\"font-size:clamp(14px, 0.875rem + ((1vw - 3.2px) * 0.625), 20px);line-height:1.5\"><a href=\"https:\/\/www.learn-music-online.com\/sr\/speak-softly-love-gitara-note\/\" target=\"_blank\" rel=\"noopener\" title=\"\">Speak Softly Love od N. Rota<\/a><\/h3>\n<\/div>\n\n\n\n<p class=\"has-small-font-size\" style=\"margin-top:12px\">Nau\u010di gde se koja nota svira u Speak Softly Love od Nino Rota<\/p>\n<\/div>\n<\/div>\n<\/div>\n<\/div>\n<\/div>","protected":false},"excerpt":{"rendered":"<p>Elementary School of Guitar &#8211; Grade 1 &#8211; interactive notes Recommended interactive notes for the First Year of Learning Classical Guitar Valse in C-major by F. Carulli Learn where each note is played in Valse in C-major by Ferdinando Carulli Ricercar by F. Bossinensis Learn where each note is played in Ricercar by Franciscus Bossinensis [&hellip;]<\/p>\n","protected":false},"author":1,"featured_media":0,"parent":0,"menu_order":0,"comment_status":"closed","ping_status":"closed","template":"","meta":{"footnotes":""},"class_list":["post-593","page","type-page","status-publish","hentry"],"aioseo_notices":[],"_links":{"self":[{"href":"https:\/\/www.learn-music-online.com\/sr\/wp-json\/wp\/v2\/pages\/593","targetHints":{"allow":["GET"]}}],"collection":[{"href":"https:\/\/www.learn-music-online.com\/sr\/wp-json\/wp\/v2\/pages"}],"about":[{"href":"https:\/\/www.learn-music-online.com\/sr\/wp-json\/wp\/v2\/types\/page"}],"author":[{"embeddable":true,"href":"https:\/\/www.learn-music-online.com\/sr\/wp-json\/wp\/v2\/users\/1"}],"replies":[{"embeddable":true,"href":"https:\/\/www.learn-music-online.com\/sr\/wp-json\/wp\/v2\/comments?post=593"}],"version-history":[{"count":10,"href":"https:\/\/www.learn-music-online.com\/sr\/wp-json\/wp\/v2\/pages\/593\/revisions"}],"predecessor-version":[{"id":1559,"href":"https:\/\/www.learn-music-online.com\/sr\/wp-json\/wp\/v2\/pages\/593\/revisions\/1559"}],"wp:attachment":[{"href":"https:\/\/www.learn-music-online.com\/sr\/wp-json\/wp\/v2\/media?parent=593"}],"curies":[{"name":"wp","href":"https:\/\/api.w.org\/{rel}","templated":true}]}}