{"id":506,"date":"2025-01-05T09:41:02","date_gmt":"2025-01-05T09:41:02","guid":{"rendered":"https:\/\/www.learn-music-online.com\/?page_id=506"},"modified":"2026-02-05T12:19:22","modified_gmt":"2026-02-05T10:19:22","slug":"lesson-no-3-guitar","status":"publish","type":"page","link":"https:\/\/www.learn-music-online.com\/sr\/lesson-no-3-guitar\/","title":{"rendered":"Lesson no. 3-guitar"},"content":{"rendered":"<div class=\"wp-block-group alignfull has-global-padding is-layout-constrained wp-block-group-is-layout-constrained\">\n<div class=\"wp-block-group alignfull has-background-background-color has-background has-global-padding is-layout-constrained wp-container-core-group-is-layout-4cbe4a69 wp-block-group-is-layout-constrained\" style=\"padding-top:var(--wp--preset--spacing--30);padding-bottom:var(--wp--preset--spacing--60)\">\n<div class=\"wp-block-columns alignwide are-vertically-aligned-center has-tertiary-background-color has-background is-layout-flex wp-container-core-columns-is-layout-103b4147 wp-block-columns-is-layout-flex\" style=\"border-top-left-radius:1rem;border-top-right-radius:1rem;border-bottom-left-radius:1rem;border-bottom-right-radius:10rem;padding-top:var(--wp--preset--spacing--60);padding-right:var(--wp--preset--spacing--50);padding-bottom:var(--wp--preset--spacing--60);padding-left:var(--wp--preset--spacing--50)\">\n<div class=\"wp-block-column is-vertically-aligned-center is-layout-flow wp-block-column-is-layout-flow\">\n<div class=\"wp-block-group has-global-padding is-content-justification-left is-layout-constrained wp-container-core-group-is-layout-12dd3699 wp-block-group-is-layout-constrained\">\n<h1 class=\"wp-block-heading has-text-align-left\"><mark style=\"background-color:rgba(0, 0, 0, 0);color:#93278f\" class=\"has-inline-color\">Ve\u017eba br. 3<\/mark><\/h1>\n\n\n\n<p class=\"has-text-align-left\" style=\"margin-top:16px\"><strong><em><mark style=\"background-color:rgba(0, 0, 0, 0);color:#93278f\" class=\"has-inline-color\">Komande glasom:<\/mark><\/em><\/strong><br><strong><em>&#8220;Start&#8221;<\/em><\/strong> ili <strong><em>\"Kreni\"<\/em><\/strong> - video po\u010dinje sa stajanjem na svakom taktu (default)\nili svakoj grupi taktova \u0161to se pode\u0161ava sa slede\u0107im opcijama:<br><strong><em>&#8220;Stop&#8221;<\/em><\/strong> - zaustavlja video<br><strong><em>\"Priprema\"<\/em><\/strong> - pode\u0161avanje du\u017eine pripreme pre nego \u0161to video krene automatski<br><strong><em>\"Du\u017eina zaustavljanja\"<\/em><\/strong> - pode\u0161avanje du\u017eine izme\u0111u zaustavljanja (blokova)<br><strong><em>&#8220;Minus&#8221;<\/em><\/strong> &lt;=> <strong><em>&#8220;Plus&#8221;<\/em><\/strong> - jedan blok taktova unazad\/unapred<br><strong><em>\"Jedan takt unazad\"<\/em><\/strong> &lt;=> <strong><em>\"Jedan takt unapred\"<\/em><\/strong><br><strong><em>\"Dva takta unazad\"<\/em><\/strong> &lt;=> <strong><em>\"Dva takta unapred\"<\/em><\/strong><br><strong><em>\"Ponavljaj taktove\"<\/em><\/strong> &lt;=> <strong><em>\"Zaustavi ponavljanje\"<\/em><\/strong><br><strong><em>&#8220;Start&#8221;<\/em><\/strong> ili <strong><em>\"Kreni\"<\/em><\/strong> - ponavlja taktove od po\u010detka petlje<br><em><strong>\"Kreni bez zaustavljanja\"<\/strong><\/em> \/ <em><strong>\"Po\u010dni od po\u010detka\"<\/strong><\/em><br><em><strong>\u201cBrzina\u201d<\/strong><\/em> - pode\u0161avanje brzine<\/p>\n\n\n\n<p><strong><em><mark style=\"background-color:rgba(0, 0, 0, 0);color:#93278f\" class=\"has-inline-color\">Komande na tastaturi - pre\u010dice:<\/mark><\/em><\/strong><br><strong><em>&#8220;K&#8221;<\/em><\/strong> - video po\u010dinje sa stajanjem na svakom taktu (default)\nili svakoj grupi taktova \u0161to se pode\u0161ava sa slede\u0107im opcijama:<br><strong><em>&#8220;S&#8221;<\/em><\/strong> - zaustavlja video<br><strong><em>&#8220;H&#8221;<\/em><\/strong> - pode\u0161avanje du\u017eine pripreme pre nego \u0161to video krene automatski<br><strong><em>&#8220;D&#8221;<\/em><\/strong> - pode\u0161avanje du\u017eine izme\u0111u zaustavljanja (blokova)<br><strong><em>&#8220;-&#8220;<\/em><\/strong> &lt;=> <strong><em>&#8220;+&#8221;<\/em><\/strong> - jedan blok taktova unazad\/unapred<br><strong><em>&#8220;T&#8221;<\/em><\/strong> - jedan takt unazad - <strong><em>&#8220;I&#8221;<\/em><\/strong> - jedan takt unapred<br><strong><em>&#8220;E&#8221;<\/em><\/strong> - dva takta unazad - <strong><em>&#8220;P&#8221;<\/em><\/strong> - dva takta unapred<br><strong><em>&#8220;M&#8221;<\/em><\/strong> - ponavljanje taktova\u00a0- <strong><em>&#8220;B&#8221;<\/em><\/strong> - zaustavlja ponavljanje<br><strong><em>&#8220;K&#8221;<\/em><\/strong> - ponavlja taktove od po\u010detka petlje<br><em><strong>&#8220;X&#8221;<\/strong><\/em> - video kre\u0107e bez zaustavljanja\u00a0\/ <em><strong>&#8220;Q&#8221;<\/strong><\/em> - video po\u010dinje od po\u010detka<br><em><strong>&#8220;C&#8221;<\/strong><\/em> - pode\u0161avanje brzine<\/p>\n<\/div>\n<\/div>\n\n\n\n<div class=\"wp-block-column is-vertically-aligned-center is-layout-flow wp-block-column-is-layout-flow\" style=\"flex-basis:30%\">\n<p class=\"has-text-align-center\">Klikni na sliku da vidi\u0161 i preuzme\u0161 PDF<\/p>\n\n\n\n<figure class=\"wp-block-image size-large has-custom-border is-style-default\"><a href=\"https:\/\/www.learn-music-online.com\/wp-content\/uploads\/protectedfiles\/Lesson-no-3-music-on-line-com.pdf\" target=\"_blank\" rel=\" noreferrer noopener\"><img loading=\"lazy\" decoding=\"async\" width=\"1024\" height=\"570\" src=\"https:\/\/www.learn-music-online.com\/wp-content\/uploads\/2024\/12\/Vezba-br.3-1024x570.jpg\" alt=\"\" class=\"wp-image-145\" style=\"border-radius:20rem;aspect-ratio:16\/9;object-fit:cover\" srcset=\"https:\/\/www.learn-music-online.com\/wp-content\/uploads\/2024\/12\/Vezba-br.3-1024x570.jpg 1024w, https:\/\/www.learn-music-online.com\/wp-content\/uploads\/2024\/12\/Vezba-br.3-300x167.jpg 300w, https:\/\/www.learn-music-online.com\/wp-content\/uploads\/2024\/12\/Vezba-br.3-768x428.jpg 768w, https:\/\/www.learn-music-online.com\/wp-content\/uploads\/2024\/12\/Vezba-br.3.jpg 1280w\" sizes=\"auto, (max-width: 1024px) 100vw, 1024px\" \/><\/a><\/figure>\n<\/div>\n<\/div>\n\n\n\n<div class=\"wp-block-group has-global-padding is-layout-constrained wp-block-group-is-layout-constrained\">\n<p class=\"has-text-align-center has-medium-font-size\" style=\"border-width:1px;border-radius:10px;margin-top:var(--wp--preset--spacing--30);margin-bottom:var(--wp--preset--spacing--30)\"><strong><em><mark style=\"background-color:rgba(0, 0, 0, 0);color:#93278f\" class=\"has-inline-color\">Prijatno ve\u017ebanje<\/mark><\/em><\/strong><\/p>\n<\/div>\n<\/div>\n\n\n\n<div class=\"wp-block-group has-global-padding is-layout-constrained wp-block-group-is-layout-constrained\">\n<div class=\"wp-block-group has-global-padding is-layout-constrained wp-block-group-is-layout-constrained\"><div class=\"video-container\" id=\"videoContainer\">\r\n    <video\r\n        id=\"my-video\"\r\n        class=\"video-js\"\r\n        playsinline\r\n webkit-playsinline\r\n tabindex=\"0\"\r\n        preload=\"auto\"\r\n        width=\"800\"\r\n        height=\"600\"\r\n        data-setup=\"{}\"\r\n    >\r\n        <source src=\"https:\/\/www.learn-music-online.com\/wp-content\/uploads\/2024\/12\/Vezba-br.3.mp4\" \r\n                type=\"video\/mp4\">\r\n    <\/video>\r\n\r\n    <input id=\"mosTimeline\" class=\"mos-timeline\" type=\"range\" min=\"0\" max=\"1000\" value=\"0\" step=\"1\" aria-label=\"Timeline\">\r\n\r\n    <button id=\"button\">Klikni za po\u010detak interakcije<\/button>\r\n    <button id=\"voiceToggle\">Voice: ON<\/button>\r\n\r\n    <div class=\"overlay-controls\">\r\n        <button id=\"Play\">K<\/button>\r\n        <button id=\"Stop\">S<\/button>\r\n        <button id=\"Preparation\">H<\/button>\r\n        <button id=\"BarsBetweenStops\">D<\/button>\r\n        <button id=\"Minus\">-<\/button>\r\n        <button id=\"Plus\">+<\/button>\r\n        <button id=\"OneBarBack\">T<\/button>\r\n        <button id=\"OneBarAhead\">I<\/button>\r\n        <button id=\"TwoBarsBack\">E<\/button>\r\n        <button id=\"TwoBarsForward\">P<\/button>\r\n        <button id=\"RepeatBars\">M<\/button>\r\n        <button id=\"StopRepeating\">B<\/button>\r\n        <button id=\"PlayWithoutStopping\">X<\/button>\r\n        <button id=\"StartFromBeginning\">Q<\/button>\r\n        <button id=\"SetSpeed\">Brzina<\/button>\r\n    <\/div>\r\n<\/div>\r\n\r\n<!-- Android tip (shown once, then again after 30 days) -->\r\n<div id=\"mos-android-tip\" class=\"mos-android-tip\" style=\"display:none;\" role=\"status\" aria-live=\"polite\">\r\n  <div class=\"mos-android-tip__box\">\r\n    <div class=\"mos-android-tip__title\">Android notice<\/div>\r\n    <div class=\"mos-android-tip__text\">\r\n      Isklju\u010dite obave\u0161tenja u pode\u0161avanjima ure\u0111aja i po potrebi osve\u017eite stranicu kako biste imali bolje iskustvo sa glasovnim komandama.\r\n    <\/div>\r\n    <button type=\"button\" id=\"mos-android-tip-ok\" class=\"mos-android-tip__btn\">OK<\/button>\r\n  <\/div>\r\n<\/div>\r\n\r\n<!-- Voice notice (shown when voice\/Annyang is not available) -->\r\n<div id=\"mos-voice-note\" class=\"mos-voice-note\" style=\"display:none;\" role=\"status\" aria-live=\"polite\">\r\n  <div class=\"mos-voice-note__box\">\r\n    <div class=\"mos-voice-note__title\">Voice notice<\/div>\r\n    <div class=\"mos-voice-note__text\">\r\n      Glasovne komande ovde nisu podr\u017eane. Koristite Google Chrome uz aktivan mikrofon na Windows-u, macOS-u ili Android-u.\r\n    <\/div>\r\n    <button type=\"button\" id=\"mos-voice-note-ok\" class=\"mos-voice-note__btn\">OK<\/button>\r\n  <\/div>\r\n<\/div>\r\n\n\n\n\n<\/div>\n<\/div>\n<\/div>","protected":false},"excerpt":{"rendered":"<p>Lesson no. 3 Voice Commands:&#8220;Start&#8221; or &#8220;Play&#8221; &#8211; Begin the video with a stop at each bar (default) or at each bar group, adjustable with the following options:&#8220;Stop&#8221; &#8211; Stops video&#8220;Preparation&#8221; &#8211; Set the time of preparation before the video automatically starts&#8220;Bars Between Stops&#8221; &#8211; Set the duration between stops (blocks)&#8220;Minus&#8221; &lt;=> &#8220;Plus&#8221; &#8211; Move [&hellip;]<\/p>\n","protected":false},"author":1,"featured_media":0,"parent":0,"menu_order":0,"comment_status":"closed","ping_status":"closed","template":"","meta":{"footnotes":""},"class_list":["post-506","page","type-page","status-publish","hentry"],"aioseo_notices":[],"_links":{"self":[{"href":"https:\/\/www.learn-music-online.com\/sr\/wp-json\/wp\/v2\/pages\/506","targetHints":{"allow":["GET"]}}],"collection":[{"href":"https:\/\/www.learn-music-online.com\/sr\/wp-json\/wp\/v2\/pages"}],"about":[{"href":"https:\/\/www.learn-music-online.com\/sr\/wp-json\/wp\/v2\/types\/page"}],"author":[{"embeddable":true,"href":"https:\/\/www.learn-music-online.com\/sr\/wp-json\/wp\/v2\/users\/1"}],"replies":[{"embeddable":true,"href":"https:\/\/www.learn-music-online.com\/sr\/wp-json\/wp\/v2\/comments?post=506"}],"version-history":[{"count":6,"href":"https:\/\/www.learn-music-online.com\/sr\/wp-json\/wp\/v2\/pages\/506\/revisions"}],"predecessor-version":[{"id":2545,"href":"https:\/\/www.learn-music-online.com\/sr\/wp-json\/wp\/v2\/pages\/506\/revisions\/2545"}],"wp:attachment":[{"href":"https:\/\/www.learn-music-online.com\/sr\/wp-json\/wp\/v2\/media?parent=506"}],"curies":[{"name":"wp","href":"https:\/\/api.w.org\/{rel}","templated":true}]}}