{"id":435,"date":"2025-01-03T17:46:58","date_gmt":"2025-01-03T17:46:58","guid":{"rendered":"https:\/\/www.learn-music-online.com\/?page_id=435"},"modified":"2026-03-21T12:00:06","modified_gmt":"2026-03-21T10:00:06","slug":"popular-folk-music-guitar","status":"publish","type":"page","link":"https:\/\/www.learn-music-online.com\/sr\/popular-folk-music-guitar\/","title":{"rendered":"Popular and Folk music for guitar"},"content":{"rendered":"<div class=\"wp-block-group alignfull has-background-background-color has-background has-global-padding is-layout-constrained wp-container-core-group-is-layout-68d5e5bb wp-block-group-is-layout-constrained\" style=\"margin-top:0;margin-bottom:0;padding-top:var(--wp--preset--spacing--50);padding-right:var(--wp--preset--spacing--30);padding-bottom:var(--wp--preset--spacing--60);padding-left:var(--wp--preset--spacing--30)\">\n<div class=\"wp-block-group alignwide has-global-padding is-content-justification-left is-layout-constrained wp-container-core-group-is-layout-12dd3699 wp-block-group-is-layout-constrained\">\n<h2 class=\"wp-block-heading has-large-font-size\">Popularna i narodna muzika za gitaru<\/h2>\n\n\n\n<p style=\"margin-top:16px\">Istra\u017ei aran\u017emane popularne i narodne muzike za gitaru podeljene po te\u017eini na tri nivoa.<\/p>\n<\/div>\n\n\n\n<div class=\"wp-block-columns alignwide is-layout-flex wp-container-core-columns-is-layout-87beb0d0 wp-block-columns-is-layout-flex\">\n<div class=\"wp-block-column has-tertiary-background-color has-background is-layout-flow wp-block-column-is-layout-flow\" style=\"padding-top:1.5rem;padding-right:1.5rem;padding-bottom:1.5rem;padding-left:1.5rem\">\n<h3 class=\"wp-block-heading\" style=\"font-size:clamp(14px, 0.875rem + ((1vw - 3.2px) * 0.625), 20px);line-height:1.5\"><a href=\"https:\/\/www.learn-music-online.com\/sr\/popular-folk-music-guitar-beginner-level\/\" title=\"\">Po\u010detni nivo<\/a><\/h3>\n\n\n\n<p class=\"has-small-font-size\" style=\"margin-top:8px\">Preporu\u010dene video lekcije za po\u010detnike u u\u010denju gitare<\/p>\n<\/div>\n\n\n\n<div class=\"wp-block-column has-tertiary-background-color has-background is-layout-flow wp-block-column-is-layout-flow\" style=\"padding-top:1.5rem;padding-right:1.5rem;padding-bottom:1.5rem;padding-left:1.5rem\">\n<h3 class=\"wp-block-heading\" style=\"font-size:clamp(14px, 0.875rem + ((1vw - 3.2px) * 0.625), 20px);line-height:1.5\"><a href=\"https:\/\/www.learn-music-online.com\/sr\/popular-folk-music-guitar-intermediate-level\/\" title=\"\">Srednji nivo<\/a><\/h3>\n\n\n\n<p class=\"has-small-font-size\" style=\"margin-top:8px\">Preporu\u010dene video lekcije za u\u010denje gitare na srednjem nivou.<\/p>\n<\/div>\n\n\n\n<div class=\"wp-block-column has-tertiary-background-color has-background is-layout-flow wp-block-column-is-layout-flow\" style=\"padding-top:1.5rem;padding-right:1.5rem;padding-bottom:1.5rem;padding-left:1.5rem\">\n<h3 class=\"wp-block-heading\" style=\"font-size:clamp(14px, 0.875rem + ((1vw - 3.2px) * 0.625), 20px);line-height:1.5\"><a href=\"https:\/\/www.learn-music-online.com\/sr\/popular-folk-music-guitar-advanced-level\/\" title=\"\">Advanced-level<\/a><\/h3>\n\n\n\n<p class=\"has-small-font-size\" style=\"margin-top:8px\">Preporu\u010dene video lekcije u\u010denje gitare na naprednom nivou.<\/p>\n<\/div>\n<\/div>\n\n\n\n<div class=\"wp-block-columns alignwide is-layout-flex wp-container-core-columns-is-layout-87beb0d0 wp-block-columns-is-layout-flex\">\n<div class=\"wp-block-column has-tertiary-background-color has-background is-layout-flow wp-block-column-is-layout-flow\" style=\"padding-top:1.5rem;padding-right:1.5rem;padding-bottom:1.5rem;padding-left:1.5rem\">\n<h3 class=\"wp-block-heading\" style=\"font-size:clamp(14px, 0.875rem + ((1vw - 3.2px) * 0.625), 20px);line-height:1.5\"><a href=\"https:\/\/www.learn-music-online.com\/sr\/rockschool-debut-grade-guitar\/\" title=\"\">Rok-\u0161kola - Po\u010detni nivo<\/a><\/h3>\n\n\n\n<p class=\"has-small-font-size\" style=\"margin-top:8px\">Preporu\u010dene video lekcije za po\u010detni nivo u\u010denja gitare<\/p>\n<\/div>\n\n\n\n<div class=\"wp-block-column has-tertiary-background-color has-background is-layout-flow wp-block-column-is-layout-flow\" style=\"padding-top:1.5rem;padding-right:1.5rem;padding-bottom:1.5rem;padding-left:1.5rem\">\n<h3 class=\"wp-block-heading\" style=\"font-size:clamp(14px, 0.875rem + ((1vw - 3.2px) * 0.625), 20px);line-height:1.5\"><a href=\"https:\/\/www.learn-music-online.com\/sr\/rockschool-grade-1-guitar\/\" title=\"\">Rok-\u0161kola - Nivo 1<\/a><\/h3>\n\n\n\n<p class=\"has-small-font-size\" style=\"margin-top:8px\">Preporu\u010dene video lekcije za prvi nivo u\u010denja gitare<\/p>\n<\/div>\n\n\n\n<div class=\"wp-block-column has-tertiary-background-color has-background is-layout-flow wp-block-column-is-layout-flow\" style=\"padding-top:1.5rem;padding-right:1.5rem;padding-bottom:1.5rem;padding-left:1.5rem\">\n<p>Rok-\u0161kola - Nivo 2<\/p>\n\n\n\n<p class=\"has-small-font-size\" style=\"margin-top:8px\">Preporu\u010dene video lekcije za drugi nivo u\u010denja gitare<\/p>\n<\/div>\n<\/div>\n<\/div>","protected":false},"excerpt":{"rendered":"<p>Popular and Folk music for the guitar Explore arrangements of popular and folk music for guitar categorized by difficulty into three levels. Beginner-level Recommended video lessons for beginners learning guitar Intermediate-level Recommended video lessons for intermediate guitar learning Advanced-level Recommended video lessons for advanced guitar learning Rockschool-Debut Grade Recommended video lessons for Debut Grade of [&hellip;]<\/p>\n","protected":false},"author":1,"featured_media":0,"parent":0,"menu_order":0,"comment_status":"closed","ping_status":"closed","template":"","meta":{"footnotes":""},"class_list":["post-435","page","type-page","status-publish","hentry"],"aioseo_notices":[],"_links":{"self":[{"href":"https:\/\/www.learn-music-online.com\/sr\/wp-json\/wp\/v2\/pages\/435","targetHints":{"allow":["GET"]}}],"collection":[{"href":"https:\/\/www.learn-music-online.com\/sr\/wp-json\/wp\/v2\/pages"}],"about":[{"href":"https:\/\/www.learn-music-online.com\/sr\/wp-json\/wp\/v2\/types\/page"}],"author":[{"embeddable":true,"href":"https:\/\/www.learn-music-online.com\/sr\/wp-json\/wp\/v2\/users\/1"}],"replies":[{"embeddable":true,"href":"https:\/\/www.learn-music-online.com\/sr\/wp-json\/wp\/v2\/comments?post=435"}],"version-history":[{"count":10,"href":"https:\/\/www.learn-music-online.com\/sr\/wp-json\/wp\/v2\/pages\/435\/revisions"}],"predecessor-version":[{"id":3444,"href":"https:\/\/www.learn-music-online.com\/sr\/wp-json\/wp\/v2\/pages\/435\/revisions\/3444"}],"wp:attachment":[{"href":"https:\/\/www.learn-music-online.com\/sr\/wp-json\/wp\/v2\/media?parent=435"}],"curies":[{"name":"wp","href":"https:\/\/api.w.org\/{rel}","templated":true}]}}