{"id":3493,"date":"2026-04-04T12:25:49","date_gmt":"2026-04-04T10:25:49","guid":{"rendered":"https:\/\/www.learn-music-online.com\/?page_id=3493"},"modified":"2026-04-04T12:42:50","modified_gmt":"2026-04-04T10:42:50","slug":"teachers-piano-library-elementary-music-school","status":"publish","type":"page","link":"https:\/\/www.learn-music-online.com\/sr\/teachers-piano-library-elementary-music-school\/","title":{"rendered":"Teachers Piano Library for Elementary Music School"},"content":{"rendered":"<div class=\"wp-block-group alignfull has-background-background-color has-background has-global-padding is-layout-constrained wp-container-core-group-is-layout-68d5e5bb wp-block-group-is-layout-constrained\" style=\"margin-top:0;margin-bottom:0;padding-top:var(--wp--preset--spacing--50);padding-right:var(--wp--preset--spacing--30);padding-bottom:var(--wp--preset--spacing--60);padding-left:var(--wp--preset--spacing--30)\">\n<div class=\"wp-block-group alignwide has-tertiary-background-color has-background has-global-padding is-layout-constrained wp-container-core-group-is-layout-056f53c0 wp-block-group-is-layout-constrained\" style=\"border-radius:1.5rem;padding-top:var(--wp--preset--spacing--40);padding-right:var(--wp--preset--spacing--40);padding-bottom:var(--wp--preset--spacing--40);padding-left:var(--wp--preset--spacing--40)\">\n<div class=\"wp-block-group alignwide has-global-padding is-content-justification-left is-layout-constrained wp-container-core-group-is-layout-12dd3699 wp-block-group-is-layout-constrained\">\n<h2 class=\"wp-block-heading\" style=\"margin-top:12px\">Piano Library for Teaching in Elementary Music School<\/h2>\n\n\n\n<p class=\"has-medium-font-size\" style=\"margin-top:16px\">Recommended Video Lessons for Teaching the First Six Years of Piano Study<\/p>\n<\/div>\n\n\n\n<div class=\"wp-block-columns alignwide is-layout-flex wp-container-core-columns-is-layout-47c06fe3 wp-block-columns-is-layout-flex\">\n<div class=\"wp-block-column is-layout-flow wp-block-column-is-layout-flow\">\n<div class=\"wp-block-group has-global-padding is-layout-constrained wp-block-group-is-layout-constrained\">\n<p>1. razred<\/p>\n\n\n\n<p class=\"has-small-font-size\" style=\"margin-top:8px\">Podu\u010davajte kompozicije kao \u0161to su: Valcer u C-duru, Ri\u010derkar, Speak Softly Love\u2026<\/p>\n<\/div>\n\n\n\n<div class=\"wp-block-group has-global-padding is-layout-constrained wp-block-group-is-layout-constrained\">\n<h3 class=\"wp-block-heading\" style=\"font-size:clamp(14px, 0.875rem + ((1vw - 3.2px) * 0.625), 20px);line-height:1.5\"><a href=\"https:\/\/www.learn-music-online.com\/sr\/teachers-library-elementary-piano-school-grade-2\/\" title=\"\">2. razred<\/a><\/h3>\n\n\n\n<p class=\"has-small-font-size\" style=\"margin-top:8px\">Teach compositions such as: Hab ich nur deine Liebe by Franz von Supp\u00e8 or Sonatina by Jacob Schmitt<\/p>\n<\/div>\n<\/div>\n\n\n\n<div class=\"wp-block-column is-layout-flow wp-block-column-is-layout-flow\">\n<div class=\"wp-block-group has-global-padding is-layout-constrained wp-block-group-is-layout-constrained\">\n<h3 class=\"wp-block-heading\" style=\"font-size:clamp(14px, 0.875rem + ((1vw - 3.2px) * 0.625), 20px);line-height:1.5\">3. razred<\/h3>\n\n\n\n<p class=\"has-small-font-size\" style=\"margin-top:8px\">Podu\u010davajte kompozicije kao \u0161to su: \u201eEtida u e-molu\u201c od Tarege i \u201eCaramba! \u2013 Habanera\u201c od Calatajuda.<\/p>\n<\/div>\n\n\n\n<div class=\"wp-block-group has-global-padding is-layout-constrained wp-block-group-is-layout-constrained\">\n<h3 class=\"wp-block-heading\" style=\"font-size:clamp(14px, 0.875rem + ((1vw - 3.2px) * 0.625), 20px);line-height:1.5\">4. razred<\/h3>\n\n\n\n<p class=\"has-small-font-size\" style=\"margin-top:8px\">Podu\u010davajte kompozicije kao \u0161to su: Studio kampanela od Tarege, Romansa-anonimus...<\/p>\n<\/div>\n<\/div>\n\n\n\n<div class=\"wp-block-column is-layout-flow wp-block-column-is-layout-flow\">\n<div class=\"wp-block-group has-global-padding is-layout-constrained wp-block-group-is-layout-constrained\">\n<h3 class=\"wp-block-heading\" style=\"font-size:clamp(14px, 0.875rem + ((1vw - 3.2px) * 0.625), 20px);line-height:1.5\">5. razred<\/h3>\n\n\n\n<p class=\"has-small-font-size\" style=\"margin-top:8px\">Podu\u010davajte kompozicije kao \u0161to su: Valcer \u010doro od kompozitora Klejnjansa, Bahov Bure u e-molu...<\/p>\n\n\n\n<h3 class=\"wp-block-heading\" style=\"font-size:clamp(14px, 0.875rem + ((1vw - 3.2px) * 0.625), 20px);line-height:1.5\">6. razred<\/h3>\n\n\n\n<p class=\"has-small-font-size\" style=\"margin-top:8px\">Podu\u010davajte kompozicije kao \u0161to su: Brodvej no\u0107u od Paradiza, Staru \u0161pansku pesmu od Mozanija itd.<\/p>\n<\/div>\n<\/div>\n<\/div>\n<\/div>\n<\/div>","protected":false},"excerpt":{"rendered":"<p>Piano Library for Teaching in Elementary Music School Recommended Video Lessons for Teaching the First Six Years of Piano Study Grade 1 Teach compositions such as: Valse in C Major, Ricercar, Speak Softly Love\u2026 Grade 2 Teach compositions such as: Hab ich nur deine Liebe by Franz von Supp\u00e8 or Sonatina by Jacob Schmitt Grade [&hellip;]<\/p>\n","protected":false},"author":1,"featured_media":0,"parent":0,"menu_order":0,"comment_status":"closed","ping_status":"closed","template":"","meta":{"footnotes":""},"class_list":["post-3493","page","type-page","status-publish","hentry"],"aioseo_notices":[],"_links":{"self":[{"href":"https:\/\/www.learn-music-online.com\/sr\/wp-json\/wp\/v2\/pages\/3493","targetHints":{"allow":["GET"]}}],"collection":[{"href":"https:\/\/www.learn-music-online.com\/sr\/wp-json\/wp\/v2\/pages"}],"about":[{"href":"https:\/\/www.learn-music-online.com\/sr\/wp-json\/wp\/v2\/types\/page"}],"author":[{"embeddable":true,"href":"https:\/\/www.learn-music-online.com\/sr\/wp-json\/wp\/v2\/users\/1"}],"replies":[{"embeddable":true,"href":"https:\/\/www.learn-music-online.com\/sr\/wp-json\/wp\/v2\/comments?post=3493"}],"version-history":[{"count":3,"href":"https:\/\/www.learn-music-online.com\/sr\/wp-json\/wp\/v2\/pages\/3493\/revisions"}],"predecessor-version":[{"id":3505,"href":"https:\/\/www.learn-music-online.com\/sr\/wp-json\/wp\/v2\/pages\/3493\/revisions\/3505"}],"wp:attachment":[{"href":"https:\/\/www.learn-music-online.com\/sr\/wp-json\/wp\/v2\/media?parent=3493"}],"curies":[{"name":"wp","href":"https:\/\/api.w.org\/{rel}","templated":true}]}}