{"id":3456,"date":"2026-03-22T07:58:16","date_gmt":"2026-03-22T05:58:16","guid":{"rendered":"https:\/\/www.learn-music-online.com\/?page_id=3456"},"modified":"2026-03-22T10:44:09","modified_gmt":"2026-03-22T08:44:09","slug":"teachers-library-rockschool-grade-1-guitar","status":"publish","type":"page","link":"https:\/\/www.learn-music-online.com\/sr\/teachers-library-rockschool-grade-1-guitar\/","title":{"rendered":"Teacher&#8217;s Library with Rockschool Grade 1 for guitar"},"content":{"rendered":"<div class=\"wp-block-group alignwide has-global-padding is-content-justification-left is-layout-constrained wp-container-core-group-is-layout-12dd3699 wp-block-group-is-layout-constrained\">\n<h2 class=\"wp-block-heading has-large-font-size\">Natavni\u010dka biblioteka rok-\u0161kole - nivo 1 za gitaru<\/h2>\n\n\n\n<p style=\"margin-top:16px\">Istra\u017ei interaktivne online video lekcije iz rok-\u0161kole predvi\u0111ene za nivo 1 u\u010denja gitare<\/p>\n<\/div>\n\n\n\n<figure class=\"wp-block-image size-large\"><a href=\"https:\/\/www.learn-music-online.com\/sr\/get-off-rockschool-with-guitar-teacher-page\/\" target=\"_blank\" rel=\" noreferrer noopener\"><img loading=\"lazy\" decoding=\"async\" width=\"1024\" height=\"576\" src=\"https:\/\/www.learn-music-online.com\/wp-content\/uploads\/2026\/03\/Get-Off-for-video-producing-picture-with-guitar-1024x576.jpg\" alt=\"\" class=\"wp-image-3425\" srcset=\"https:\/\/www.learn-music-online.com\/wp-content\/uploads\/2026\/03\/Get-Off-for-video-producing-picture-with-guitar-1024x576.jpg 1024w, https:\/\/www.learn-music-online.com\/wp-content\/uploads\/2026\/03\/Get-Off-for-video-producing-picture-with-guitar-300x169.jpg 300w, https:\/\/www.learn-music-online.com\/wp-content\/uploads\/2026\/03\/Get-Off-for-video-producing-picture-with-guitar-768x432.jpg 768w, https:\/\/www.learn-music-online.com\/wp-content\/uploads\/2026\/03\/Get-Off-for-video-producing-picture-with-guitar-18x10.jpg 18w, https:\/\/www.learn-music-online.com\/wp-content\/uploads\/2026\/03\/Get-Off-for-video-producing-picture-with-guitar.jpg 1279w\" sizes=\"auto, (max-width: 1024px) 100vw, 1024px\" \/><\/a><\/figure>\n\n\n\n<figure class=\"wp-block-image size-large\"><a href=\"https:\/\/www.learn-music-online.com\/sr\/get-off-rockschool-without-guitar-teacher-page\/\" target=\"_blank\" rel=\" noreferrer noopener\"><img loading=\"lazy\" decoding=\"async\" width=\"1024\" height=\"576\" src=\"https:\/\/www.learn-music-online.com\/wp-content\/uploads\/2026\/03\/Get-Off-for-video-producing-picture-without-guitar-1024x576.jpg\" alt=\"\" class=\"wp-image-3426\" srcset=\"https:\/\/www.learn-music-online.com\/wp-content\/uploads\/2026\/03\/Get-Off-for-video-producing-picture-without-guitar-1024x576.jpg 1024w, https:\/\/www.learn-music-online.com\/wp-content\/uploads\/2026\/03\/Get-Off-for-video-producing-picture-without-guitar-300x169.jpg 300w, https:\/\/www.learn-music-online.com\/wp-content\/uploads\/2026\/03\/Get-Off-for-video-producing-picture-without-guitar-768x432.jpg 768w, https:\/\/www.learn-music-online.com\/wp-content\/uploads\/2026\/03\/Get-Off-for-video-producing-picture-without-guitar-18x10.jpg 18w, https:\/\/www.learn-music-online.com\/wp-content\/uploads\/2026\/03\/Get-Off-for-video-producing-picture-without-guitar.jpg 1279w\" sizes=\"auto, (max-width: 1024px) 100vw, 1024px\" \/><\/a><\/figure>","protected":false},"excerpt":{"rendered":"<p>Teacher&#8217;s Library with Rockschool &#8211; Grade 1 for the guitar Explore Online Interactive Video Lessons from Rockschool recommended for Grade 1 of learning guitar<\/p>","protected":false},"author":1,"featured_media":0,"parent":0,"menu_order":0,"comment_status":"closed","ping_status":"closed","template":"","meta":{"footnotes":""},"class_list":["post-3456","page","type-page","status-publish","hentry"],"aioseo_notices":[],"_links":{"self":[{"href":"https:\/\/www.learn-music-online.com\/sr\/wp-json\/wp\/v2\/pages\/3456","targetHints":{"allow":["GET"]}}],"collection":[{"href":"https:\/\/www.learn-music-online.com\/sr\/wp-json\/wp\/v2\/pages"}],"about":[{"href":"https:\/\/www.learn-music-online.com\/sr\/wp-json\/wp\/v2\/types\/page"}],"author":[{"embeddable":true,"href":"https:\/\/www.learn-music-online.com\/sr\/wp-json\/wp\/v2\/users\/1"}],"replies":[{"embeddable":true,"href":"https:\/\/www.learn-music-online.com\/sr\/wp-json\/wp\/v2\/comments?post=3456"}],"version-history":[{"count":3,"href":"https:\/\/www.learn-music-online.com\/sr\/wp-json\/wp\/v2\/pages\/3456\/revisions"}],"predecessor-version":[{"id":3478,"href":"https:\/\/www.learn-music-online.com\/sr\/wp-json\/wp\/v2\/pages\/3456\/revisions\/3478"}],"wp:attachment":[{"href":"https:\/\/www.learn-music-online.com\/sr\/wp-json\/wp\/v2\/media?parent=3456"}],"curies":[{"name":"wp","href":"https:\/\/api.w.org\/{rel}","templated":true}]}}