{"id":3291,"date":"2026-03-10T20:16:06","date_gmt":"2026-03-10T18:16:06","guid":{"rendered":"https:\/\/www.learn-music-online.com\/?page_id=3291"},"modified":"2026-03-11T13:32:09","modified_gmt":"2026-03-11T11:32:09","slug":"teachers-library-popular-folk-music-guitar-beginner-level","status":"publish","type":"page","link":"https:\/\/www.learn-music-online.com\/sr\/teachers-library-popular-folk-music-guitar-beginner-level\/","title":{"rendered":"Teacher&#8217;s Library for Popular and Folk music-guitar beginner level"},"content":{"rendered":"<div class=\"wp-block-group alignwide has-global-padding is-content-justification-left is-layout-constrained wp-container-core-group-is-layout-8b4c372c wp-block-group-is-layout-constrained\">\n<h2 class=\"wp-block-heading has-large-font-size\">Nastavni\u010dka biblioteka sa popularnom i narodnom muzikom za u\u010denje gitare na po\u010detnom nivou<\/h2>\n\n\n\n<p style=\"margin-top:16px\">Preporu\u010dene video lekcije popularne i narodne muzike za po\u010detni nivo u\u010denja gitare.<\/p>\n<\/div>\n\n\n\n<figure class=\"wp-block-image size-large\"><a href=\"https:\/\/www.learn-music-online.com\/sr\/shut-up-and-dance-guitar-beginner-teacher-page\/\" target=\"_blank\" rel=\" noreferrer noopener\"><img loading=\"lazy\" decoding=\"async\" width=\"1024\" height=\"577\" src=\"https:\/\/www.learn-music-online.com\/wp-content\/uploads\/2025\/01\/Shut-Up-And-Dance-beginner-level-picture-1024x577.jpg\" alt=\"\" class=\"wp-image-444\" srcset=\"https:\/\/www.learn-music-online.com\/wp-content\/uploads\/2025\/01\/Shut-Up-And-Dance-beginner-level-picture-1024x577.jpg 1024w, https:\/\/www.learn-music-online.com\/wp-content\/uploads\/2025\/01\/Shut-Up-And-Dance-beginner-level-picture-300x169.jpg 300w, https:\/\/www.learn-music-online.com\/wp-content\/uploads\/2025\/01\/Shut-Up-And-Dance-beginner-level-picture-768x433.jpg 768w, https:\/\/www.learn-music-online.com\/wp-content\/uploads\/2025\/01\/Shut-Up-And-Dance-beginner-level-picture-18x10.jpg 18w, https:\/\/www.learn-music-online.com\/wp-content\/uploads\/2025\/01\/Shut-Up-And-Dance-beginner-level-picture.jpg 1280w\" sizes=\"auto, (max-width: 1024px) 100vw, 1024px\" \/><\/a><\/figure>\n\n\n\n<p><\/p>","protected":false},"excerpt":{"rendered":"<p>Teacher&#8217;s Library with Popular and Folk music for learning guitar at the beginner level Recommended Video Lessons of popular and folk music for beginner level Learning of Guitar<\/p>","protected":false},"author":1,"featured_media":0,"parent":0,"menu_order":0,"comment_status":"closed","ping_status":"closed","template":"","meta":{"footnotes":""},"class_list":["post-3291","page","type-page","status-publish","hentry"],"aioseo_notices":[],"_links":{"self":[{"href":"https:\/\/www.learn-music-online.com\/sr\/wp-json\/wp\/v2\/pages\/3291","targetHints":{"allow":["GET"]}}],"collection":[{"href":"https:\/\/www.learn-music-online.com\/sr\/wp-json\/wp\/v2\/pages"}],"about":[{"href":"https:\/\/www.learn-music-online.com\/sr\/wp-json\/wp\/v2\/types\/page"}],"author":[{"embeddable":true,"href":"https:\/\/www.learn-music-online.com\/sr\/wp-json\/wp\/v2\/users\/1"}],"replies":[{"embeddable":true,"href":"https:\/\/www.learn-music-online.com\/sr\/wp-json\/wp\/v2\/comments?post=3291"}],"version-history":[{"count":5,"href":"https:\/\/www.learn-music-online.com\/sr\/wp-json\/wp\/v2\/pages\/3291\/revisions"}],"predecessor-version":[{"id":3363,"href":"https:\/\/www.learn-music-online.com\/sr\/wp-json\/wp\/v2\/pages\/3291\/revisions\/3363"}],"wp:attachment":[{"href":"https:\/\/www.learn-music-online.com\/sr\/wp-json\/wp\/v2\/media?parent=3291"}],"curies":[{"name":"wp","href":"https:\/\/api.w.org\/{rel}","templated":true}]}}