{"id":2771,"date":"2026-02-19T14:33:00","date_gmt":"2026-02-19T12:33:00","guid":{"rendered":"https:\/\/www.learn-music-online.com\/?page_id=2771"},"modified":"2026-03-10T18:05:08","modified_gmt":"2026-03-10T16:05:08","slug":"teachers-library-rockschool-debut-grade","status":"publish","type":"page","link":"https:\/\/www.learn-music-online.com\/sr\/teachers-library-rockschool-debut-grade\/","title":{"rendered":"Teacher&#8217;s Library with Rockschool Debut Grade for guitar"},"content":{"rendered":"<div class=\"wp-block-group alignwide has-global-padding is-content-justification-left is-layout-constrained wp-container-core-group-is-layout-12dd3699 wp-block-group-is-layout-constrained\">\n<h2 class=\"wp-block-heading has-large-font-size\">Natavni\u010dka biblioteka rok-\u0161kole - po\u010detni nivo za gitaru<\/h2>\n\n\n\n<p style=\"margin-top:16px\">Istra\u017ei interaktivne online video lekcije iz rok-\u0161kole predvi\u0111ene za po\u010detni nivo u\u010denja gitare<\/p>\n<\/div>\n\n\n\n<figure class=\"wp-block-image size-full\"><a href=\"https:\/\/www.learn-music-online.com\/sr\/another-dime-rockschool-with-guitar-teacher-page\/\" target=\"_blank\" rel=\" noreferrer noopener\"><img loading=\"lazy\" decoding=\"async\" width=\"1273\" height=\"720\" src=\"https:\/\/www.learn-music-online.com\/wp-content\/uploads\/2025\/07\/Another-dime-with-guitar.jpg\" alt=\"\" class=\"wp-image-1026\" srcset=\"https:\/\/www.learn-music-online.com\/wp-content\/uploads\/2025\/07\/Another-dime-with-guitar.jpg 1273w, https:\/\/www.learn-music-online.com\/wp-content\/uploads\/2025\/07\/Another-dime-with-guitar-300x170.jpg 300w, https:\/\/www.learn-music-online.com\/wp-content\/uploads\/2025\/07\/Another-dime-with-guitar-1024x579.jpg 1024w, https:\/\/www.learn-music-online.com\/wp-content\/uploads\/2025\/07\/Another-dime-with-guitar-768x434.jpg 768w, https:\/\/www.learn-music-online.com\/wp-content\/uploads\/2025\/07\/Another-dime-with-guitar-18x10.jpg 18w\" sizes=\"auto, (max-width: 1273px) 100vw, 1273px\" \/><\/a><\/figure>\n\n\n\n<figure class=\"wp-block-image size-large\"><a href=\"https:\/\/www.learn-music-online.com\/sr\/another-dime-rockschool-without-guitar-teacher-page\/\" target=\"_blank\" rel=\" noreferrer noopener\"><img loading=\"lazy\" decoding=\"async\" width=\"1024\" height=\"577\" src=\"https:\/\/www.learn-music-online.com\/wp-content\/uploads\/2025\/07\/Another-dime-without-guitar-1024x577.jpg\" alt=\"\" class=\"wp-image-1027\" srcset=\"https:\/\/www.learn-music-online.com\/wp-content\/uploads\/2025\/07\/Another-dime-without-guitar-1024x577.jpg 1024w, https:\/\/www.learn-music-online.com\/wp-content\/uploads\/2025\/07\/Another-dime-without-guitar-300x169.jpg 300w, https:\/\/www.learn-music-online.com\/wp-content\/uploads\/2025\/07\/Another-dime-without-guitar-768x432.jpg 768w, https:\/\/www.learn-music-online.com\/wp-content\/uploads\/2025\/07\/Another-dime-without-guitar-18x10.jpg 18w, https:\/\/www.learn-music-online.com\/wp-content\/uploads\/2025\/07\/Another-dime-without-guitar.jpg 1277w\" sizes=\"auto, (max-width: 1024px) 100vw, 1024px\" \/><\/a><\/figure>\n\n\n\n<figure class=\"wp-block-image size-large\"><a href=\"https:\/\/www.learn-music-online.com\/sr\/hoochie-coochie-man-rockschool-with-guitar-teacher-page\/\" target=\"_blank\" rel=\" noreferrer noopener\"><img loading=\"lazy\" decoding=\"async\" width=\"1024\" height=\"576\" src=\"https:\/\/www.learn-music-online.com\/wp-content\/uploads\/2025\/08\/Hoochie-Coochie-Man-picture-with-guitar-1024x576.jpg\" alt=\"\" class=\"wp-image-1054\" srcset=\"https:\/\/www.learn-music-online.com\/wp-content\/uploads\/2025\/08\/Hoochie-Coochie-Man-picture-with-guitar-1024x576.jpg 1024w, https:\/\/www.learn-music-online.com\/wp-content\/uploads\/2025\/08\/Hoochie-Coochie-Man-picture-with-guitar-300x169.jpg 300w, https:\/\/www.learn-music-online.com\/wp-content\/uploads\/2025\/08\/Hoochie-Coochie-Man-picture-with-guitar-768x432.jpg 768w, https:\/\/www.learn-music-online.com\/wp-content\/uploads\/2025\/08\/Hoochie-Coochie-Man-picture-with-guitar-18x10.jpg 18w, https:\/\/www.learn-music-online.com\/wp-content\/uploads\/2025\/08\/Hoochie-Coochie-Man-picture-with-guitar.jpg 1278w\" sizes=\"auto, (max-width: 1024px) 100vw, 1024px\" \/><\/a><\/figure>\n\n\n\n<figure class=\"wp-block-image size-large\"><a href=\"https:\/\/www.learn-music-online.com\/sr\/hoochie-coochie-man-rockschool-without-guitar-teacher-page\/\" target=\"_blank\" rel=\" noreferrer noopener\"><img loading=\"lazy\" decoding=\"async\" width=\"1024\" height=\"574\" src=\"https:\/\/www.learn-music-online.com\/wp-content\/uploads\/2025\/08\/Hoochie-Coochie-Man-picture-without-guitar-1024x574.jpg\" alt=\"\" class=\"wp-image-1055\" srcset=\"https:\/\/www.learn-music-online.com\/wp-content\/uploads\/2025\/08\/Hoochie-Coochie-Man-picture-without-guitar-1024x574.jpg 1024w, https:\/\/www.learn-music-online.com\/wp-content\/uploads\/2025\/08\/Hoochie-Coochie-Man-picture-without-guitar-300x168.jpg 300w, https:\/\/www.learn-music-online.com\/wp-content\/uploads\/2025\/08\/Hoochie-Coochie-Man-picture-without-guitar-768x431.jpg 768w, https:\/\/www.learn-music-online.com\/wp-content\/uploads\/2025\/08\/Hoochie-Coochie-Man-picture-without-guitar-18x10.jpg 18w, https:\/\/www.learn-music-online.com\/wp-content\/uploads\/2025\/08\/Hoochie-Coochie-Man-picture-without-guitar.jpg 1280w\" sizes=\"auto, (max-width: 1024px) 100vw, 1024px\" \/><\/a><\/figure>\n\n\n\n<figure class=\"wp-block-image size-large\"><a href=\"https:\/\/www.learn-music-online.com\/sr\/hey-joe-rockschool-with-guitar-teacher-page\/\" target=\"_blank\" rel=\" noreferrer noopener\"><img loading=\"lazy\" decoding=\"async\" width=\"1024\" height=\"575\" src=\"https:\/\/www.learn-music-online.com\/wp-content\/uploads\/2025\/08\/Hey-Joe-picture-with-guitar-1024x575.jpg\" alt=\"\" class=\"wp-image-1080\" srcset=\"https:\/\/www.learn-music-online.com\/wp-content\/uploads\/2025\/08\/Hey-Joe-picture-with-guitar-1024x575.jpg 1024w, https:\/\/www.learn-music-online.com\/wp-content\/uploads\/2025\/08\/Hey-Joe-picture-with-guitar-300x168.jpg 300w, https:\/\/www.learn-music-online.com\/wp-content\/uploads\/2025\/08\/Hey-Joe-picture-with-guitar-768x431.jpg 768w, https:\/\/www.learn-music-online.com\/wp-content\/uploads\/2025\/08\/Hey-Joe-picture-with-guitar-18x10.jpg 18w, https:\/\/www.learn-music-online.com\/wp-content\/uploads\/2025\/08\/Hey-Joe-picture-with-guitar.jpg 1279w\" sizes=\"auto, (max-width: 1024px) 100vw, 1024px\" \/><\/a><\/figure>\n\n\n\n<figure class=\"wp-block-image size-large\"><a href=\"https:\/\/www.learn-music-online.com\/sr\/hey-joe-rockschool-without-guitar-teacher-page\/\" target=\"_blank\" rel=\" noreferrer noopener\"><img loading=\"lazy\" decoding=\"async\" width=\"1024\" height=\"575\" src=\"https:\/\/www.learn-music-online.com\/wp-content\/uploads\/2025\/08\/Hey-Joe-picture-without-guitar-1024x575.jpg\" alt=\"\" class=\"wp-image-1081\" srcset=\"https:\/\/www.learn-music-online.com\/wp-content\/uploads\/2025\/08\/Hey-Joe-picture-without-guitar-1024x575.jpg 1024w, https:\/\/www.learn-music-online.com\/wp-content\/uploads\/2025\/08\/Hey-Joe-picture-without-guitar-300x169.jpg 300w, https:\/\/www.learn-music-online.com\/wp-content\/uploads\/2025\/08\/Hey-Joe-picture-without-guitar-768x431.jpg 768w, https:\/\/www.learn-music-online.com\/wp-content\/uploads\/2025\/08\/Hey-Joe-picture-without-guitar-18x10.jpg 18w, https:\/\/www.learn-music-online.com\/wp-content\/uploads\/2025\/08\/Hey-Joe-picture-without-guitar.jpg 1280w\" sizes=\"auto, (max-width: 1024px) 100vw, 1024px\" \/><\/a><\/figure>\n\n\n\n<figure class=\"wp-block-image size-large\"><a href=\"https:\/\/www.learn-music-online.com\/sr\/stay-with-me-rockschool-with-guitar-teacher-page\/\" target=\"_blank\" rel=\" noreferrer noopener\"><img loading=\"lazy\" decoding=\"async\" width=\"1024\" height=\"574\" src=\"https:\/\/www.learn-music-online.com\/wp-content\/uploads\/2025\/08\/Stay-With-Me-picture-with-guitar-1024x574.jpg\" alt=\"\" class=\"wp-image-1568\" srcset=\"https:\/\/www.learn-music-online.com\/wp-content\/uploads\/2025\/08\/Stay-With-Me-picture-with-guitar-1024x574.jpg 1024w, https:\/\/www.learn-music-online.com\/wp-content\/uploads\/2025\/08\/Stay-With-Me-picture-with-guitar-300x168.jpg 300w, https:\/\/www.learn-music-online.com\/wp-content\/uploads\/2025\/08\/Stay-With-Me-picture-with-guitar-768x431.jpg 768w, https:\/\/www.learn-music-online.com\/wp-content\/uploads\/2025\/08\/Stay-With-Me-picture-with-guitar-18x10.jpg 18w, https:\/\/www.learn-music-online.com\/wp-content\/uploads\/2025\/08\/Stay-With-Me-picture-with-guitar.jpg 1280w\" sizes=\"auto, (max-width: 1024px) 100vw, 1024px\" \/><\/a><\/figure>\n\n\n\n<figure class=\"wp-block-image size-large\"><a href=\"https:\/\/www.learn-music-online.com\/sr\/stay-with-me-rockschool-without-guitar-teacher-page\/\" target=\"_blank\" rel=\" noreferrer noopener\"><img loading=\"lazy\" decoding=\"async\" width=\"1024\" height=\"577\" src=\"https:\/\/www.learn-music-online.com\/wp-content\/uploads\/2025\/08\/Stay-With-Me-picture-without-guitar-1024x577.jpg\" alt=\"\" class=\"wp-image-1569\" srcset=\"https:\/\/www.learn-music-online.com\/wp-content\/uploads\/2025\/08\/Stay-With-Me-picture-without-guitar-1024x577.jpg 1024w, https:\/\/www.learn-music-online.com\/wp-content\/uploads\/2025\/08\/Stay-With-Me-picture-without-guitar-300x169.jpg 300w, https:\/\/www.learn-music-online.com\/wp-content\/uploads\/2025\/08\/Stay-With-Me-picture-without-guitar-768x433.jpg 768w, https:\/\/www.learn-music-online.com\/wp-content\/uploads\/2025\/08\/Stay-With-Me-picture-without-guitar-18x10.jpg 18w, https:\/\/www.learn-music-online.com\/wp-content\/uploads\/2025\/08\/Stay-With-Me-picture-without-guitar.jpg 1278w\" sizes=\"auto, (max-width: 1024px) 100vw, 1024px\" \/><\/a><\/figure>","protected":false},"excerpt":{"rendered":"<p>Teacher&#8217;s Library with Rockschool &#8211; Debut Grade for the guitar Explore Online Interactive Video Lessons from Rockschool recommended for Debut Grade of learning guitar<\/p>","protected":false},"author":1,"featured_media":0,"parent":0,"menu_order":0,"comment_status":"closed","ping_status":"closed","template":"","meta":{"footnotes":""},"class_list":["post-2771","page","type-page","status-publish","hentry"],"aioseo_notices":[],"_links":{"self":[{"href":"https:\/\/www.learn-music-online.com\/sr\/wp-json\/wp\/v2\/pages\/2771","targetHints":{"allow":["GET"]}}],"collection":[{"href":"https:\/\/www.learn-music-online.com\/sr\/wp-json\/wp\/v2\/pages"}],"about":[{"href":"https:\/\/www.learn-music-online.com\/sr\/wp-json\/wp\/v2\/types\/page"}],"author":[{"embeddable":true,"href":"https:\/\/www.learn-music-online.com\/sr\/wp-json\/wp\/v2\/users\/1"}],"replies":[{"embeddable":true,"href":"https:\/\/www.learn-music-online.com\/sr\/wp-json\/wp\/v2\/comments?post=2771"}],"version-history":[{"count":9,"href":"https:\/\/www.learn-music-online.com\/sr\/wp-json\/wp\/v2\/pages\/2771\/revisions"}],"predecessor-version":[{"id":3279,"href":"https:\/\/www.learn-music-online.com\/sr\/wp-json\/wp\/v2\/pages\/2771\/revisions\/3279"}],"wp:attachment":[{"href":"https:\/\/www.learn-music-online.com\/sr\/wp-json\/wp\/v2\/media?parent=2771"}],"curies":[{"name":"wp","href":"https:\/\/api.w.org\/{rel}","templated":true}]}}