{"id":2731,"date":"2026-02-18T12:16:23","date_gmt":"2026-02-18T10:16:23","guid":{"rendered":"https:\/\/www.learn-music-online.com\/?page_id=2731"},"modified":"2026-02-24T13:06:04","modified_gmt":"2026-02-24T11:06:04","slug":"teachers-library-elementary-guitar-school-grade-6","status":"publish","type":"page","link":"https:\/\/www.learn-music-online.com\/sr\/teachers-library-elementary-guitar-school-grade-6\/","title":{"rendered":"Teacher&#8217;s Library Elementary Guitar School-Grade 6"},"content":{"rendered":"<div class=\"wp-block-group alignwide has-global-padding is-content-justification-left is-layout-constrained wp-container-core-group-is-layout-8b4c372c wp-block-group-is-layout-constrained\">\n<h2 class=\"wp-block-heading has-large-font-size\">Teacher&#8217;s Library for Elementary Guitar School &#8211; Grade 6<\/h2>\n\n\n\n<p style=\"margin-top:16px\">Preporu\u010dene Online interaktivne video lekcije za u\u010denike klasi\u010dne gitare \u0161este godine<\/p>\n<\/div>\n\n\n\n<figure class=\"wp-block-image size-large\"><a href=\"https:\/\/www.learn-music-online.com\/sr\/etude-in-a-minor-op-60-no-2-matteo-carcassi-teacher-page\/\" target=\"_blank\" rel=\" noreferrer noopener\"><img loading=\"lazy\" decoding=\"async\" width=\"1024\" height=\"577\" src=\"https:\/\/www.learn-music-online.com\/wp-content\/uploads\/2025\/02\/Carcassi_M_Op_60_No_2-1024x577.jpg\" alt=\"\" class=\"wp-image-969\" srcset=\"https:\/\/www.learn-music-online.com\/wp-content\/uploads\/2025\/02\/Carcassi_M_Op_60_No_2-1024x577.jpg 1024w, https:\/\/www.learn-music-online.com\/wp-content\/uploads\/2025\/02\/Carcassi_M_Op_60_No_2-300x169.jpg 300w, https:\/\/www.learn-music-online.com\/wp-content\/uploads\/2025\/02\/Carcassi_M_Op_60_No_2-768x433.jpg 768w, https:\/\/www.learn-music-online.com\/wp-content\/uploads\/2025\/02\/Carcassi_M_Op_60_No_2-18x10.jpg 18w, https:\/\/www.learn-music-online.com\/wp-content\/uploads\/2025\/02\/Carcassi_M_Op_60_No_2.jpg 1278w\" sizes=\"auto, (max-width: 1024px) 100vw, 1024px\" \/><\/a><\/figure>\n\n\n\n<figure class=\"wp-block-image size-large\"><a href=\"https:\/\/www.learn-music-online.com\/sr\/feste-lariane-teacher-page\/\" target=\"_blank\" rel=\" noreferrer noopener\"><img loading=\"lazy\" decoding=\"async\" width=\"1024\" height=\"569\" src=\"https:\/\/www.learn-music-online.com\/wp-content\/uploads\/2025\/01\/Stara-spanska-pesma-1024x569.jpg\" alt=\"\" class=\"wp-image-776\" srcset=\"https:\/\/www.learn-music-online.com\/wp-content\/uploads\/2025\/01\/Stara-spanska-pesma-1024x569.jpg 1024w, https:\/\/www.learn-music-online.com\/wp-content\/uploads\/2025\/01\/Stara-spanska-pesma-300x167.jpg 300w, https:\/\/www.learn-music-online.com\/wp-content\/uploads\/2025\/01\/Stara-spanska-pesma-768x427.jpg 768w, https:\/\/www.learn-music-online.com\/wp-content\/uploads\/2025\/01\/Stara-spanska-pesma-18x10.jpg 18w, https:\/\/www.learn-music-online.com\/wp-content\/uploads\/2025\/01\/Stara-spanska-pesma.jpg 1280w\" sizes=\"auto, (max-width: 1024px) 100vw, 1024px\" \/><\/a><\/figure>","protected":false},"excerpt":{"rendered":"<p>Teacher&#8217;s Library for Elementary Guitar School &#8211; Grade 6 Recommended Online Interactive Video Lessons for Sixth-Year Classical Guitar Students<\/p>","protected":false},"author":1,"featured_media":0,"parent":0,"menu_order":0,"comment_status":"closed","ping_status":"closed","template":"","meta":{"footnotes":""},"class_list":["post-2731","page","type-page","status-publish","hentry"],"aioseo_notices":[],"_links":{"self":[{"href":"https:\/\/www.learn-music-online.com\/sr\/wp-json\/wp\/v2\/pages\/2731","targetHints":{"allow":["GET"]}}],"collection":[{"href":"https:\/\/www.learn-music-online.com\/sr\/wp-json\/wp\/v2\/pages"}],"about":[{"href":"https:\/\/www.learn-music-online.com\/sr\/wp-json\/wp\/v2\/types\/page"}],"author":[{"embeddable":true,"href":"https:\/\/www.learn-music-online.com\/sr\/wp-json\/wp\/v2\/users\/1"}],"replies":[{"embeddable":true,"href":"https:\/\/www.learn-music-online.com\/sr\/wp-json\/wp\/v2\/comments?post=2731"}],"version-history":[{"count":3,"href":"https:\/\/www.learn-music-online.com\/sr\/wp-json\/wp\/v2\/pages\/2731\/revisions"}],"predecessor-version":[{"id":2742,"href":"https:\/\/www.learn-music-online.com\/sr\/wp-json\/wp\/v2\/pages\/2731\/revisions\/2742"}],"wp:attachment":[{"href":"https:\/\/www.learn-music-online.com\/sr\/wp-json\/wp\/v2\/media?parent=2731"}],"curies":[{"name":"wp","href":"https:\/\/api.w.org\/{rel}","templated":true}]}}