{"id":2474,"date":"2025-12-26T17:56:17","date_gmt":"2025-12-26T15:56:17","guid":{"rendered":"https:\/\/www.learn-music-online.com\/?page_id=2474"},"modified":"2026-03-22T08:29:39","modified_gmt":"2026-03-22T06:29:39","slug":"teachers-library-elementary-guitar-school-grade-4","status":"publish","type":"page","link":"https:\/\/www.learn-music-online.com\/sr\/teachers-library-elementary-guitar-school-grade-4\/","title":{"rendered":"Teacher&#8217;s Library Elementary Guitar School-Grade 4"},"content":{"rendered":"<div class=\"wp-block-group alignwide has-global-padding is-content-justification-left is-layout-constrained wp-container-core-group-is-layout-8b4c372c wp-block-group-is-layout-constrained\">\n<h2 class=\"wp-block-heading has-large-font-size\">Biblioteka za nastavnike za osnovnu \u0161kolu gitare \u2013 4. razred<\/h2>\n\n\n\n<p style=\"margin-top:16px\">Preporu\u010dene Online interaktivne video lekcije za u\u010denike klasi\u010dne gitare \u010detvrte godine<\/p>\n<\/div>\n\n\n\n<figure class=\"wp-block-image size-large\"><a href=\"https:\/\/www.learn-music-online.com\/sr\/studio-de-campanella-tarrega-teacher-page\/\" target=\"_blank\" rel=\" noreferrer noopener\"><img loading=\"lazy\" decoding=\"async\" width=\"1024\" height=\"574\" src=\"https:\/\/www.learn-music-online.com\/wp-content\/uploads\/2025\/02\/Studio-Kampanela-1024x574.jpg\" alt=\"\" class=\"wp-image-913\" srcset=\"https:\/\/www.learn-music-online.com\/wp-content\/uploads\/2025\/02\/Studio-Kampanela-1024x574.jpg 1024w, https:\/\/www.learn-music-online.com\/wp-content\/uploads\/2025\/02\/Studio-Kampanela-300x168.jpg 300w, https:\/\/www.learn-music-online.com\/wp-content\/uploads\/2025\/02\/Studio-Kampanela-768x430.jpg 768w, https:\/\/www.learn-music-online.com\/wp-content\/uploads\/2025\/02\/Studio-Kampanela-18x10.jpg 18w, https:\/\/www.learn-music-online.com\/wp-content\/uploads\/2025\/02\/Studio-Kampanela.jpg 1278w\" sizes=\"auto, (max-width: 1024px) 100vw, 1024px\" \/><\/a><\/figure>\n\n\n\n<figure class=\"wp-block-image size-large\"><a href=\"https:\/\/www.learn-music-online.com\/sr\/mauro-giuliani-etude-op50-no5-teacher-page\/\" target=\"_blank\" rel=\" noreferrer noopener\"><img loading=\"lazy\" decoding=\"async\" width=\"1024\" height=\"574\" src=\"https:\/\/www.learn-music-online.com\/wp-content\/uploads\/2025\/10\/Etude_Op_50_No_5_Giuliani-1024x574.jpg\" alt=\"\" class=\"wp-image-1673\" srcset=\"https:\/\/www.learn-music-online.com\/wp-content\/uploads\/2025\/10\/Etude_Op_50_No_5_Giuliani-1024x574.jpg 1024w, https:\/\/www.learn-music-online.com\/wp-content\/uploads\/2025\/10\/Etude_Op_50_No_5_Giuliani-300x168.jpg 300w, https:\/\/www.learn-music-online.com\/wp-content\/uploads\/2025\/10\/Etude_Op_50_No_5_Giuliani-768x431.jpg 768w, https:\/\/www.learn-music-online.com\/wp-content\/uploads\/2025\/10\/Etude_Op_50_No_5_Giuliani-18x10.jpg 18w, https:\/\/www.learn-music-online.com\/wp-content\/uploads\/2025\/10\/Etude_Op_50_No_5_Giuliani.jpg 1278w\" sizes=\"auto, (max-width: 1024px) 100vw, 1024px\" \/><\/a><\/figure>\n\n\n\n<figure class=\"wp-block-image size-full\"><a href=\"https:\/\/www.learn-music-online.com\/sr\/lagrima-francisco-tarrega-expression-teacher-page\/\" target=\"_blank\" rel=\" noreferrer noopener\"><img loading=\"lazy\" decoding=\"async\" width=\"1025\" height=\"578\" src=\"https:\/\/www.learn-music-online.com\/wp-content\/uploads\/2025\/11\/Tarrega_F_Lagrima_for_video_producing-espression-picture.jpg\" alt=\"\" class=\"wp-image-1746\" srcset=\"https:\/\/www.learn-music-online.com\/wp-content\/uploads\/2025\/11\/Tarrega_F_Lagrima_for_video_producing-espression-picture.jpg 1025w, https:\/\/www.learn-music-online.com\/wp-content\/uploads\/2025\/11\/Tarrega_F_Lagrima_for_video_producing-espression-picture-300x169.jpg 300w, https:\/\/www.learn-music-online.com\/wp-content\/uploads\/2025\/11\/Tarrega_F_Lagrima_for_video_producing-espression-picture-768x433.jpg 768w, https:\/\/www.learn-music-online.com\/wp-content\/uploads\/2025\/11\/Tarrega_F_Lagrima_for_video_producing-espression-picture-18x10.jpg 18w\" sizes=\"auto, (max-width: 1025px) 100vw, 1025px\" \/><\/a><\/figure>\n\n\n\n<figure class=\"wp-block-image size-full\"><a href=\"https:\/\/www.learn-music-online.com\/sr\/lagrima-francisco-tarrega-practice-teacher-page\/\" target=\"_blank\" rel=\" noreferrer noopener\"><img loading=\"lazy\" decoding=\"async\" width=\"1025\" height=\"575\" src=\"https:\/\/www.learn-music-online.com\/wp-content\/uploads\/2025\/11\/Tarrega_F_Lagrima_for_video_producing-picture.jpg\" alt=\"\" class=\"wp-image-1747\" srcset=\"https:\/\/www.learn-music-online.com\/wp-content\/uploads\/2025\/11\/Tarrega_F_Lagrima_for_video_producing-picture.jpg 1025w, https:\/\/www.learn-music-online.com\/wp-content\/uploads\/2025\/11\/Tarrega_F_Lagrima_for_video_producing-picture-300x168.jpg 300w, https:\/\/www.learn-music-online.com\/wp-content\/uploads\/2025\/11\/Tarrega_F_Lagrima_for_video_producing-picture-768x431.jpg 768w, https:\/\/www.learn-music-online.com\/wp-content\/uploads\/2025\/11\/Tarrega_F_Lagrima_for_video_producing-picture-18x10.jpg 18w\" sizes=\"auto, (max-width: 1025px) 100vw, 1025px\" \/><\/a><\/figure>\n\n\n\n<figure class=\"wp-block-image size-large\"><a href=\"https:\/\/www.learn-music-online.com\/sr\/spanish-romance-anonymous-teacher-page\/\" target=\"_blank\" rel=\" noreferrer noopener\"><img loading=\"lazy\" decoding=\"async\" width=\"1024\" height=\"574\" src=\"https:\/\/www.learn-music-online.com\/wp-content\/uploads\/2025\/11\/Spanish_Romance_anon_for_video_production-1024x574.jpg\" alt=\"\" class=\"wp-image-1764\" srcset=\"https:\/\/www.learn-music-online.com\/wp-content\/uploads\/2025\/11\/Spanish_Romance_anon_for_video_production-1024x574.jpg 1024w, https:\/\/www.learn-music-online.com\/wp-content\/uploads\/2025\/11\/Spanish_Romance_anon_for_video_production-300x168.jpg 300w, https:\/\/www.learn-music-online.com\/wp-content\/uploads\/2025\/11\/Spanish_Romance_anon_for_video_production-768x431.jpg 768w, https:\/\/www.learn-music-online.com\/wp-content\/uploads\/2025\/11\/Spanish_Romance_anon_for_video_production-18x10.jpg 18w, https:\/\/www.learn-music-online.com\/wp-content\/uploads\/2025\/11\/Spanish_Romance_anon_for_video_production.jpg 1029w\" sizes=\"auto, (max-width: 1024px) 100vw, 1024px\" \/><\/a><\/figure>\n\n\n\n<p><\/p>","protected":false},"excerpt":{"rendered":"<p>Teacher&#8217;s Library for Elementary Guitar School &#8211; Grade 4 Recommended Online Interactive Video Lessons for Fourth-Year Classical Guitar Students<\/p>","protected":false},"author":1,"featured_media":0,"parent":0,"menu_order":0,"comment_status":"closed","ping_status":"closed","template":"","meta":{"footnotes":""},"class_list":["post-2474","page","type-page","status-publish","hentry"],"aioseo_notices":[],"_links":{"self":[{"href":"https:\/\/www.learn-music-online.com\/sr\/wp-json\/wp\/v2\/pages\/2474","targetHints":{"allow":["GET"]}}],"collection":[{"href":"https:\/\/www.learn-music-online.com\/sr\/wp-json\/wp\/v2\/pages"}],"about":[{"href":"https:\/\/www.learn-music-online.com\/sr\/wp-json\/wp\/v2\/types\/page"}],"author":[{"embeddable":true,"href":"https:\/\/www.learn-music-online.com\/sr\/wp-json\/wp\/v2\/users\/1"}],"replies":[{"embeddable":true,"href":"https:\/\/www.learn-music-online.com\/sr\/wp-json\/wp\/v2\/comments?post=2474"}],"version-history":[{"count":7,"href":"https:\/\/www.learn-music-online.com\/sr\/wp-json\/wp\/v2\/pages\/2474\/revisions"}],"predecessor-version":[{"id":3461,"href":"https:\/\/www.learn-music-online.com\/sr\/wp-json\/wp\/v2\/pages\/2474\/revisions\/3461"}],"wp:attachment":[{"href":"https:\/\/www.learn-music-online.com\/sr\/wp-json\/wp\/v2\/media?parent=2474"}],"curies":[{"name":"wp","href":"https:\/\/api.w.org\/{rel}","templated":true}]}}