{"id":2424,"date":"2025-12-20T10:41:11","date_gmt":"2025-12-20T08:41:11","guid":{"rendered":"https:\/\/www.learn-music-online.com\/?page_id=2424"},"modified":"2026-03-10T01:34:34","modified_gmt":"2026-03-09T23:34:34","slug":"teachers-library-elementary-guitar-school-grade-2","status":"publish","type":"page","link":"https:\/\/www.learn-music-online.com\/sr\/teachers-library-elementary-guitar-school-grade-2\/","title":{"rendered":"Teacher&#8217;s Library Elementary Guitar School-Grade 2"},"content":{"rendered":"<div class=\"wp-block-group alignwide has-global-padding is-content-justification-left is-layout-constrained wp-container-core-group-is-layout-8b4c372c wp-block-group-is-layout-constrained\">\n<h2 class=\"wp-block-heading has-large-font-size\">Biblioteka za nastavnike za osnovnu \u0161kolu gitare \u2013 2. razred<\/h2>\n\n\n\n<p style=\"margin-top:16px\">Preporu\u010dene Online interaktivne video lekcije za u\u010denike klasi\u010dne gitare druge godine<\/p>\n<\/div>\n\n\n\n<figure class=\"wp-block-image size-large\"><a href=\"https:\/\/www.learn-music-online.com\/sr\/lesson-no-55-jovicic-guitar-teacher-page\/\" target=\"_blank\" rel=\" noreferrer noopener\"><img loading=\"lazy\" decoding=\"async\" width=\"1024\" height=\"574\" src=\"https:\/\/www.learn-music-online.com\/wp-content\/uploads\/2025\/01\/Vezba-br.-55-1024x574.jpg\" alt=\"\" class=\"wp-image-753\" srcset=\"https:\/\/www.learn-music-online.com\/wp-content\/uploads\/2025\/01\/Vezba-br.-55-1024x574.jpg 1024w, https:\/\/www.learn-music-online.com\/wp-content\/uploads\/2025\/01\/Vezba-br.-55-300x168.jpg 300w, https:\/\/www.learn-music-online.com\/wp-content\/uploads\/2025\/01\/Vezba-br.-55-768x430.jpg 768w, https:\/\/www.learn-music-online.com\/wp-content\/uploads\/2025\/01\/Vezba-br.-55-18x10.jpg 18w, https:\/\/www.learn-music-online.com\/wp-content\/uploads\/2025\/01\/Vezba-br.-55.jpg 1278w\" sizes=\"auto, (max-width: 1024px) 100vw, 1024px\" \/><\/a><\/figure>\n\n\n\n<figure class=\"wp-block-image size-large\"><a href=\"https:\/\/www.learn-music-online.com\/sr\/lesson-no-56-jovicic-guitar-teacher-page\/\" target=\"_blank\" rel=\" noreferrer noopener\"><img loading=\"lazy\" decoding=\"async\" width=\"1024\" height=\"573\" src=\"https:\/\/www.learn-music-online.com\/wp-content\/uploads\/2025\/01\/Vezba_br_56-1024x573.jpg\" alt=\"\" class=\"wp-image-766\" srcset=\"https:\/\/www.learn-music-online.com\/wp-content\/uploads\/2025\/01\/Vezba_br_56-1024x573.jpg 1024w, https:\/\/www.learn-music-online.com\/wp-content\/uploads\/2025\/01\/Vezba_br_56-300x168.jpg 300w, https:\/\/www.learn-music-online.com\/wp-content\/uploads\/2025\/01\/Vezba_br_56-768x430.jpg 768w, https:\/\/www.learn-music-online.com\/wp-content\/uploads\/2025\/01\/Vezba_br_56-18x10.jpg 18w, https:\/\/www.learn-music-online.com\/wp-content\/uploads\/2025\/01\/Vezba_br_56.jpg 1277w\" sizes=\"auto, (max-width: 1024px) 100vw, 1024px\" \/><\/a><\/figure>\n\n\n\n<figure class=\"wp-block-image size-large\"><a href=\"https:\/\/www.learn-music-online.com\/sr\/dionisio-aguado-study-in-a-minor-teacher-page\/\" target=\"_blank\" rel=\" noreferrer noopener\"><img loading=\"lazy\" decoding=\"async\" width=\"1024\" height=\"573\" src=\"https:\/\/www.learn-music-online.com\/wp-content\/uploads\/2025\/02\/Dionisio_Aguado_Etida_u_a-molu_za_video_produkciju-sajt-1024x573.jpg\" alt=\"\" class=\"wp-image-798\" srcset=\"https:\/\/www.learn-music-online.com\/wp-content\/uploads\/2025\/02\/Dionisio_Aguado_Etida_u_a-molu_za_video_produkciju-sajt-1024x573.jpg 1024w, https:\/\/www.learn-music-online.com\/wp-content\/uploads\/2025\/02\/Dionisio_Aguado_Etida_u_a-molu_za_video_produkciju-sajt-300x168.jpg 300w, https:\/\/www.learn-music-online.com\/wp-content\/uploads\/2025\/02\/Dionisio_Aguado_Etida_u_a-molu_za_video_produkciju-sajt-768x430.jpg 768w, https:\/\/www.learn-music-online.com\/wp-content\/uploads\/2025\/02\/Dionisio_Aguado_Etida_u_a-molu_za_video_produkciju-sajt-18x10.jpg 18w, https:\/\/www.learn-music-online.com\/wp-content\/uploads\/2025\/02\/Dionisio_Aguado_Etida_u_a-molu_za_video_produkciju-sajt.jpg 1279w\" sizes=\"auto, (max-width: 1024px) 100vw, 1024px\" \/><\/a><\/figure>\n\n\n\n<figure class=\"wp-block-image size-large\"><a href=\"https:\/\/www.learn-music-online.com\/sr\/valse-g-major-guitar-teacher-page\/\" target=\"_blank\" rel=\" noreferrer noopener\"><img loading=\"lazy\" decoding=\"async\" width=\"1024\" height=\"575\" src=\"https:\/\/www.learn-music-online.com\/wp-content\/uploads\/2025\/02\/Valcer-G-dur-1024x575.jpg\" alt=\"\" class=\"wp-image-810\" srcset=\"https:\/\/www.learn-music-online.com\/wp-content\/uploads\/2025\/02\/Valcer-G-dur-1024x575.jpg 1024w, https:\/\/www.learn-music-online.com\/wp-content\/uploads\/2025\/02\/Valcer-G-dur-300x168.jpg 300w, https:\/\/www.learn-music-online.com\/wp-content\/uploads\/2025\/02\/Valcer-G-dur-768x431.jpg 768w, https:\/\/www.learn-music-online.com\/wp-content\/uploads\/2025\/02\/Valcer-G-dur-18x10.jpg 18w, https:\/\/www.learn-music-online.com\/wp-content\/uploads\/2025\/02\/Valcer-G-dur.jpg 1281w\" sizes=\"auto, (max-width: 1024px) 100vw, 1024px\" \/><\/a><\/figure>\n\n\n\n<figure class=\"wp-block-image size-large\"><a href=\"https:\/\/www.learn-music-online.com\/sr\/valse-a-major-guitar-teacher-page\/\" target=\"_blank\" rel=\" noreferrer noopener\"><img loading=\"lazy\" decoding=\"async\" width=\"1024\" height=\"577\" src=\"https:\/\/www.learn-music-online.com\/wp-content\/uploads\/2025\/02\/Valcer-A-dur-1024x577.jpg\" alt=\"\" class=\"wp-image-817\" srcset=\"https:\/\/www.learn-music-online.com\/wp-content\/uploads\/2025\/02\/Valcer-A-dur-1024x577.jpg 1024w, https:\/\/www.learn-music-online.com\/wp-content\/uploads\/2025\/02\/Valcer-A-dur-300x169.jpg 300w, https:\/\/www.learn-music-online.com\/wp-content\/uploads\/2025\/02\/Valcer-A-dur-768x433.jpg 768w, https:\/\/www.learn-music-online.com\/wp-content\/uploads\/2025\/02\/Valcer-A-dur-18x10.jpg 18w, https:\/\/www.learn-music-online.com\/wp-content\/uploads\/2025\/02\/Valcer-A-dur.jpg 1284w\" sizes=\"auto, (max-width: 1024px) 100vw, 1024px\" \/><\/a><\/figure>\n\n\n\n<figure class=\"wp-block-image size-large\"><a href=\"https:\/\/www.learn-music-online.com\/sr\/malaguena-guitar-teacher-page\/\" target=\"_blank\" rel=\" noreferrer noopener\"><img loading=\"lazy\" decoding=\"async\" width=\"1024\" height=\"577\" src=\"https:\/\/www.learn-music-online.com\/wp-content\/uploads\/2025\/02\/Malaguena_a_tempo-picture-1024x577.jpg\" alt=\"\" class=\"wp-image-832\" srcset=\"https:\/\/www.learn-music-online.com\/wp-content\/uploads\/2025\/02\/Malaguena_a_tempo-picture-1024x577.jpg 1024w, https:\/\/www.learn-music-online.com\/wp-content\/uploads\/2025\/02\/Malaguena_a_tempo-picture-300x169.jpg 300w, https:\/\/www.learn-music-online.com\/wp-content\/uploads\/2025\/02\/Malaguena_a_tempo-picture-768x433.jpg 768w, https:\/\/www.learn-music-online.com\/wp-content\/uploads\/2025\/02\/Malaguena_a_tempo-picture-18x10.jpg 18w, https:\/\/www.learn-music-online.com\/wp-content\/uploads\/2025\/02\/Malaguena_a_tempo-picture.jpg 1277w\" sizes=\"auto, (max-width: 1024px) 100vw, 1024px\" \/><\/a><\/figure>\n\n\n\n<figure class=\"wp-block-image size-large\"><a href=\"https:\/\/www.learn-music-online.com\/sr\/matteo-carcassi-andantino-teacher-page\/\" target=\"_blank\" rel=\" noreferrer noopener\"><img loading=\"lazy\" decoding=\"async\" width=\"1024\" height=\"576\" src=\"https:\/\/www.learn-music-online.com\/wp-content\/uploads\/2025\/01\/Karkasi-Andantino-1024x576.jpg\" alt=\"\" class=\"wp-image-735\" srcset=\"https:\/\/www.learn-music-online.com\/wp-content\/uploads\/2025\/01\/Karkasi-Andantino-1024x576.jpg 1024w, https:\/\/www.learn-music-online.com\/wp-content\/uploads\/2025\/01\/Karkasi-Andantino-300x169.jpg 300w, https:\/\/www.learn-music-online.com\/wp-content\/uploads\/2025\/01\/Karkasi-Andantino-768x432.jpg 768w, https:\/\/www.learn-music-online.com\/wp-content\/uploads\/2025\/01\/Karkasi-Andantino-18x10.jpg 18w, https:\/\/www.learn-music-online.com\/wp-content\/uploads\/2025\/01\/Karkasi-Andantino.jpg 1280w\" sizes=\"auto, (max-width: 1024px) 100vw, 1024px\" \/><\/a><\/figure>\n\n\n\n<figure class=\"wp-block-image size-full\"><a href=\"https:\/\/www.learn-music-online.com\/sr\/napoleon-coste-mazurka-teacher-page\/\" target=\"_blank\" rel=\" noreferrer noopener\"><img loading=\"lazy\" decoding=\"async\" width=\"1025\" height=\"575\" src=\"https:\/\/www.learn-music-online.com\/wp-content\/uploads\/2025\/02\/Napoleon-Coste-Mazurka.jpg\" alt=\"\" class=\"wp-image-843\" srcset=\"https:\/\/www.learn-music-online.com\/wp-content\/uploads\/2025\/02\/Napoleon-Coste-Mazurka.jpg 1025w, https:\/\/www.learn-music-online.com\/wp-content\/uploads\/2025\/02\/Napoleon-Coste-Mazurka-300x168.jpg 300w, https:\/\/www.learn-music-online.com\/wp-content\/uploads\/2025\/02\/Napoleon-Coste-Mazurka-768x431.jpg 768w, https:\/\/www.learn-music-online.com\/wp-content\/uploads\/2025\/02\/Napoleon-Coste-Mazurka-18x10.jpg 18w\" sizes=\"auto, (max-width: 1025px) 100vw, 1025px\" \/><\/a><\/figure>\n\n\n\n<figure class=\"wp-block-image size-full\"><a href=\"https:\/\/www.learn-music-online.com\/sr\/ferdinando-carulli-small-piece-teacher-page\/\" target=\"_blank\" rel=\" noreferrer noopener\"><img loading=\"lazy\" decoding=\"async\" width=\"1022\" height=\"572\" src=\"https:\/\/www.learn-music-online.com\/wp-content\/uploads\/2025\/02\/Mali-komad-Karuli.jpg\" alt=\"\" class=\"wp-image-853\" srcset=\"https:\/\/www.learn-music-online.com\/wp-content\/uploads\/2025\/02\/Mali-komad-Karuli.jpg 1022w, https:\/\/www.learn-music-online.com\/wp-content\/uploads\/2025\/02\/Mali-komad-Karuli-300x168.jpg 300w, https:\/\/www.learn-music-online.com\/wp-content\/uploads\/2025\/02\/Mali-komad-Karuli-768x430.jpg 768w, https:\/\/www.learn-music-online.com\/wp-content\/uploads\/2025\/02\/Mali-komad-Karuli-18x10.jpg 18w\" sizes=\"auto, (max-width: 1022px) 100vw, 1022px\" \/><\/a><\/figure>\n\n\n\n<figure class=\"wp-block-image size-large\"><a href=\"https:\/\/www.learn-music-online.com\/sr\/gretchaninov-mazurka-guitar-teacher-page\/\" target=\"_blank\" rel=\" noreferrer noopener\"><img loading=\"lazy\" decoding=\"async\" width=\"1024\" height=\"574\" src=\"https:\/\/www.learn-music-online.com\/wp-content\/uploads\/2025\/02\/Gretchaninov-Mazurka-1024x574.jpg\" alt=\"\" class=\"wp-image-859\" srcset=\"https:\/\/www.learn-music-online.com\/wp-content\/uploads\/2025\/02\/Gretchaninov-Mazurka-1024x574.jpg 1024w, https:\/\/www.learn-music-online.com\/wp-content\/uploads\/2025\/02\/Gretchaninov-Mazurka-300x168.jpg 300w, https:\/\/www.learn-music-online.com\/wp-content\/uploads\/2025\/02\/Gretchaninov-Mazurka-768x431.jpg 768w, https:\/\/www.learn-music-online.com\/wp-content\/uploads\/2025\/02\/Gretchaninov-Mazurka-18x10.jpg 18w, https:\/\/www.learn-music-online.com\/wp-content\/uploads\/2025\/02\/Gretchaninov-Mazurka.jpg 1280w\" sizes=\"auto, (max-width: 1024px) 100vw, 1024px\" \/><\/a><\/figure>\n\n\n\n<figure class=\"wp-block-image size-large\"><a href=\"https:\/\/www.learn-music-online.com\/sr\/eine-kleine-nachtmusik-mozart-guitar-teacher-page\/\" target=\"_blank\" rel=\" noreferrer noopener\"><img loading=\"lazy\" decoding=\"async\" width=\"1024\" height=\"576\" src=\"https:\/\/www.learn-music-online.com\/wp-content\/uploads\/2026\/03\/Mala-nocna-muzika-Mocart-1024x576.jpg\" alt=\"\" class=\"wp-image-3215\" srcset=\"https:\/\/www.learn-music-online.com\/wp-content\/uploads\/2026\/03\/Mala-nocna-muzika-Mocart-1024x576.jpg 1024w, https:\/\/www.learn-music-online.com\/wp-content\/uploads\/2026\/03\/Mala-nocna-muzika-Mocart-300x169.jpg 300w, https:\/\/www.learn-music-online.com\/wp-content\/uploads\/2026\/03\/Mala-nocna-muzika-Mocart-768x432.jpg 768w, https:\/\/www.learn-music-online.com\/wp-content\/uploads\/2026\/03\/Mala-nocna-muzika-Mocart-18x10.jpg 18w, https:\/\/www.learn-music-online.com\/wp-content\/uploads\/2026\/03\/Mala-nocna-muzika-Mocart.jpg 1280w\" sizes=\"auto, (max-width: 1024px) 100vw, 1024px\" \/><\/a><\/figure>","protected":false},"excerpt":{"rendered":"<p>Teacher&#8217;s Library for Elementary Guitar School &#8211; Grade 2 Recommended Online Interactive Video Lessons for Second-Year Classical Guitar Students<\/p>","protected":false},"author":1,"featured_media":0,"parent":0,"menu_order":0,"comment_status":"closed","ping_status":"closed","template":"","meta":{"footnotes":""},"class_list":["post-2424","page","type-page","status-publish","hentry"],"aioseo_notices":[],"_links":{"self":[{"href":"https:\/\/www.learn-music-online.com\/sr\/wp-json\/wp\/v2\/pages\/2424","targetHints":{"allow":["GET"]}}],"collection":[{"href":"https:\/\/www.learn-music-online.com\/sr\/wp-json\/wp\/v2\/pages"}],"about":[{"href":"https:\/\/www.learn-music-online.com\/sr\/wp-json\/wp\/v2\/types\/page"}],"author":[{"embeddable":true,"href":"https:\/\/www.learn-music-online.com\/sr\/wp-json\/wp\/v2\/users\/1"}],"replies":[{"embeddable":true,"href":"https:\/\/www.learn-music-online.com\/sr\/wp-json\/wp\/v2\/comments?post=2424"}],"version-history":[{"count":10,"href":"https:\/\/www.learn-music-online.com\/sr\/wp-json\/wp\/v2\/pages\/2424\/revisions"}],"predecessor-version":[{"id":3226,"href":"https:\/\/www.learn-music-online.com\/sr\/wp-json\/wp\/v2\/pages\/2424\/revisions\/3226"}],"wp:attachment":[{"href":"https:\/\/www.learn-music-online.com\/sr\/wp-json\/wp\/v2\/media?parent=2424"}],"curies":[{"name":"wp","href":"https:\/\/api.w.org\/{rel}","templated":true}]}}