{"id":2396,"date":"2025-12-10T14:22:07","date_gmt":"2025-12-10T12:22:07","guid":{"rendered":"https:\/\/www.learn-music-online.com\/?page_id=2396"},"modified":"2026-02-22T10:22:23","modified_gmt":"2026-02-22T08:22:23","slug":"teachers-library-elementary-guitar-school-grade-5","status":"publish","type":"page","link":"https:\/\/www.learn-music-online.com\/sr\/teachers-library-elementary-guitar-school-grade-5\/","title":{"rendered":"Teacher&#8217;s Library Elementary Guitar School-Grade 5"},"content":{"rendered":"<div class=\"wp-block-group alignwide has-global-padding is-content-justification-left is-layout-constrained wp-container-core-group-is-layout-8b4c372c wp-block-group-is-layout-constrained\">\n<h2 class=\"wp-block-heading has-large-font-size\">Biblioteka za nastavnike za osnovnu \u0161kolu gitare \u2013 5. razred<\/h2>\n\n\n\n<p style=\"margin-top:16px\">Preporu\u010dene Online interaktivne video lekcije za u\u010denike klasi\u010dne gitare pete godine<\/p>\n<\/div>\n\n\n\n<figure class=\"wp-block-image size-large\"><a href=\"https:\/\/www.learn-music-online.com\/sr\/valse-choro-kleynjans-teacher-page\/\" target=\"_blank\" rel=\" noreferrer noopener\"><img loading=\"lazy\" decoding=\"async\" width=\"1024\" height=\"578\" src=\"https:\/\/www.learn-music-online.com\/wp-content\/uploads\/2025\/02\/Valse-choro-1024x578.jpg\" alt=\"\" class=\"wp-image-924\" srcset=\"https:\/\/www.learn-music-online.com\/wp-content\/uploads\/2025\/02\/Valse-choro-1024x578.jpg 1024w, https:\/\/www.learn-music-online.com\/wp-content\/uploads\/2025\/02\/Valse-choro-300x169.jpg 300w, https:\/\/www.learn-music-online.com\/wp-content\/uploads\/2025\/02\/Valse-choro-768x433.jpg 768w, https:\/\/www.learn-music-online.com\/wp-content\/uploads\/2025\/02\/Valse-choro-18x10.jpg 18w, https:\/\/www.learn-music-online.com\/wp-content\/uploads\/2025\/02\/Valse-choro.jpg 1278w\" sizes=\"auto, (max-width: 1024px) 100vw, 1024px\" \/><\/a><\/figure>\n\n\n\n<figure class=\"wp-block-image size-large\"><a href=\"https:\/\/www.learn-music-online.com\/sr\/mauro-giuliani-legato-etude-op1-iiipart-no10-teacher-page\/\" target=\"_blank\" rel=\" noreferrer noopener\"><img loading=\"lazy\" decoding=\"async\" width=\"1024\" height=\"576\" src=\"https:\/\/www.learn-music-online.com\/wp-content\/uploads\/2025\/11\/Mauro-Giuliani-Etude-Op1-IIIpart-No10-picture-1024x576.jpg\" alt=\"\" class=\"wp-image-1726\" srcset=\"https:\/\/www.learn-music-online.com\/wp-content\/uploads\/2025\/11\/Mauro-Giuliani-Etude-Op1-IIIpart-No10-picture-1024x576.jpg 1024w, https:\/\/www.learn-music-online.com\/wp-content\/uploads\/2025\/11\/Mauro-Giuliani-Etude-Op1-IIIpart-No10-picture-300x169.jpg 300w, https:\/\/www.learn-music-online.com\/wp-content\/uploads\/2025\/11\/Mauro-Giuliani-Etude-Op1-IIIpart-No10-picture-768x432.jpg 768w, https:\/\/www.learn-music-online.com\/wp-content\/uploads\/2025\/11\/Mauro-Giuliani-Etude-Op1-IIIpart-No10-picture-18x10.jpg 18w, https:\/\/www.learn-music-online.com\/wp-content\/uploads\/2025\/11\/Mauro-Giuliani-Etude-Op1-IIIpart-No10-picture.jpg 1282w\" sizes=\"auto, (max-width: 1024px) 100vw, 1024px\" \/><\/a><\/figure>\n\n\n\n<figure class=\"wp-block-image size-large\"><a href=\"https:\/\/www.learn-music-online.com\/sr\/mauro-giuliani-legato-etude-op1-iiipart-no10-practice-teacher-page\/\" target=\"_blank\" rel=\" noreferrer noopener\"><img loading=\"lazy\" decoding=\"async\" width=\"1024\" height=\"577\" src=\"https:\/\/www.learn-music-online.com\/wp-content\/uploads\/2025\/11\/Mauro-Giuliani-Etude-Op1-IIIpart-No10-practice-variant-picture-1024x577.jpg\" alt=\"\" class=\"wp-image-1729\" srcset=\"https:\/\/www.learn-music-online.com\/wp-content\/uploads\/2025\/11\/Mauro-Giuliani-Etude-Op1-IIIpart-No10-practice-variant-picture-1024x577.jpg 1024w, https:\/\/www.learn-music-online.com\/wp-content\/uploads\/2025\/11\/Mauro-Giuliani-Etude-Op1-IIIpart-No10-practice-variant-picture-300x169.jpg 300w, https:\/\/www.learn-music-online.com\/wp-content\/uploads\/2025\/11\/Mauro-Giuliani-Etude-Op1-IIIpart-No10-practice-variant-picture-768x433.jpg 768w, https:\/\/www.learn-music-online.com\/wp-content\/uploads\/2025\/11\/Mauro-Giuliani-Etude-Op1-IIIpart-No10-practice-variant-picture-18x10.jpg 18w, https:\/\/www.learn-music-online.com\/wp-content\/uploads\/2025\/11\/Mauro-Giuliani-Etude-Op1-IIIpart-No10-practice-variant-picture.jpg 1276w\" sizes=\"auto, (max-width: 1024px) 100vw, 1024px\" \/><\/a><\/figure>\n\n\n\n<figure class=\"wp-block-image size-large\"><a href=\"https:\/\/www.learn-music-online.com\/sr\/adelita-francisco-tarrega-expression-teacher-page\/\" target=\"_blank\" rel=\" noreferrer noopener\"><img loading=\"lazy\" decoding=\"async\" width=\"1024\" height=\"576\" src=\"https:\/\/www.learn-music-online.com\/wp-content\/uploads\/2025\/11\/Tarrega_F_Adelita_for_video_producing-expression-1024x576.jpg\" alt=\"\" class=\"wp-image-1775\" srcset=\"https:\/\/www.learn-music-online.com\/wp-content\/uploads\/2025\/11\/Tarrega_F_Adelita_for_video_producing-expression-1024x576.jpg 1024w, https:\/\/www.learn-music-online.com\/wp-content\/uploads\/2025\/11\/Tarrega_F_Adelita_for_video_producing-expression-300x169.jpg 300w, https:\/\/www.learn-music-online.com\/wp-content\/uploads\/2025\/11\/Tarrega_F_Adelita_for_video_producing-expression-768x432.jpg 768w, https:\/\/www.learn-music-online.com\/wp-content\/uploads\/2025\/11\/Tarrega_F_Adelita_for_video_producing-expression-18x10.jpg 18w, https:\/\/www.learn-music-online.com\/wp-content\/uploads\/2025\/11\/Tarrega_F_Adelita_for_video_producing-expression.jpg 1026w\" sizes=\"auto, (max-width: 1024px) 100vw, 1024px\" \/><\/a><\/figure>\n\n\n\n<figure class=\"wp-block-image size-full\"><a href=\"https:\/\/www.learn-music-online.com\/sr\/adelita-francisco-tarrega-practice-teacher-page\/\" target=\"_blank\" rel=\" noreferrer noopener\"><img loading=\"lazy\" decoding=\"async\" width=\"1025\" height=\"579\" src=\"https:\/\/www.learn-music-online.com\/wp-content\/uploads\/2025\/11\/Tarrega_F_Adelita_for_video_producing.jpg\" alt=\"\" class=\"wp-image-1772\" srcset=\"https:\/\/www.learn-music-online.com\/wp-content\/uploads\/2025\/11\/Tarrega_F_Adelita_for_video_producing.jpg 1025w, https:\/\/www.learn-music-online.com\/wp-content\/uploads\/2025\/11\/Tarrega_F_Adelita_for_video_producing-300x169.jpg 300w, https:\/\/www.learn-music-online.com\/wp-content\/uploads\/2025\/11\/Tarrega_F_Adelita_for_video_producing-768x434.jpg 768w, https:\/\/www.learn-music-online.com\/wp-content\/uploads\/2025\/11\/Tarrega_F_Adelita_for_video_producing-18x10.jpg 18w\" sizes=\"auto, (max-width: 1025px) 100vw, 1025px\" \/><\/a><\/figure>","protected":false},"excerpt":{"rendered":"<p>Teacher&#8217;s Library for Elementary Guitar School &#8211; Grade 5 Recommended Online Interactive Video Lessons for Fifth-Year Classical Guitar Students<\/p>","protected":false},"author":1,"featured_media":0,"parent":0,"menu_order":0,"comment_status":"closed","ping_status":"closed","template":"","meta":{"footnotes":""},"class_list":["post-2396","page","type-page","status-publish","hentry"],"aioseo_notices":[],"_links":{"self":[{"href":"https:\/\/www.learn-music-online.com\/sr\/wp-json\/wp\/v2\/pages\/2396","targetHints":{"allow":["GET"]}}],"collection":[{"href":"https:\/\/www.learn-music-online.com\/sr\/wp-json\/wp\/v2\/pages"}],"about":[{"href":"https:\/\/www.learn-music-online.com\/sr\/wp-json\/wp\/v2\/types\/page"}],"author":[{"embeddable":true,"href":"https:\/\/www.learn-music-online.com\/sr\/wp-json\/wp\/v2\/users\/1"}],"replies":[{"embeddable":true,"href":"https:\/\/www.learn-music-online.com\/sr\/wp-json\/wp\/v2\/comments?post=2396"}],"version-history":[{"count":5,"href":"https:\/\/www.learn-music-online.com\/sr\/wp-json\/wp\/v2\/pages\/2396\/revisions"}],"predecessor-version":[{"id":2932,"href":"https:\/\/www.learn-music-online.com\/sr\/wp-json\/wp\/v2\/pages\/2396\/revisions\/2932"}],"wp:attachment":[{"href":"https:\/\/www.learn-music-online.com\/sr\/wp-json\/wp\/v2\/media?parent=2396"}],"curies":[{"name":"wp","href":"https:\/\/api.w.org\/{rel}","templated":true}]}}