{"id":2372,"date":"2025-12-09T01:23:00","date_gmt":"2025-12-08T23:23:00","guid":{"rendered":"https:\/\/www.learn-music-online.com\/?page_id=2372"},"modified":"2026-02-21T13:46:59","modified_gmt":"2026-02-21T11:46:59","slug":"elementary-guitar-school-grade-3-teachers-library","status":"publish","type":"page","link":"https:\/\/www.learn-music-online.com\/sr\/elementary-guitar-school-grade-3-teachers-library\/","title":{"rendered":"Teacher&#8217;s Library Elementary Guitar School-Grade 3"},"content":{"rendered":"<div class=\"wp-block-group alignwide has-global-padding is-content-justification-left is-layout-constrained wp-container-core-group-is-layout-8b4c372c wp-block-group-is-layout-constrained\">\n<h2 class=\"wp-block-heading has-large-font-size\">Biblioteka za nastavnike za osnovnu \u0161kolu gitare \u2013 3. razred<\/h2>\n\n\n\n<p style=\"margin-top:16px\">Preporu\u010dene Online interaktivne video lekcije za u\u010denike klasi\u010dne gitare tre\u0107e godine<\/p>\n<\/div>\n\n\n\n<figure class=\"wp-block-image size-large\"><a href=\"https:\/\/www.learn-music-online.com\/sr\/etude-in-a-minor-giuliani-teacher-page\/\" target=\"_blank\" rel=\" noreferrer noopener\"><img loading=\"lazy\" decoding=\"async\" width=\"1024\" height=\"578\" src=\"https:\/\/www.learn-music-online.com\/wp-content\/uploads\/2025\/02\/Etida-u-a-molu-M.-Dulijani-slika-1024x578.jpg\" alt=\"\" class=\"wp-image-873\" srcset=\"https:\/\/www.learn-music-online.com\/wp-content\/uploads\/2025\/02\/Etida-u-a-molu-M.-Dulijani-slika-1024x578.jpg 1024w, https:\/\/www.learn-music-online.com\/wp-content\/uploads\/2025\/02\/Etida-u-a-molu-M.-Dulijani-slika-300x169.jpg 300w, https:\/\/www.learn-music-online.com\/wp-content\/uploads\/2025\/02\/Etida-u-a-molu-M.-Dulijani-slika-768x434.jpg 768w, https:\/\/www.learn-music-online.com\/wp-content\/uploads\/2025\/02\/Etida-u-a-molu-M.-Dulijani-slika-18x10.jpg 18w, https:\/\/www.learn-music-online.com\/wp-content\/uploads\/2025\/02\/Etida-u-a-molu-M.-Dulijani-slika.jpg 1279w\" sizes=\"auto, (max-width: 1024px) 100vw, 1024px\" \/><\/a><\/figure>\n\n\n\n<figure class=\"wp-block-image size-full\"><a href=\"https:\/\/www.learn-music-online.com\/sr\/etude-in-e-minor-tarrega-teacher-page\/\" target=\"_blank\" rel=\" noreferrer noopener\"><img loading=\"lazy\" decoding=\"async\" width=\"1024\" height=\"575\" src=\"https:\/\/www.learn-music-online.com\/wp-content\/uploads\/2025\/02\/Tarrega-Etude-in-E-minor.jpg\" alt=\"\" class=\"wp-image-886\" srcset=\"https:\/\/www.learn-music-online.com\/wp-content\/uploads\/2025\/02\/Tarrega-Etude-in-E-minor.jpg 1024w, https:\/\/www.learn-music-online.com\/wp-content\/uploads\/2025\/02\/Tarrega-Etude-in-E-minor-300x168.jpg 300w, https:\/\/www.learn-music-online.com\/wp-content\/uploads\/2025\/02\/Tarrega-Etude-in-E-minor-768x431.jpg 768w, https:\/\/www.learn-music-online.com\/wp-content\/uploads\/2025\/02\/Tarrega-Etude-in-E-minor-18x10.jpg 18w\" sizes=\"auto, (max-width: 1024px) 100vw, 1024px\" \/><\/a><\/figure>\n\n\n\n<figure class=\"wp-block-image size-large\"><a href=\"https:\/\/www.learn-music-online.com\/sr\/calatayud-caramba-teacher-page\/\" target=\"_blank\" rel=\" noreferrer noopener\"><img loading=\"lazy\" decoding=\"async\" width=\"1024\" height=\"577\" src=\"https:\/\/www.learn-music-online.com\/wp-content\/uploads\/2025\/02\/Caramba-slika-1024x577.jpg\" alt=\"\" class=\"wp-image-897\" srcset=\"https:\/\/www.learn-music-online.com\/wp-content\/uploads\/2025\/02\/Caramba-slika-1024x577.jpg 1024w, https:\/\/www.learn-music-online.com\/wp-content\/uploads\/2025\/02\/Caramba-slika-300x169.jpg 300w, https:\/\/www.learn-music-online.com\/wp-content\/uploads\/2025\/02\/Caramba-slika-768x433.jpg 768w, https:\/\/www.learn-music-online.com\/wp-content\/uploads\/2025\/02\/Caramba-slika-18x10.jpg 18w, https:\/\/www.learn-music-online.com\/wp-content\/uploads\/2025\/02\/Caramba-slika.jpg 1279w\" sizes=\"auto, (max-width: 1024px) 100vw, 1024px\" \/><\/a><\/figure>\n\n\n\n<figure class=\"wp-block-image size-large\"><a href=\"https:\/\/www.learn-music-online.com\/sr\/drunken-sailor-guitar-teacher-page\/\" target=\"_blank\" rel=\" noreferrer noopener\"><img loading=\"lazy\" decoding=\"async\" width=\"1024\" height=\"577\" src=\"https:\/\/www.learn-music-online.com\/wp-content\/uploads\/2025\/02\/Drunken-Sailor-1024x577.jpg\" alt=\"\" class=\"wp-image-907\" srcset=\"https:\/\/www.learn-music-online.com\/wp-content\/uploads\/2025\/02\/Drunken-Sailor-1024x577.jpg 1024w, https:\/\/www.learn-music-online.com\/wp-content\/uploads\/2025\/02\/Drunken-Sailor-300x169.jpg 300w, https:\/\/www.learn-music-online.com\/wp-content\/uploads\/2025\/02\/Drunken-Sailor-768x433.jpg 768w, https:\/\/www.learn-music-online.com\/wp-content\/uploads\/2025\/02\/Drunken-Sailor-18x10.jpg 18w, https:\/\/www.learn-music-online.com\/wp-content\/uploads\/2025\/02\/Drunken-Sailor.jpg 1282w\" sizes=\"auto, (max-width: 1024px) 100vw, 1024px\" \/><\/a><\/figure>","protected":false},"excerpt":{"rendered":"<p>Teacher&#8217;s Library for Elementary Guitar School &#8211; Grade 3 Recommended Online Interactive Video Lessons for Third-Year Classical Guitar Students<\/p>","protected":false},"author":1,"featured_media":0,"parent":0,"menu_order":0,"comment_status":"closed","ping_status":"closed","template":"","meta":{"footnotes":""},"class_list":["post-2372","page","type-page","status-publish","hentry"],"aioseo_notices":[],"_links":{"self":[{"href":"https:\/\/www.learn-music-online.com\/sr\/wp-json\/wp\/v2\/pages\/2372","targetHints":{"allow":["GET"]}}],"collection":[{"href":"https:\/\/www.learn-music-online.com\/sr\/wp-json\/wp\/v2\/pages"}],"about":[{"href":"https:\/\/www.learn-music-online.com\/sr\/wp-json\/wp\/v2\/types\/page"}],"author":[{"embeddable":true,"href":"https:\/\/www.learn-music-online.com\/sr\/wp-json\/wp\/v2\/users\/1"}],"replies":[{"embeddable":true,"href":"https:\/\/www.learn-music-online.com\/sr\/wp-json\/wp\/v2\/comments?post=2372"}],"version-history":[{"count":6,"href":"https:\/\/www.learn-music-online.com\/sr\/wp-json\/wp\/v2\/pages\/2372\/revisions"}],"predecessor-version":[{"id":2887,"href":"https:\/\/www.learn-music-online.com\/sr\/wp-json\/wp\/v2\/pages\/2372\/revisions\/2887"}],"wp:attachment":[{"href":"https:\/\/www.learn-music-online.com\/sr\/wp-json\/wp\/v2\/media?parent=2372"}],"curies":[{"name":"wp","href":"https:\/\/api.w.org\/{rel}","templated":true}]}}