{"id":2367,"date":"2025-12-09T01:07:56","date_gmt":"2025-12-08T23:07:56","guid":{"rendered":"https:\/\/www.learn-music-online.com\/?page_id=2367"},"modified":"2026-04-04T12:27:07","modified_gmt":"2026-04-04T10:27:07","slug":"teachers-guitar-library-elementary-music-school","status":"publish","type":"page","link":"https:\/\/www.learn-music-online.com\/sr\/teachers-guitar-library-elementary-music-school\/","title":{"rendered":"Teachers Guitar Library for Elementary Music School"},"content":{"rendered":"<div class=\"wp-block-group alignfull has-background-background-color has-background has-global-padding is-layout-constrained wp-container-core-group-is-layout-68d5e5bb wp-block-group-is-layout-constrained\" style=\"margin-top:0;margin-bottom:0;padding-top:var(--wp--preset--spacing--50);padding-right:var(--wp--preset--spacing--30);padding-bottom:var(--wp--preset--spacing--60);padding-left:var(--wp--preset--spacing--30)\">\n<div class=\"wp-block-group alignwide has-tertiary-background-color has-background has-global-padding is-layout-constrained wp-container-core-group-is-layout-056f53c0 wp-block-group-is-layout-constrained\" style=\"border-radius:1.5rem;padding-top:var(--wp--preset--spacing--40);padding-right:var(--wp--preset--spacing--40);padding-bottom:var(--wp--preset--spacing--40);padding-left:var(--wp--preset--spacing--40)\">\n<div class=\"wp-block-group alignwide has-global-padding is-content-justification-left is-layout-constrained wp-container-core-group-is-layout-12dd3699 wp-block-group-is-layout-constrained\">\n<h2 class=\"wp-block-heading\" style=\"margin-top:12px\">Biblioteka za nastavu gitare u osnovnoj muzi\u010dkoj \u0161koli<\/h2>\n\n\n\n<p class=\"has-medium-font-size\" style=\"margin-top:16px\">Preporu\u010dene video lekcije za podu\u010davanje prvih \u0161est godina u\u010denja klasi\u010dne gitare<\/p>\n<\/div>\n\n\n\n<div class=\"wp-block-columns alignwide is-layout-flex wp-container-core-columns-is-layout-47c06fe3 wp-block-columns-is-layout-flex\">\n<div class=\"wp-block-column is-layout-flow wp-block-column-is-layout-flow\">\n<div class=\"wp-block-group has-global-padding is-layout-constrained wp-block-group-is-layout-constrained\">\n<p><a href=\"https:\/\/www.learn-music-online.com\/sr\/teachers-library-elementary-guitar-school-grade-1\/\" title=\"\">1. razred<\/a><\/p>\n\n\n\n<p class=\"has-small-font-size\" style=\"margin-top:8px\">Podu\u010davajte kompozicije kao \u0161to su: Valcer u C-duru, Ri\u010derkar, Speak Softly Love\u2026<\/p>\n<\/div>\n\n\n\n<div class=\"wp-block-group has-global-padding is-layout-constrained wp-block-group-is-layout-constrained\">\n<h3 class=\"wp-block-heading\" style=\"font-size:clamp(14px, 0.875rem + ((1vw - 3.2px) * 0.625), 20px);line-height:1.5\"><a href=\"https:\/\/www.learn-music-online.com\/sr\/teachers-library-elementary-guitar-school-grade-2\/\" title=\"\">2. razred<\/a><\/h3>\n\n\n\n<p class=\"has-small-font-size\" style=\"margin-top:8px\">Podu\u010davajte kompozicije kao \u0161to su: Valcer u A-duru, Etidi u a-molu, Malagenja-\u0161panski ples\u2026<\/p>\n<\/div>\n<\/div>\n\n\n\n<div class=\"wp-block-column is-layout-flow wp-block-column-is-layout-flow\">\n<div class=\"wp-block-group has-global-padding is-layout-constrained wp-block-group-is-layout-constrained\">\n<h3 class=\"wp-block-heading\" style=\"font-size:clamp(14px, 0.875rem + ((1vw - 3.2px) * 0.625), 20px);line-height:1.5\"><a href=\"https:\/\/www.learn-music-online.com\/sr\/elementary-guitar-school-grade-3-teachers-library\/\" title=\"\">3. razred<\/a><\/h3>\n\n\n\n<p class=\"has-small-font-size\" style=\"margin-top:8px\">Podu\u010davajte kompozicije kao \u0161to su: \u201eEtida u e-molu\u201c od Tarege i \u201eCaramba! \u2013 Habanera\u201c od Calatajuda.<\/p>\n<\/div>\n\n\n\n<div class=\"wp-block-group has-global-padding is-layout-constrained wp-block-group-is-layout-constrained\">\n<h3 class=\"wp-block-heading\" style=\"font-size:clamp(14px, 0.875rem + ((1vw - 3.2px) * 0.625), 20px);line-height:1.5\"><a href=\"https:\/\/www.learn-music-online.com\/sr\/teachers-library-elementary-guitar-school-grade-4\/\" title=\"\">4. razred<\/a><\/h3>\n\n\n\n<p class=\"has-small-font-size\" style=\"margin-top:8px\">Podu\u010davajte kompozicije kao \u0161to su: Studio kampanela od Tarege, Romansa-anonimus...<\/p>\n<\/div>\n<\/div>\n\n\n\n<div class=\"wp-block-column is-layout-flow wp-block-column-is-layout-flow\">\n<div class=\"wp-block-group has-global-padding is-layout-constrained wp-block-group-is-layout-constrained\">\n<h3 class=\"wp-block-heading\" style=\"font-size:clamp(14px, 0.875rem + ((1vw - 3.2px) * 0.625), 20px);line-height:1.5\"><a href=\"https:\/\/www.learn-music-online.com\/sr\/teachers-library-elementary-guitar-school-grade-5\/\" title=\"\">5. razred<\/a><\/h3>\n\n\n\n<p class=\"has-small-font-size\" style=\"margin-top:8px\">Podu\u010davajte kompozicije kao \u0161to su: Valcer \u010doro od kompozitora Klejnjansa, Bahov Bure u e-molu...<\/p>\n\n\n\n<h3 class=\"wp-block-heading\" style=\"font-size:clamp(14px, 0.875rem + ((1vw - 3.2px) * 0.625), 20px);line-height:1.5\"><a href=\"https:\/\/www.learn-music-online.com\/sr\/teachers-library-elementary-guitar-school-grade-6\/\" title=\"\">6. razred<\/a><\/h3>\n\n\n\n<p class=\"has-small-font-size\" style=\"margin-top:8px\">Podu\u010davajte kompozicije kao \u0161to su: Brodvej no\u0107u od Paradiza, Staru \u0161pansku pesmu od Mozanija itd.<\/p>\n<\/div>\n<\/div>\n<\/div>\n<\/div>\n<\/div>","protected":false},"excerpt":{"rendered":"<p>Guitar Library for Teaching in Elementary Music School Recommended Video Lessons for Teaching the First Six Years of Classical Guitar Study Grade 1 Teach compositions such as: Valse in C Major, Ricercar, Speak Softly Love\u2026 Grade 2 Teach compositions such as: Valse in A Major, \u00c9tude in A Minor, Malague\u00f1a \u2013 Spanish Dance\u2026 Grade 3 [&hellip;]<\/p>\n","protected":false},"author":1,"featured_media":0,"parent":0,"menu_order":0,"comment_status":"closed","ping_status":"closed","template":"","meta":{"footnotes":""},"class_list":["post-2367","page","type-page","status-publish","hentry"],"aioseo_notices":[],"_links":{"self":[{"href":"https:\/\/www.learn-music-online.com\/sr\/wp-json\/wp\/v2\/pages\/2367","targetHints":{"allow":["GET"]}}],"collection":[{"href":"https:\/\/www.learn-music-online.com\/sr\/wp-json\/wp\/v2\/pages"}],"about":[{"href":"https:\/\/www.learn-music-online.com\/sr\/wp-json\/wp\/v2\/types\/page"}],"author":[{"embeddable":true,"href":"https:\/\/www.learn-music-online.com\/sr\/wp-json\/wp\/v2\/users\/1"}],"replies":[{"embeddable":true,"href":"https:\/\/www.learn-music-online.com\/sr\/wp-json\/wp\/v2\/comments?post=2367"}],"version-history":[{"count":9,"href":"https:\/\/www.learn-music-online.com\/sr\/wp-json\/wp\/v2\/pages\/2367\/revisions"}],"predecessor-version":[{"id":3495,"href":"https:\/\/www.learn-music-online.com\/sr\/wp-json\/wp\/v2\/pages\/2367\/revisions\/3495"}],"wp:attachment":[{"href":"https:\/\/www.learn-music-online.com\/sr\/wp-json\/wp\/v2\/media?parent=2367"}],"curies":[{"name":"wp","href":"https:\/\/api.w.org\/{rel}","templated":true}]}}