{"id":2358,"date":"2025-12-09T00:45:10","date_gmt":"2025-12-08T22:45:10","guid":{"rendered":"https:\/\/www.learn-music-online.com\/?page_id=2358"},"modified":"2026-03-11T13:22:17","modified_gmt":"2026-03-11T11:22:17","slug":"teachers-library-guitar-lessons","status":"publish","type":"page","link":"https:\/\/www.learn-music-online.com\/sr\/teachers-library-guitar-lessons\/","title":{"rendered":"Teachers Library for Guitar Lessons"},"content":{"rendered":"<div class=\"wp-block-group alignfull has-background-background-color has-background has-global-padding is-layout-constrained wp-container-core-group-is-layout-68d5e5bb wp-block-group-is-layout-constrained\" style=\"margin-top:0;margin-bottom:0;padding-top:var(--wp--preset--spacing--50);padding-right:var(--wp--preset--spacing--30);padding-bottom:var(--wp--preset--spacing--60);padding-left:var(--wp--preset--spacing--30)\">\n<div class=\"wp-block-group alignwide has-global-padding is-content-justification-left is-layout-constrained wp-container-core-group-is-layout-12dd3699 wp-block-group-is-layout-constrained\">\n<h2 class=\"wp-block-heading has-large-font-size\">Biblioteka resursa nastavnika za \u010dasove gitare<\/h2>\n\n\n\n<p style=\"margin-top:16px\">Otkrijte klasi\u010dna remek-dela, aran\u017emane popularne i narodne muzike za gitaru koje mo\u017eete podu\u010davati onlajn.<\/p>\n<\/div>\n\n\n\n<div class=\"wp-block-columns alignwide is-layout-flex wp-container-core-columns-is-layout-87beb0d0 wp-block-columns-is-layout-flex\">\n<div class=\"wp-block-column has-tertiary-background-color has-background is-layout-flow wp-block-column-is-layout-flow\" style=\"padding-top:1.5rem;padding-right:1.5rem;padding-bottom:1.5rem;padding-left:1.5rem\">\n<h3 class=\"wp-block-heading\" style=\"font-size:clamp(14px, 0.875rem + ((1vw - 3.2px) * 0.625), 20px);line-height:1.5\"><a href=\"https:\/\/www.learn-music-online.com\/sr\/teachers-guitar-library-elementary-music-school\/\" title=\"\">Osnovna muzi\u010dka \u0161kola<\/a><\/h3>\n\n\n\n<p class=\"has-small-font-size\" style=\"margin-top:8px\">Preporu\u010dene onlajn video lekcije za prvih \u0161est godina u\u010denja klasi\u010dne gitare: Sveobuhvatni vodi\u010d za po\u010detnike i srednje napredne svira\u010de<\/p>\n<\/div>\n\n\n\n<div class=\"wp-block-column has-tertiary-background-color has-background is-layout-flow wp-block-column-is-layout-flow\" style=\"padding-top:1.5rem;padding-right:1.5rem;padding-bottom:1.5rem;padding-left:1.5rem\">\n<h3 class=\"wp-block-heading\" style=\"font-size:clamp(14px, 0.875rem + ((1vw - 3.2px) * 0.625), 20px);line-height:1.5\"><a href=\"https:\/\/www.learn-music-online.com\/sr\/teachers-library-high-school-of-guitar\/\" title=\"\">Srednja muzi\u010dka \u0161kola<\/a><\/h3>\n\n\n\n<p class=\"has-small-font-size\" style=\"margin-top:8px\">Preporu\u010dene video lekcije za iskusne klasi\u010dne gitariste za dalje unapre\u0111enje ve\u0161tina i savladavanje naprednih tehnika i muzi\u010dkog izra\u017eavanja<\/p>\n<\/div>\n\n\n\n<div class=\"wp-block-column has-tertiary-background-color has-background is-layout-flow wp-block-column-is-layout-flow\" style=\"padding-top:1.5rem;padding-right:1.5rem;padding-bottom:1.5rem;padding-left:1.5rem\">\n<h3 class=\"wp-block-heading\" style=\"font-size:clamp(14px, 0.875rem + ((1vw - 3.2px) * 0.625), 20px);line-height:1.5\"><a href=\"https:\/\/www.learn-music-online.com\/sr\/teachers-library-popular-folk-music-guitar\/\" title=\"\">Popularna i narodna muzika<\/a><\/h3>\n\n\n\n<p class=\"has-small-font-size\" style=\"margin-top:8px\">Istra\u017eite gitarske aran\u017emane popularnih i narodnih pesama, savr\u0161ene za onlajn nastavu. Osmi\u0161ljeni su da anga\u017euju u\u010denike svih nivoa, \u010dine\u0107i \u010dasove na daljinu prijatnim i efikasnim.<\/p>\n<\/div>\n\n\n\n<div class=\"wp-block-column has-tertiary-background-color has-background is-layout-flow wp-block-column-is-layout-flow\" style=\"padding-top:1.5rem;padding-right:1.5rem;padding-bottom:1.5rem;padding-left:1.5rem\">\n<h3 class=\"wp-block-heading\" style=\"font-size:clamp(14px, 0.875rem + ((1vw - 3.2px) * 0.625), 20px);line-height:1.5\"><a href=\"https:\/\/www.learn-music-online.com\/sr\/teachers-guitar-library-competition-program\/\" title=\"\">Takmi\u010darski program<\/a><\/h3>\n\n\n\n<p class=\"has-small-font-size\" style=\"margin-top:8px\">Istra\u017eite raznovrsne zanimljive gitarske komade u takmi\u010darskom programu kroz ove interaktivne video zapise, osmi\u0161ljene da pru\u017ee trenutno i zanimljivo iskustvo va\u0161im u\u010denicima.<\/p>\n<\/div>\n<\/div>\n<\/div>","protected":false},"excerpt":{"rendered":"<p>Teachers&#8217; Resource Library for Guitar Lessons Discover classical masterpieces, arrangements of popular and folk music for guitar that you can teach online. Elementary School of Music Recommended Online Video Lessons for the First Six Years of Classical Guitar Study: A Comprehensive Guide for Beginners and Intermediate Players High School of Music Recommended Video Lessons for [&hellip;]<\/p>\n","protected":false},"author":1,"featured_media":0,"parent":0,"menu_order":0,"comment_status":"closed","ping_status":"closed","template":"","meta":{"footnotes":""},"class_list":["post-2358","page","type-page","status-publish","hentry"],"aioseo_notices":[],"_links":{"self":[{"href":"https:\/\/www.learn-music-online.com\/sr\/wp-json\/wp\/v2\/pages\/2358","targetHints":{"allow":["GET"]}}],"collection":[{"href":"https:\/\/www.learn-music-online.com\/sr\/wp-json\/wp\/v2\/pages"}],"about":[{"href":"https:\/\/www.learn-music-online.com\/sr\/wp-json\/wp\/v2\/types\/page"}],"author":[{"embeddable":true,"href":"https:\/\/www.learn-music-online.com\/sr\/wp-json\/wp\/v2\/users\/1"}],"replies":[{"embeddable":true,"href":"https:\/\/www.learn-music-online.com\/sr\/wp-json\/wp\/v2\/comments?post=2358"}],"version-history":[{"count":10,"href":"https:\/\/www.learn-music-online.com\/sr\/wp-json\/wp\/v2\/pages\/2358\/revisions"}],"predecessor-version":[{"id":3359,"href":"https:\/\/www.learn-music-online.com\/sr\/wp-json\/wp\/v2\/pages\/2358\/revisions\/3359"}],"wp:attachment":[{"href":"https:\/\/www.learn-music-online.com\/sr\/wp-json\/wp\/v2\/media?parent=2358"}],"curies":[{"name":"wp","href":"https:\/\/api.w.org\/{rel}","templated":true}]}}