{"id":16,"date":"2024-12-22T07:36:39","date_gmt":"2024-12-22T07:36:39","guid":{"rendered":"https:\/\/www.learn-music-online.com\/faq\/"},"modified":"2026-02-25T19:15:27","modified_gmt":"2026-02-25T17:15:27","slug":"faq","status":"publish","type":"page","link":"https:\/\/www.learn-music-online.com\/sr\/faq\/","title":{"rendered":"Pitanja"},"content":{"rendered":"<div class=\"wp-block-group alignfull has-background-background-color has-background has-global-padding is-layout-constrained wp-block-group-is-layout-constrained\" style=\"margin-top:0;margin-bottom:0;padding-top:0;padding-bottom:0\">\n<div class=\"wp-block-cover alignfull\" style=\"padding-top:0;padding-right:0;padding-bottom:0;padding-left:0;min-height:50px;aspect-ratio:unset;\"><img loading=\"lazy\" decoding=\"async\" width=\"1280\" height=\"853\" class=\"wp-block-cover__image-background wp-image-48\" alt=\"\" src=\"https:\/\/www.learn-music-online.com\/wp-content\/uploads\/2024\/12\/d7050c84e77896f3f2e15a57e7308fbd58ffe11a.jpg\" data-object-fit=\"cover\" srcset=\"https:\/\/www.learn-music-online.com\/wp-content\/uploads\/2024\/12\/d7050c84e77896f3f2e15a57e7308fbd58ffe11a.jpg 1280w, https:\/\/www.learn-music-online.com\/wp-content\/uploads\/2024\/12\/d7050c84e77896f3f2e15a57e7308fbd58ffe11a-300x200.jpg 300w, https:\/\/www.learn-music-online.com\/wp-content\/uploads\/2024\/12\/d7050c84e77896f3f2e15a57e7308fbd58ffe11a-1024x682.jpg 1024w, https:\/\/www.learn-music-online.com\/wp-content\/uploads\/2024\/12\/d7050c84e77896f3f2e15a57e7308fbd58ffe11a-768x512.jpg 768w\" sizes=\"auto, (max-width: 1280px) 100vw, 1280px\" \/><span aria-hidden=\"true\" class=\"wp-block-cover__background has-black-background-color has-background-dim-60 has-background-dim\"><\/span><div class=\"wp-block-cover__inner-container is-layout-flow wp-block-cover-is-layout-flow\">\n<div class=\"wp-block-group has-global-padding is-layout-constrained wp-container-core-group-is-layout-dc79e9a9 wp-block-group-is-layout-constrained\" style=\"padding-top:var(--wp--preset--spacing--60);padding-right:var(--wp--preset--spacing--30);padding-bottom:var(--wp--preset--spacing--60);padding-left:var(--wp--preset--spacing--30)\">\n<h1 class=\"wp-block-heading has-text-align-center has-text-color has-x-large-font-size\" style=\"color:#fffffffc\">Pobolj\u0161ajte sluh uz zanimljive se\u0161ne<\/h1>\n<\/div>\n<\/div><\/div>\n<\/div>\n\n\n\n<div class=\"wp-block-group alignfull has-tertiary-background-color has-background has-global-padding is-layout-constrained wp-container-core-group-is-layout-7276a2bb wp-block-group-is-layout-constrained\" id=\"faq\" style=\"margin-top:0;margin-bottom:0;padding-top:var(--wp--preset--spacing--60);padding-right:var(--wp--preset--spacing--30);padding-bottom:var(--wp--preset--spacing--60);padding-left:var(--wp--preset--spacing--30)\">\n<div class=\"wp-block-columns alignwide is-layout-flex wp-container-core-columns-is-layout-714d85e9 wp-block-columns-is-layout-flex\">\n<div class=\"wp-block-column is-layout-flow wp-block-column-is-layout-flow\" style=\"flex-basis:33.33%\">\n<h2 class=\"wp-block-heading has-text-align-left has-large-font-size\">Osnovni resursi za u\u010denike muzike<\/h2>\n\n\n\n<p class=\"has-text-align-left\" style=\"margin-top:16px\">Otkrijte brze odgovore na \u010desto postavljana pitanja, osiguravaju\u0107i da brzo dobijete potrebne informacije.<\/p>\n<\/div>\n\n\n\n<div class=\"wp-block-column is-layout-flow wp-block-column-is-layout-flow\" style=\"flex-basis:66.66%\">\n<div class=\"wp-block-group is-layout-flow wp-block-group-is-layout-flow\" style=\"border-bottom-color:var(--wp--preset--color--tertiary);border-bottom-width:1px;margin-top:0;padding-top:0;padding-bottom:var(--wp--preset--spacing--30)\">\n<h4 class=\"wp-block-heading has-medium-font-size\">Koje instrumente mogu da u\u010dim na Muzika Online?<\/h4>\n\n\n\n<p class=\"has-small-font-size\" style=\"margin-top:12px\">Nudimo \u010dasove za gitaru, klavir, violinu, pevanje i jo\u0161 mnogo toga.<\/p>\n<\/div>\n\n\n\n<div class=\"wp-block-group is-layout-flow wp-block-group-is-layout-flow\" style=\"border-bottom-color:var(--wp--preset--color--tertiary);border-bottom-width:1px;margin-top:0;padding-top:var(--wp--preset--spacing--30);padding-bottom:var(--wp--preset--spacing--30)\">\n<h4 class=\"wp-block-heading has-medium-font-size\">Kako mogu da koristim interaktivne lekcije?<\/h4>\n\n\n\n<p class=\"has-small-font-size\" style=\"margin-top:12px\">Morate biti registrovani na sajtu. Zatim pratite ostatak uputstava interaktivnih komandi na stranici lekcije.<\/p>\n<\/div>\n\n\n\n<div class=\"wp-block-group is-layout-flow wp-block-group-is-layout-flow\" style=\"border-bottom-color:var(--wp--preset--color--tertiary);border-bottom-width:1px;margin-top:0;padding-top:var(--wp--preset--spacing--30);padding-bottom:var(--wp--preset--spacing--30)\">\n<h4 class=\"wp-block-heading has-medium-font-size\">Kako mogu da koristim interaktivne note?<\/h4>\n\n\n\n<p class=\"has-small-font-size\" style=\"margin-top:12px\">Morate biti registrovani na sajtu. Zatim mo\u017eete popuniti note kao test na interaktivnoj stranici sa notama.<\/p>\n<\/div>\n\n\n\n<div class=\"wp-block-group is-layout-flow wp-block-group-is-layout-flow\" style=\"border-bottom-color:var(--wp--preset--color--tertiary);border-bottom-width:1px;margin-top:0;padding-top:var(--wp--preset--spacing--30);padding-bottom:var(--wp--preset--spacing--30)\">\n<h4 class=\"wp-block-heading has-medium-font-size\">Da li postoje neki besplatni kursevi?<\/h4>\n\n\n\n<p class=\"has-small-font-size\" style=\"margin-top:12px\">Da, nudimo izbor besplatnih kurseva kao interaktivne lekcije i interaktivne bele\u0161ke, gde mo\u017eete sami da podesite tempo u\u010denja.<\/p>\n<\/div>\n\n\n\n<div class=\"wp-block-group is-layout-flow wp-block-group-is-layout-flow\" style=\"border-bottom-color:var(--wp--preset--color--tertiary);border-bottom-width:1px;margin-top:0;padding-top:var(--wp--preset--spacing--30);padding-bottom:var(--wp--preset--spacing--30)\">\n<h4 class=\"wp-block-heading has-medium-font-size\">Da li je moj nalog besplatan?<\/h4>\n\n\n\n<p class=\"has-small-font-size\" style=\"margin-top:12px\">Da, nakon uspe\u0161ne registracije mo\u017eete koristiti svoj nalog koliko god \u017eelite. Prijava je potrebna da bi sve interaktivne funkcije lekcija i bele\u0161ki uspe\u0161no funkcionisale.<\/p>\n<\/div>\n\n\n\n<div class=\"wp-block-group is-layout-flow wp-block-group-is-layout-flow\" style=\"margin-top:0;padding-top:var(--wp--preset--spacing--30);padding-bottom:0\">\n<h4 class=\"wp-block-heading has-medium-font-size\">Mogu li pristupiti \u010dasovima muzi\u010dke teorije?<\/h4>\n\n\n\n<p class=\"has-small-font-size\" style=\"margin-top:12px\">Apsolutno, pru\u017eamo sveobuhvatne interaktivne \u010dasove muzi\u010dke teorije.<\/p>\n<\/div>\n<\/div>\n<\/div>\n<\/div>\n\n\n\n<div class=\"wp-block-group alignfull has-background-background-color has-background has-global-padding is-layout-constrained wp-container-core-group-is-layout-68d5e5bb wp-block-group-is-layout-constrained\" id=\"features\" style=\"margin-top:0;margin-bottom:0;padding-top:var(--wp--preset--spacing--50);padding-right:var(--wp--preset--spacing--30);padding-bottom:var(--wp--preset--spacing--60);padding-left:var(--wp--preset--spacing--30)\">\n<div class=\"wp-block-group alignwide has-global-padding is-content-justification-left is-layout-constrained wp-container-core-group-is-layout-12dd3699 wp-block-group-is-layout-constrained\">\n<h2 class=\"wp-block-heading has-large-font-size\">Savladajte muzi\u010dku teoriju u svom ritmu<\/h2>\n\n\n\n<p style=\"margin-top:16px\">Explore our standout features here.<\/p>\n<\/div>\n\n\n\n<div class=\"wp-block-columns alignwide is-layout-flex wp-container-core-columns-is-layout-87beb0d0 wp-block-columns-is-layout-flex\">\n<div class=\"wp-block-column has-tertiary-background-color has-background is-layout-flow wp-block-column-is-layout-flow\" style=\"padding-top:1.5rem;padding-right:1.5rem;padding-bottom:1.5rem;padding-left:1.5rem\">\n<h3 class=\"wp-block-heading\" style=\"font-size:clamp(14px, 0.875rem + ((1vw - 3.2px) * 0.625), 20px);line-height:1.5\"><a href=\"https:\/\/www.learn-music-online.com\/sr\/interactive-music-lessons\/\" title=\"\">Online lekcije<\/a><\/h3>\n\n\n\n<p class=\"has-small-font-size\" style=\"margin-top:8px\">Nau\u010dite instrumente uz stru\u010dno navo\u0111enje<\/p>\n<\/div>\n\n\n\n<div class=\"wp-block-column has-tertiary-background-color has-background is-layout-flow wp-block-column-is-layout-flow\" style=\"padding-top:1.5rem;padding-right:1.5rem;padding-bottom:1.5rem;padding-left:1.5rem\">\n<h3 class=\"wp-block-heading\" style=\"font-size:clamp(14px, 0.875rem + ((1vw - 3.2px) * 0.625), 20px);line-height:1.5\"><a href=\"https:\/\/www.learn-music-online.com\/sr\/interactive-notes\/\" title=\"\">Interaktivni alati<\/a><\/h3>\n\n\n\n<p class=\"has-small-font-size\" style=\"margin-top:8px\">Unapredite ve\u0161tine uz pomo\u0107 zanimljivih resursa.<\/p>\n<\/div>\n\n\n\n<div class=\"wp-block-column has-tertiary-background-color has-background is-layout-flow wp-block-column-is-layout-flow\" style=\"padding-top:1.5rem;padding-right:1.5rem;padding-bottom:1.5rem;padding-left:1.5rem\">\n<h3 class=\"wp-block-heading\" style=\"font-size:clamp(14px, 0.875rem + ((1vw - 3.2px) * 0.625), 20px);line-height:1.5\"><a href=\"https:\/\/www.learn-music-online.com\/sr\/about\/\" title=\"\">Peronalne instrukcije<\/a><\/h3>\n\n\n\n<p class=\"has-small-font-size\" style=\"margin-top:8px\">Dobijte prilago\u0111ene savete od vrhunskih muzi\u010dara.<\/p>\n<\/div>\n\n\n\n<div class=\"wp-block-column has-tertiary-background-color has-background is-layout-flow wp-block-column-is-layout-flow\" style=\"padding-top:1.5rem;padding-right:1.5rem;padding-bottom:1.5rem;padding-left:1.5rem\">\n<h3 class=\"wp-block-heading\" style=\"font-size:clamp(14px, 0.875rem + ((1vw - 3.2px) * 0.625), 20px);line-height:1.5\"><a href=\"https:\/\/www.learn-music-online.com\/sr\/contact\/\" title=\"\">Fleksibilni raspored<\/a><\/h3>\n\n\n\n<p class=\"has-small-font-size\" style=\"margin-top:8px\">Izaberite vreme koje odgovara va\u0161em na\u010dinu \u017eivota.<\/p>\n<\/div>\n<\/div>\n<\/div>\n\n\n\n<div class=\"wp-block-group alignfull has-tertiary-background-color has-background has-global-padding is-layout-constrained wp-container-core-group-is-layout-7276a2bb wp-block-group-is-layout-constrained\" style=\"margin-top:0;margin-bottom:0;padding-top:var(--wp--preset--spacing--60);padding-right:var(--wp--preset--spacing--30);padding-bottom:var(--wp--preset--spacing--60);padding-left:var(--wp--preset--spacing--30)\">\n<div class=\"wp-block-group has-global-padding is-layout-constrained wp-block-group-is-layout-constrained\">\n<h2 class=\"wp-block-heading has-text-align-center has-large-font-size\">Otkrijte svoj zvuk danas<\/h2>\n\n\n\n<p class=\"has-text-align-center\" style=\"margin-top:16px\">Pridru\u017eite nam se sada da biste istra\u017eili na\u0161e muzi\u010dke kurseve, pretplatili se na novosti ili saznali vi\u0161e o na\u0161im uslugama. Krenite sa nama da biste zapo\u010deli svoje muzi\u010dko putovanje ve\u0107 danas!<\/p>\n\n\n\n<div class=\"wp-block-buttons is-content-justification-center is-layout-flex wp-container-core-buttons-is-layout-720bcce9 wp-block-buttons-is-layout-flex\">\n<div class=\"wp-block-button is-style-outline is-style-outline--1\"><a class=\"wp-block-button__link wp-element-button\" href=\"https:\/\/www.learn-music-online.com\/sr\/services\/\">Saznajte vi\u0161e<\/a><\/div>\n\n\n\n<div class=\"wp-block-button\"><a class=\"wp-block-button__link wp-element-button\" href=\"https:\/\/www.learn-music-online.com\/sr\/about\/\">Istra\u017ei vi\u0161e<\/a><\/div>\n<\/div>\n<\/div>\n\n\n\n<div style=\"aspect-ratio:16\/9;min-height:unset;\" class=\"wp-block-cover alignwide has-aspect-ratio\"><img loading=\"lazy\" decoding=\"async\" width=\"1280\" height=\"853\" class=\"wp-block-cover__image-background wp-image-70\" alt=\"\" src=\"https:\/\/www.learn-music-online.com\/wp-content\/uploads\/2024\/12\/ae5dda1fa904a4dfd07f07ea75a332990471146c.jpg\" data-object-fit=\"cover\" srcset=\"https:\/\/www.learn-music-online.com\/wp-content\/uploads\/2024\/12\/ae5dda1fa904a4dfd07f07ea75a332990471146c.jpg 1280w, https:\/\/www.learn-music-online.com\/wp-content\/uploads\/2024\/12\/ae5dda1fa904a4dfd07f07ea75a332990471146c-300x200.jpg 300w, https:\/\/www.learn-music-online.com\/wp-content\/uploads\/2024\/12\/ae5dda1fa904a4dfd07f07ea75a332990471146c-1024x682.jpg 1024w, https:\/\/www.learn-music-online.com\/wp-content\/uploads\/2024\/12\/ae5dda1fa904a4dfd07f07ea75a332990471146c-768x512.jpg 768w\" sizes=\"auto, (max-width: 1280px) 100vw, 1280px\" \/><span aria-hidden=\"true\" class=\"wp-block-cover__background has-background-dim-0 has-background-dim\"><\/span><div class=\"wp-block-cover__inner-container has-global-padding is-layout-constrained wp-block-cover-is-layout-constrained\">\n<div style=\"height:360px\" aria-hidden=\"true\" class=\"wp-block-spacer\"><\/div>\n<\/div><\/div>\n<\/div>","protected":false},"excerpt":{"rendered":"<p>Essential Resources for Music Students Discover quick answers to frequently asked questions, ensuring you get the details you need swiftly. What instruments can I learn on Music Online? We offer lessons for guitar, piano, violin, singing and more. How can I use interactive lessons? You must be sign up to the site. Then follow the [&hellip;]<\/p>\n","protected":false},"author":1,"featured_media":0,"parent":0,"menu_order":0,"comment_status":"closed","ping_status":"closed","template":"no-title","meta":{"footnotes":""},"class_list":["post-16","page","type-page","status-publish","hentry"],"aioseo_notices":[],"_links":{"self":[{"href":"https:\/\/www.learn-music-online.com\/sr\/wp-json\/wp\/v2\/pages\/16","targetHints":{"allow":["GET"]}}],"collection":[{"href":"https:\/\/www.learn-music-online.com\/sr\/wp-json\/wp\/v2\/pages"}],"about":[{"href":"https:\/\/www.learn-music-online.com\/sr\/wp-json\/wp\/v2\/types\/page"}],"author":[{"embeddable":true,"href":"https:\/\/www.learn-music-online.com\/sr\/wp-json\/wp\/v2\/users\/1"}],"replies":[{"embeddable":true,"href":"https:\/\/www.learn-music-online.com\/sr\/wp-json\/wp\/v2\/comments?post=16"}],"version-history":[{"count":9,"href":"https:\/\/www.learn-music-online.com\/sr\/wp-json\/wp\/v2\/pages\/16\/revisions"}],"predecessor-version":[{"id":3090,"href":"https:\/\/www.learn-music-online.com\/sr\/wp-json\/wp\/v2\/pages\/16\/revisions\/3090"}],"wp:attachment":[{"href":"https:\/\/www.learn-music-online.com\/sr\/wp-json\/wp\/v2\/media?parent=16"}],"curies":[{"name":"wp","href":"https:\/\/api.w.org\/{rel}","templated":true}]}}