{"id":136,"date":"2024-12-22T10:09:49","date_gmt":"2024-12-22T10:09:49","guid":{"rendered":"https:\/\/www.learn-music-online.com\/?page_id=136"},"modified":"2025-10-15T09:53:34","modified_gmt":"2025-10-15T07:53:34","slug":"elementary-school-guitar-grade-1","status":"publish","type":"page","link":"https:\/\/www.learn-music-online.com\/sr\/elementary-school-guitar-grade-1\/","title":{"rendered":"Elementary School-Guitar-Grade 1"},"content":{"rendered":"<div class=\"wp-block-group alignfull has-background-background-color has-background has-global-padding is-layout-constrained wp-container-core-group-is-layout-7276a2bb wp-block-group-is-layout-constrained\" style=\"margin-top:0;margin-bottom:0;padding-top:var(--wp--preset--spacing--60);padding-right:var(--wp--preset--spacing--30);padding-bottom:var(--wp--preset--spacing--60);padding-left:var(--wp--preset--spacing--30)\">\n<div class=\"wp-block-group alignwide has-global-padding is-content-justification-left is-layout-constrained wp-container-core-group-is-layout-8b4c372c wp-block-group-is-layout-constrained\">\n<h2 class=\"wp-block-heading has-large-font-size\">Osnovna muzi\u010dka \u0161kola - 1. razred<\/h2>\n\n\n\n<p style=\"margin-top:16px\">Preporu\u010dene video lekcije predvi\u0111ene za prvu godinu u\u010denja klasi\u010dne gitare<\/p>\n<\/div>\n<\/div>\n\n\n\n<figure class=\"wp-block-image size-large\"><a href=\"https:\/\/www.learn-music-online.com\/sr\/lesson-no-1-guitar\/\" target=\"_blank\" rel=\" noreferrer noopener\"><img loading=\"lazy\" decoding=\"async\" width=\"1024\" height=\"576\" src=\"https:\/\/www.learn-music-online.com\/wp-content\/uploads\/2024\/12\/Vezba-br.-1-1024x576.jpg\" alt=\"\" class=\"wp-image-138\" srcset=\"https:\/\/www.learn-music-online.com\/wp-content\/uploads\/2024\/12\/Vezba-br.-1-1024x576.jpg 1024w, https:\/\/www.learn-music-online.com\/wp-content\/uploads\/2024\/12\/Vezba-br.-1-300x169.jpg 300w, https:\/\/www.learn-music-online.com\/wp-content\/uploads\/2024\/12\/Vezba-br.-1-768x432.jpg 768w, https:\/\/www.learn-music-online.com\/wp-content\/uploads\/2024\/12\/Vezba-br.-1.jpg 1280w\" sizes=\"auto, (max-width: 1024px) 100vw, 1024px\" \/><\/a><\/figure>\n\n\n\n<figure class=\"wp-block-image size-large\"><a href=\"https:\/\/www.learn-music-online.com\/sr\/lesson-no-2-guitar\/\" target=\"_blank\" rel=\" noreferrer noopener\"><img loading=\"lazy\" decoding=\"async\" width=\"1024\" height=\"576\" src=\"https:\/\/www.learn-music-online.com\/wp-content\/uploads\/2024\/12\/Vezba-br.-2-1024x576.jpg\" alt=\"\" class=\"wp-image-142\" srcset=\"https:\/\/www.learn-music-online.com\/wp-content\/uploads\/2024\/12\/Vezba-br.-2-1024x576.jpg 1024w, https:\/\/www.learn-music-online.com\/wp-content\/uploads\/2024\/12\/Vezba-br.-2-300x169.jpg 300w, https:\/\/www.learn-music-online.com\/wp-content\/uploads\/2024\/12\/Vezba-br.-2-768x432.jpg 768w, https:\/\/www.learn-music-online.com\/wp-content\/uploads\/2024\/12\/Vezba-br.-2.jpg 1279w\" sizes=\"auto, (max-width: 1024px) 100vw, 1024px\" \/><\/a><\/figure>\n\n\n\n<figure class=\"wp-block-image size-large\"><a href=\"https:\/\/www.learn-music-online.com\/sr\/lesson-no-3-guitar\/\" target=\"_blank\" rel=\" noreferrer noopener\"><img loading=\"lazy\" decoding=\"async\" width=\"1024\" height=\"570\" src=\"https:\/\/www.learn-music-online.com\/wp-content\/uploads\/2024\/12\/Vezba-br.3-1024x570.jpg\" alt=\"\" class=\"wp-image-145\" srcset=\"https:\/\/www.learn-music-online.com\/wp-content\/uploads\/2024\/12\/Vezba-br.3-1024x570.jpg 1024w, https:\/\/www.learn-music-online.com\/wp-content\/uploads\/2024\/12\/Vezba-br.3-300x167.jpg 300w, https:\/\/www.learn-music-online.com\/wp-content\/uploads\/2024\/12\/Vezba-br.3-768x428.jpg 768w, https:\/\/www.learn-music-online.com\/wp-content\/uploads\/2024\/12\/Vezba-br.3.jpg 1280w\" sizes=\"auto, (max-width: 1024px) 100vw, 1024px\" \/><\/a><\/figure>\n\n\n\n<figure class=\"wp-block-image size-large\"><a href=\"https:\/\/www.learn-music-online.com\/sr\/lesson-no-4-guitar\/\" target=\"_blank\" rel=\" noreferrer noopener\"><img loading=\"lazy\" decoding=\"async\" width=\"1024\" height=\"578\" src=\"https:\/\/www.learn-music-online.com\/wp-content\/uploads\/2024\/12\/Vezba-br.4-1024x578.jpg\" alt=\"\" class=\"wp-image-148\" srcset=\"https:\/\/www.learn-music-online.com\/wp-content\/uploads\/2024\/12\/Vezba-br.4-1024x578.jpg 1024w, https:\/\/www.learn-music-online.com\/wp-content\/uploads\/2024\/12\/Vezba-br.4-300x169.jpg 300w, https:\/\/www.learn-music-online.com\/wp-content\/uploads\/2024\/12\/Vezba-br.4-768x434.jpg 768w, https:\/\/www.learn-music-online.com\/wp-content\/uploads\/2024\/12\/Vezba-br.4.jpg 1286w\" sizes=\"auto, (max-width: 1024px) 100vw, 1024px\" \/><\/a><\/figure>\n\n\n\n<figure class=\"wp-block-image size-large\"><a href=\"https:\/\/www.learn-music-online.com\/sr\/lesson-no-5-guitar\/\" target=\"_blank\" rel=\" noreferrer noopener\"><img loading=\"lazy\" decoding=\"async\" width=\"1024\" height=\"578\" src=\"https:\/\/www.learn-music-online.com\/wp-content\/uploads\/2024\/12\/Vezba-br.-5-1024x578.jpg\" alt=\"\" class=\"wp-image-151\" srcset=\"https:\/\/www.learn-music-online.com\/wp-content\/uploads\/2024\/12\/Vezba-br.-5-1024x578.jpg 1024w, https:\/\/www.learn-music-online.com\/wp-content\/uploads\/2024\/12\/Vezba-br.-5-300x169.jpg 300w, https:\/\/www.learn-music-online.com\/wp-content\/uploads\/2024\/12\/Vezba-br.-5-768x434.jpg 768w, https:\/\/www.learn-music-online.com\/wp-content\/uploads\/2024\/12\/Vezba-br.-5.jpg 1286w\" sizes=\"auto, (max-width: 1024px) 100vw, 1024px\" \/><\/a><\/figure>\n\n\n\n<figure class=\"wp-block-image size-large\"><a href=\"https:\/\/www.learn-music-online.com\/sr\/lesson-no-6-guitar\/\" target=\"_blank\" rel=\" noreferrer noopener\"><img loading=\"lazy\" decoding=\"async\" width=\"1024\" height=\"579\" src=\"https:\/\/www.learn-music-online.com\/wp-content\/uploads\/2024\/12\/Vezba-br.-6-1024x579.jpg\" alt=\"\" class=\"wp-image-154\" srcset=\"https:\/\/www.learn-music-online.com\/wp-content\/uploads\/2024\/12\/Vezba-br.-6-1024x579.jpg 1024w, https:\/\/www.learn-music-online.com\/wp-content\/uploads\/2024\/12\/Vezba-br.-6-300x170.jpg 300w, https:\/\/www.learn-music-online.com\/wp-content\/uploads\/2024\/12\/Vezba-br.-6-768x435.jpg 768w, https:\/\/www.learn-music-online.com\/wp-content\/uploads\/2024\/12\/Vezba-br.-6.jpg 1283w\" sizes=\"auto, (max-width: 1024px) 100vw, 1024px\" \/><\/a><\/figure>\n\n\n\n<figure class=\"wp-block-image size-large\"><a href=\"https:\/\/www.learn-music-online.com\/sr\/lesson-no-7-guitar\/\" target=\"_blank\" rel=\" noreferrer noopener\"><img loading=\"lazy\" decoding=\"async\" width=\"1024\" height=\"578\" src=\"https:\/\/www.learn-music-online.com\/wp-content\/uploads\/2024\/12\/Vezba_br_7-1024x578.jpg\" alt=\"\" class=\"wp-image-171\" srcset=\"https:\/\/www.learn-music-online.com\/wp-content\/uploads\/2024\/12\/Vezba_br_7-1024x578.jpg 1024w, https:\/\/www.learn-music-online.com\/wp-content\/uploads\/2024\/12\/Vezba_br_7-300x169.jpg 300w, https:\/\/www.learn-music-online.com\/wp-content\/uploads\/2024\/12\/Vezba_br_7-768x434.jpg 768w, https:\/\/www.learn-music-online.com\/wp-content\/uploads\/2024\/12\/Vezba_br_7.jpg 1286w\" sizes=\"auto, (max-width: 1024px) 100vw, 1024px\" \/><\/a><\/figure>\n\n\n\n<figure class=\"wp-block-image size-large\"><a href=\"https:\/\/www.learn-music-online.com\/sr\/lesson-no-8-guitar\/\" target=\"_blank\" rel=\" noreferrer noopener\"><img loading=\"lazy\" decoding=\"async\" width=\"1024\" height=\"578\" src=\"https:\/\/www.learn-music-online.com\/wp-content\/uploads\/2024\/12\/Vezba_br_8-1024x578.jpg\" alt=\"\" class=\"wp-image-174\" srcset=\"https:\/\/www.learn-music-online.com\/wp-content\/uploads\/2024\/12\/Vezba_br_8-1024x578.jpg 1024w, https:\/\/www.learn-music-online.com\/wp-content\/uploads\/2024\/12\/Vezba_br_8-300x169.jpg 300w, https:\/\/www.learn-music-online.com\/wp-content\/uploads\/2024\/12\/Vezba_br_8-768x434.jpg 768w, https:\/\/www.learn-music-online.com\/wp-content\/uploads\/2024\/12\/Vezba_br_8.jpg 1286w\" sizes=\"auto, (max-width: 1024px) 100vw, 1024px\" \/><\/a><\/figure>\n\n\n\n<figure class=\"wp-block-image size-large\"><a href=\"https:\/\/www.learn-music-online.com\/sr\/lesson-no-9-guitar\/\" target=\"_blank\" rel=\" noreferrer noopener\"><img loading=\"lazy\" decoding=\"async\" width=\"1024\" height=\"578\" src=\"https:\/\/www.learn-music-online.com\/wp-content\/uploads\/2024\/12\/Vezba_br_9-1024x578.jpg\" alt=\"\" class=\"wp-image-201\" srcset=\"https:\/\/www.learn-music-online.com\/wp-content\/uploads\/2024\/12\/Vezba_br_9-1024x578.jpg 1024w, https:\/\/www.learn-music-online.com\/wp-content\/uploads\/2024\/12\/Vezba_br_9-300x169.jpg 300w, https:\/\/www.learn-music-online.com\/wp-content\/uploads\/2024\/12\/Vezba_br_9-768x434.jpg 768w, https:\/\/www.learn-music-online.com\/wp-content\/uploads\/2024\/12\/Vezba_br_9.jpg 1286w\" sizes=\"auto, (max-width: 1024px) 100vw, 1024px\" \/><\/a><\/figure>\n\n\n\n<figure class=\"wp-block-image size-large\"><a href=\"https:\/\/www.learn-music-online.com\/sr\/lesson-no-10-guitar\/\" target=\"_blank\" rel=\" noreferrer noopener\"><img loading=\"lazy\" decoding=\"async\" width=\"1024\" height=\"577\" src=\"https:\/\/www.learn-music-online.com\/wp-content\/uploads\/2024\/12\/Vezba_br_10-1024x577.jpg\" alt=\"\" class=\"wp-image-204\" srcset=\"https:\/\/www.learn-music-online.com\/wp-content\/uploads\/2024\/12\/Vezba_br_10-1024x577.jpg 1024w, https:\/\/www.learn-music-online.com\/wp-content\/uploads\/2024\/12\/Vezba_br_10-300x169.jpg 300w, https:\/\/www.learn-music-online.com\/wp-content\/uploads\/2024\/12\/Vezba_br_10-768x433.jpg 768w, https:\/\/www.learn-music-online.com\/wp-content\/uploads\/2024\/12\/Vezba_br_10.jpg 1286w\" sizes=\"auto, (max-width: 1024px) 100vw, 1024px\" \/><\/a><\/figure>\n\n\n\n<figure class=\"wp-block-image size-large\"><a href=\"https:\/\/www.learn-music-online.com\/sr\/tamo-daleko-guitar\/\" target=\"_blank\" rel=\" noreferrer noopener\"><img loading=\"lazy\" decoding=\"async\" width=\"1024\" height=\"576\" src=\"https:\/\/www.learn-music-online.com\/wp-content\/uploads\/2024\/12\/Tamo-daleko-Slika-1024x576.jpg\" alt=\"\" class=\"wp-image-207\" srcset=\"https:\/\/www.learn-music-online.com\/wp-content\/uploads\/2024\/12\/Tamo-daleko-Slika-1024x576.jpg 1024w, https:\/\/www.learn-music-online.com\/wp-content\/uploads\/2024\/12\/Tamo-daleko-Slika-300x169.jpg 300w, https:\/\/www.learn-music-online.com\/wp-content\/uploads\/2024\/12\/Tamo-daleko-Slika-768x432.jpg 768w, https:\/\/www.learn-music-online.com\/wp-content\/uploads\/2024\/12\/Tamo-daleko-Slika-1536x864.jpg 1536w, https:\/\/www.learn-music-online.com\/wp-content\/uploads\/2024\/12\/Tamo-daleko-Slika.jpg 1920w\" sizes=\"auto, (max-width: 1024px) 100vw, 1024px\" \/><\/a><\/figure>\n\n\n\n<figure class=\"wp-block-image size-large\"><a href=\"https:\/\/www.learn-music-online.com\/sr\/kisa-pada-guitar\/\" target=\"_blank\" rel=\" noreferrer noopener\"><img loading=\"lazy\" decoding=\"async\" width=\"1024\" height=\"580\" src=\"https:\/\/www.learn-music-online.com\/wp-content\/uploads\/2024\/12\/Kisa_pada-1024x580.jpg\" alt=\"\" class=\"wp-image-210\" srcset=\"https:\/\/www.learn-music-online.com\/wp-content\/uploads\/2024\/12\/Kisa_pada-1024x580.jpg 1024w, https:\/\/www.learn-music-online.com\/wp-content\/uploads\/2024\/12\/Kisa_pada-300x170.jpg 300w, https:\/\/www.learn-music-online.com\/wp-content\/uploads\/2024\/12\/Kisa_pada-768x435.jpg 768w, https:\/\/www.learn-music-online.com\/wp-content\/uploads\/2024\/12\/Kisa_pada-1536x870.jpg 1536w, https:\/\/www.learn-music-online.com\/wp-content\/uploads\/2024\/12\/Kisa_pada.jpg 1907w\" sizes=\"auto, (max-width: 1024px) 100vw, 1024px\" \/><\/a><\/figure>\n\n\n\n<figure class=\"wp-block-image size-large\"><a href=\"https:\/\/www.learn-music-online.com\/sr\/valse-c-major-guitar\/\" target=\"_blank\" rel=\" noreferrer noopener\"><img loading=\"lazy\" decoding=\"async\" width=\"1024\" height=\"575\" src=\"https:\/\/www.learn-music-online.com\/wp-content\/uploads\/2024\/12\/Valcer-C-dur-1024x575.jpg\" alt=\"\" class=\"wp-image-213\" srcset=\"https:\/\/www.learn-music-online.com\/wp-content\/uploads\/2024\/12\/Valcer-C-dur-1024x575.jpg 1024w, https:\/\/www.learn-music-online.com\/wp-content\/uploads\/2024\/12\/Valcer-C-dur-300x168.jpg 300w, https:\/\/www.learn-music-online.com\/wp-content\/uploads\/2024\/12\/Valcer-C-dur-768x431.jpg 768w, https:\/\/www.learn-music-online.com\/wp-content\/uploads\/2024\/12\/Valcer-C-dur-1536x862.jpg 1536w, https:\/\/www.learn-music-online.com\/wp-content\/uploads\/2024\/12\/Valcer-C-dur.jpg 1920w\" sizes=\"auto, (max-width: 1024px) 100vw, 1024px\" \/><\/a><\/figure>\n\n\n\n<figure class=\"wp-block-image size-large\"><a href=\"https:\/\/www.learn-music-online.com\/sr\/ricercar-guitar\/\" target=\"_blank\" rel=\" noreferrer noopener\"><img loading=\"lazy\" decoding=\"async\" width=\"1024\" height=\"577\" src=\"https:\/\/www.learn-music-online.com\/wp-content\/uploads\/2024\/12\/Ricerkar-Slika-1024x577.jpg\" alt=\"\" class=\"wp-image-216\" srcset=\"https:\/\/www.learn-music-online.com\/wp-content\/uploads\/2024\/12\/Ricerkar-Slika-1024x577.jpg 1024w, https:\/\/www.learn-music-online.com\/wp-content\/uploads\/2024\/12\/Ricerkar-Slika-300x169.jpg 300w, https:\/\/www.learn-music-online.com\/wp-content\/uploads\/2024\/12\/Ricerkar-Slika-768x433.jpg 768w, https:\/\/www.learn-music-online.com\/wp-content\/uploads\/2024\/12\/Ricerkar-Slika-1536x866.jpg 1536w, https:\/\/www.learn-music-online.com\/wp-content\/uploads\/2024\/12\/Ricerkar-Slika.jpg 1906w\" sizes=\"auto, (max-width: 1024px) 100vw, 1024px\" \/><\/a><\/figure>\n\n\n\n<figure class=\"wp-block-image size-large\"><a href=\"https:\/\/www.learn-music-online.com\/sr\/napoleons-cry\/\" target=\"_blank\" rel=\" noreferrer noopener\"><img loading=\"lazy\" decoding=\"async\" width=\"1024\" height=\"580\" src=\"https:\/\/www.learn-music-online.com\/wp-content\/uploads\/2024\/12\/Sabo_J_Napoleonov_plac-jpeg-1024x580.jpg\" alt=\"\" class=\"wp-image-220\" srcset=\"https:\/\/www.learn-music-online.com\/wp-content\/uploads\/2024\/12\/Sabo_J_Napoleonov_plac-jpeg-1024x580.jpg 1024w, https:\/\/www.learn-music-online.com\/wp-content\/uploads\/2024\/12\/Sabo_J_Napoleonov_plac-jpeg-300x170.jpg 300w, https:\/\/www.learn-music-online.com\/wp-content\/uploads\/2024\/12\/Sabo_J_Napoleonov_plac-jpeg-768x435.jpg 768w, https:\/\/www.learn-music-online.com\/wp-content\/uploads\/2024\/12\/Sabo_J_Napoleonov_plac-jpeg-1536x870.jpg 1536w, https:\/\/www.learn-music-online.com\/wp-content\/uploads\/2024\/12\/Sabo_J_Napoleonov_plac-jpeg.jpg 1905w\" sizes=\"auto, (max-width: 1024px) 100vw, 1024px\" \/><\/a><\/figure>\n\n\n\n<figure class=\"wp-block-image size-large\"><a href=\"https:\/\/www.learn-music-online.com\/sr\/speak-softly-love-guitar\/\" target=\"_blank\" rel=\" noreferrer noopener\"><img loading=\"lazy\" decoding=\"async\" width=\"1024\" height=\"570\" src=\"https:\/\/www.learn-music-online.com\/wp-content\/uploads\/2024\/12\/Speak_Softly_Love-1024x570.jpg\" alt=\"\" class=\"wp-image-222\" srcset=\"https:\/\/www.learn-music-online.com\/wp-content\/uploads\/2024\/12\/Speak_Softly_Love-1024x570.jpg 1024w, https:\/\/www.learn-music-online.com\/wp-content\/uploads\/2024\/12\/Speak_Softly_Love-300x167.jpg 300w, https:\/\/www.learn-music-online.com\/wp-content\/uploads\/2024\/12\/Speak_Softly_Love-768x428.jpg 768w, https:\/\/www.learn-music-online.com\/wp-content\/uploads\/2024\/12\/Speak_Softly_Love-1536x855.jpg 1536w, https:\/\/www.learn-music-online.com\/wp-content\/uploads\/2024\/12\/Speak_Softly_Love.jpg 1918w\" sizes=\"auto, (max-width: 1024px) 100vw, 1024px\" \/><\/a><\/figure>","protected":false},"excerpt":{"rendered":"<p>Elementary School of Guitar &#8211; Grade 1 Recommended Video Lessons for the First Year of Learning Classical Guitar<\/p>","protected":false},"author":1,"featured_media":0,"parent":0,"menu_order":0,"comment_status":"closed","ping_status":"closed","template":"","meta":{"footnotes":""},"class_list":["post-136","page","type-page","status-publish","hentry"],"aioseo_notices":[],"_links":{"self":[{"href":"https:\/\/www.learn-music-online.com\/sr\/wp-json\/wp\/v2\/pages\/136","targetHints":{"allow":["GET"]}}],"collection":[{"href":"https:\/\/www.learn-music-online.com\/sr\/wp-json\/wp\/v2\/pages"}],"about":[{"href":"https:\/\/www.learn-music-online.com\/sr\/wp-json\/wp\/v2\/types\/page"}],"author":[{"embeddable":true,"href":"https:\/\/www.learn-music-online.com\/sr\/wp-json\/wp\/v2\/users\/1"}],"replies":[{"embeddable":true,"href":"https:\/\/www.learn-music-online.com\/sr\/wp-json\/wp\/v2\/comments?post=136"}],"version-history":[{"count":10,"href":"https:\/\/www.learn-music-online.com\/sr\/wp-json\/wp\/v2\/pages\/136\/revisions"}],"predecessor-version":[{"id":1685,"href":"https:\/\/www.learn-music-online.com\/sr\/wp-json\/wp\/v2\/pages\/136\/revisions\/1685"}],"wp:attachment":[{"href":"https:\/\/www.learn-music-online.com\/sr\/wp-json\/wp\/v2\/media?parent=136"}],"curies":[{"name":"wp","href":"https:\/\/api.w.org\/{rel}","templated":true}]}}