{"id":12,"date":"2024-12-22T07:36:37","date_gmt":"2024-12-22T07:36:37","guid":{"rendered":"https:\/\/www.learn-music-online.com\/contact\/"},"modified":"2024-12-30T10:25:50","modified_gmt":"2024-12-30T10:25:50","slug":"contact","status":"publish","type":"page","link":"https:\/\/www.learn-music-online.com\/sr\/contact\/","title":{"rendered":"Kontakt"},"content":{"rendered":"<div class=\"wp-block-group alignfull has-background-background-color has-background has-global-padding is-layout-constrained wp-block-group-is-layout-constrained\" style=\"margin-top:0;margin-bottom:0;padding-top:0;padding-bottom:0\">\n<div class=\"wp-block-cover alignfull\" style=\"padding-top:0;padding-right:0;padding-bottom:0;padding-left:0;min-height:50px;aspect-ratio:unset;\"><span aria-hidden=\"true\" class=\"wp-block-cover__background has-black-background-color has-background-dim-60 has-background-dim\"><\/span><img loading=\"lazy\" decoding=\"async\" width=\"1280\" height=\"853\" class=\"wp-block-cover__image-background wp-image-48\" alt=\"\" src=\"https:\/\/www.learn-music-online.com\/wp-content\/uploads\/2024\/12\/d7050c84e77896f3f2e15a57e7308fbd58ffe11a.jpg\" data-object-fit=\"cover\" srcset=\"https:\/\/www.learn-music-online.com\/wp-content\/uploads\/2024\/12\/d7050c84e77896f3f2e15a57e7308fbd58ffe11a.jpg 1280w, https:\/\/www.learn-music-online.com\/wp-content\/uploads\/2024\/12\/d7050c84e77896f3f2e15a57e7308fbd58ffe11a-300x200.jpg 300w, https:\/\/www.learn-music-online.com\/wp-content\/uploads\/2024\/12\/d7050c84e77896f3f2e15a57e7308fbd58ffe11a-1024x682.jpg 1024w, https:\/\/www.learn-music-online.com\/wp-content\/uploads\/2024\/12\/d7050c84e77896f3f2e15a57e7308fbd58ffe11a-768x512.jpg 768w\" sizes=\"auto, (max-width: 1280px) 100vw, 1280px\" \/><div class=\"wp-block-cover__inner-container is-layout-flow wp-block-cover-is-layout-flow\">\n<div class=\"wp-block-group has-global-padding is-layout-constrained wp-container-core-group-is-layout-dc79e9a9 wp-block-group-is-layout-constrained\" style=\"padding-top:var(--wp--preset--spacing--60);padding-right:var(--wp--preset--spacing--30);padding-bottom:var(--wp--preset--spacing--60);padding-left:var(--wp--preset--spacing--30)\">\n<h1 class=\"wp-block-heading has-text-align-center has-text-color has-x-large-font-size\" style=\"color:#fffffffc\">Lako u\u010dite instrumente i pevanje online.<\/h1>\n<\/div>\n<\/div><\/div>\n<\/div>\n\n\n\n<div class=\"wp-block-group alignfull has-tertiary-background-color has-background has-global-padding is-layout-constrained wp-container-core-group-is-layout-65cc44b9 wp-block-group-is-layout-constrained\" id=\"contact\" style=\"margin-top:0;margin-bottom:0;padding-top:0;padding-right:0;padding-bottom:0;padding-left:0\">\n<div class=\"wp-block-columns alignfull are-vertically-aligned-center is-layout-flex wp-container-core-columns-is-layout-28232c24 wp-block-columns-is-layout-flex\">\n<div class=\"wp-block-column is-vertically-aligned-center is-layout-flow wp-block-column-is-layout-flow\">\n<div class=\"wp-block-cover\" style=\"min-height:60vh;aspect-ratio:unset;\"><span aria-hidden=\"true\" class=\"wp-block-cover__background has-background-dim-0 has-background-dim\"><\/span><img loading=\"lazy\" decoding=\"async\" width=\"1280\" height=\"1920\" class=\"wp-block-cover__image-background wp-image-49\" alt=\"\" src=\"https:\/\/www.learn-music-online.com\/wp-content\/uploads\/2024\/12\/e6c7ab3e1a1247e2fc0122d804cf088451747009.jpg\" data-object-fit=\"cover\" srcset=\"https:\/\/www.learn-music-online.com\/wp-content\/uploads\/2024\/12\/e6c7ab3e1a1247e2fc0122d804cf088451747009.jpg 1280w, https:\/\/www.learn-music-online.com\/wp-content\/uploads\/2024\/12\/e6c7ab3e1a1247e2fc0122d804cf088451747009-200x300.jpg 200w, https:\/\/www.learn-music-online.com\/wp-content\/uploads\/2024\/12\/e6c7ab3e1a1247e2fc0122d804cf088451747009-683x1024.jpg 683w, https:\/\/www.learn-music-online.com\/wp-content\/uploads\/2024\/12\/e6c7ab3e1a1247e2fc0122d804cf088451747009-768x1152.jpg 768w, https:\/\/www.learn-music-online.com\/wp-content\/uploads\/2024\/12\/e6c7ab3e1a1247e2fc0122d804cf088451747009-1024x1536.jpg 1024w\" sizes=\"auto, (max-width: 1280px) 100vw, 1280px\" \/><div class=\"wp-block-cover__inner-container is-layout-flow wp-block-cover-is-layout-flow\">\n<div style=\"height:380px\" aria-hidden=\"true\" class=\"wp-block-spacer\"><\/div>\n<\/div><\/div>\n<\/div>\n\n\n\n<div class=\"wp-block-column is-vertically-aligned-center is-layout-flow wp-block-column-is-layout-flow\">\n<div class=\"wp-block-group has-global-padding is-content-justification-left is-layout-constrained wp-container-core-group-is-layout-b43ac279 wp-block-group-is-layout-constrained\" style=\"padding-top:var(--wp--preset--spacing--30);padding-right:var(--wp--preset--spacing--40);padding-bottom:var(--wp--preset--spacing--30);padding-left:var(--wp--preset--spacing--40)\">\n<h2 class=\"wp-block-heading has-large-font-size\">Otkrijte svoju muzi\u010dku avanturu sada.<\/h2>\n\n\n\n<p><strong>19300 Negotin, Srbija<\/strong><\/p>\n\n\n\n<p style=\"margin-top:0\"><strong>Stipe Pind\u017eura br. 4<\/strong> <\/p>\n\n\n\n<p class=\"has-small-font-size\" style=\"margin-top:8px\"><strong>+381-63-106-74-73<\/strong><\/p>\n\n\n\n<p class=\"has-small-font-size\" style=\"margin-top:8px\"><strong>dragandaneskovic@gmail.com<\/strong><\/p>\n<\/div>\n<\/div>\n<\/div>\n<\/div>\n\n\n\n<div class=\"wp-block-group alignfull has-background-background-color has-background has-global-padding is-layout-constrained wp-container-core-group-is-layout-7276a2bb wp-block-group-is-layout-constrained\" id=\"faq\" style=\"margin-top:0;margin-bottom:0;padding-top:var(--wp--preset--spacing--60);padding-right:var(--wp--preset--spacing--30);padding-bottom:var(--wp--preset--spacing--60);padding-left:var(--wp--preset--spacing--30)\">\n<div class=\"wp-block-group alignwide has-global-padding is-content-justification-center is-layout-constrained wp-block-group-is-layout-constrained\" style=\"margin-bottom:var(--wp--preset--spacing--30)\">\n<h2 class=\"wp-block-heading has-text-align-center has-large-font-size\">Osnovni resursi za u\u010denike muzike<\/h2>\n\n\n\n<p class=\"has-text-align-center\" style=\"margin-top:16px\"><em>Pron\u0111ite brze odgovore na svoja pitanja vezana za muziku. Pomo\u0107i \u0107e vam da lako do\u0111ete do osnovnih informacija.<\/em><\/p>\n<\/div>\n\n\n\n<div class=\"wp-block-group has-global-padding is-layout-constrained wp-block-group-is-layout-constrained\" style=\"border-bottom-color:var(--wp--preset--color--tertiary);border-bottom-width:1px;margin-top:0;padding-top:var(--wp--preset--spacing--30);padding-bottom:var(--wp--preset--spacing--30)\">\n<h4 class=\"wp-block-heading has-medium-font-size\">Koje instrumente mogu da u\u010dim online?<\/h4>\n\n\n\n<p class=\"has-small-font-size\" style=\"margin-top:12px\">Mo\u017ee\u0161 da u\u010di\u0161 gitaru, klavir i jo\u0161 mnogo toga.<\/p>\n<\/div>\n\n\n\n<div class=\"wp-block-group has-global-padding is-layout-constrained wp-block-group-is-layout-constrained\" style=\"border-bottom-color:var(--wp--preset--color--tertiary);border-bottom-width:1px;margin-top:0;padding-top:var(--wp--preset--spacing--30);padding-bottom:var(--wp--preset--spacing--30)\">\n<h4 class=\"wp-block-heading has-medium-font-size\">Da li postoje \u010dasovi za ve\u017ebanje pevanja?<\/h4>\n\n\n\n<p class=\"has-small-font-size\" style=\"margin-top:12px\">Da, nudimo sveobuhvatne \u010dasove pevanja.<\/p>\n<\/div>\n\n\n\n<div class=\"wp-block-group has-global-padding is-layout-constrained wp-block-group-is-layout-constrained\" style=\"border-bottom-color:var(--wp--preset--color--tertiary);border-bottom-width:1px;margin-top:0;padding-top:var(--wp--preset--spacing--30);padding-bottom:var(--wp--preset--spacing--30)\">\n<h4 class=\"wp-block-heading has-medium-font-size\">Kako mogu da usavr\u0161im muzi\u010dku teoriju?<\/h4>\n\n\n\n<p class=\"has-small-font-size\" style=\"margin-top:12px\">Pridru\u017eite se na\u0161im interaktivnim kursevima teorije online.<\/p>\n<\/div>\n\n\n\n<div class=\"wp-block-group has-global-padding is-layout-constrained wp-block-group-is-layout-constrained\" style=\"margin-top:0;padding-top:var(--wp--preset--spacing--30);padding-bottom:0\">\n<h4 class=\"wp-block-heading has-medium-font-size\">Koja je politika povra\u0107aja novca za kurseve?<\/h4>\n\n\n\n<p class=\"has-small-font-size\" style=\"margin-top:12px\">Ukoliko niste zadovoljni u roku od 30 dana vra\u0107amo novac.<\/p>\n<\/div>\n<\/div>","protected":false},"excerpt":{"rendered":"<p>Discover Your Musical Journey Now 19300 Negotin, Serbia Stipe Pindjura No. 4 +381-63-106-74-73 dragandaneskovic@gmail.com Essential Resources for Music Learners Find quick answers to your music-related questions, helping you access essential information seamlessly. What instruments can I learn online? You can explore guitar, piano, and more. Are there vocal training sessions? Yes, we offer comprehensive vocal [&hellip;]<\/p>\n","protected":false},"author":1,"featured_media":0,"parent":0,"menu_order":0,"comment_status":"closed","ping_status":"closed","template":"no-title","meta":{"footnotes":""},"class_list":["post-12","page","type-page","status-publish","hentry"],"aioseo_notices":[],"_links":{"self":[{"href":"https:\/\/www.learn-music-online.com\/sr\/wp-json\/wp\/v2\/pages\/12","targetHints":{"allow":["GET"]}}],"collection":[{"href":"https:\/\/www.learn-music-online.com\/sr\/wp-json\/wp\/v2\/pages"}],"about":[{"href":"https:\/\/www.learn-music-online.com\/sr\/wp-json\/wp\/v2\/types\/page"}],"author":[{"embeddable":true,"href":"https:\/\/www.learn-music-online.com\/sr\/wp-json\/wp\/v2\/users\/1"}],"replies":[{"embeddable":true,"href":"https:\/\/www.learn-music-online.com\/sr\/wp-json\/wp\/v2\/comments?post=12"}],"version-history":[{"count":4,"href":"https:\/\/www.learn-music-online.com\/sr\/wp-json\/wp\/v2\/pages\/12\/revisions"}],"predecessor-version":[{"id":329,"href":"https:\/\/www.learn-music-online.com\/sr\/wp-json\/wp\/v2\/pages\/12\/revisions\/329"}],"wp:attachment":[{"href":"https:\/\/www.learn-music-online.com\/sr\/wp-json\/wp\/v2\/media?parent=12"}],"curies":[{"name":"wp","href":"https:\/\/api.w.org\/{rel}","templated":true}]}}