{"id":11,"date":"2024-12-22T07:36:37","date_gmt":"2024-12-22T07:36:37","guid":{"rendered":"https:\/\/www.learn-music-online.com\/about\/"},"modified":"2024-12-31T16:05:52","modified_gmt":"2024-12-31T16:05:52","slug":"about","status":"publish","type":"page","link":"https:\/\/www.learn-music-online.com\/sr\/about\/","title":{"rendered":"O nama"},"content":{"rendered":"<div class=\"wp-block-group alignfull has-background-background-color has-background has-global-padding is-layout-constrained wp-block-group-is-layout-constrained\" style=\"margin-top:0;margin-bottom:0;padding-top:0;padding-bottom:0\">\n<div class=\"wp-block-cover alignfull\" style=\"padding-top:0;padding-right:0;padding-bottom:0;padding-left:0;min-height:50px;aspect-ratio:unset;\"><span aria-hidden=\"true\" class=\"wp-block-cover__background has-black-background-color has-background-dim-60 has-background-dim\"><\/span><img loading=\"lazy\" decoding=\"async\" width=\"1280\" height=\"853\" class=\"wp-block-cover__image-background wp-image-48\" alt=\"\" src=\"https:\/\/www.learn-music-online.com\/wp-content\/uploads\/2024\/12\/d7050c84e77896f3f2e15a57e7308fbd58ffe11a.jpg\" data-object-fit=\"cover\" srcset=\"https:\/\/www.learn-music-online.com\/wp-content\/uploads\/2024\/12\/d7050c84e77896f3f2e15a57e7308fbd58ffe11a.jpg 1280w, https:\/\/www.learn-music-online.com\/wp-content\/uploads\/2024\/12\/d7050c84e77896f3f2e15a57e7308fbd58ffe11a-300x200.jpg 300w, https:\/\/www.learn-music-online.com\/wp-content\/uploads\/2024\/12\/d7050c84e77896f3f2e15a57e7308fbd58ffe11a-1024x682.jpg 1024w, https:\/\/www.learn-music-online.com\/wp-content\/uploads\/2024\/12\/d7050c84e77896f3f2e15a57e7308fbd58ffe11a-768x512.jpg 768w\" sizes=\"auto, (max-width: 1280px) 100vw, 1280px\" \/><div class=\"wp-block-cover__inner-container is-layout-flow wp-block-cover-is-layout-flow\">\n<div class=\"wp-block-group has-global-padding is-layout-constrained wp-container-core-group-is-layout-dc79e9a9 wp-block-group-is-layout-constrained\" style=\"padding-top:var(--wp--preset--spacing--60);padding-right:var(--wp--preset--spacing--30);padding-bottom:var(--wp--preset--spacing--60);padding-left:var(--wp--preset--spacing--30)\">\n<h1 class=\"wp-block-heading has-text-align-center has-text-color has-x-large-font-size\" style=\"color:#fffffffc\">Usavr\u0161ite svoj sluh uz zanimljive ve\u017ebe<\/h1>\n<\/div>\n<\/div><\/div>\n<\/div>\n\n\n\n<div class=\"wp-block-group alignfull has-tertiary-background-color has-background has-global-padding is-layout-constrained wp-container-core-group-is-layout-7276a2bb wp-block-group-is-layout-constrained\" id=\"about\" style=\"margin-top:0;margin-bottom:0;padding-top:var(--wp--preset--spacing--60);padding-right:var(--wp--preset--spacing--30);padding-bottom:var(--wp--preset--spacing--60);padding-left:var(--wp--preset--spacing--30)\">\n<div class=\"wp-block-columns alignwide are-vertically-aligned-center is-layout-flex wp-container-core-columns-is-layout-47c06fe3 wp-block-columns-is-layout-flex\">\n<div class=\"wp-block-column is-vertically-aligned-center is-layout-flow wp-block-column-is-layout-flow\" style=\"flex-basis:60%\">\n<h2 class=\"wp-block-heading has-text-align-left has-large-font-size\">U\u010dite muziku uz na\u0161u online platformu<\/h2>\n\n\n\n<p style=\"margin-top:16px\">Na\u0161a misija je da osna\u017eimo u\u010denike muzike pru\u017eaju\u0107i pristupa\u010dnu, zanimljivu i sveobuhvatnu online platformu. Cenimo inkluzivnost, kreativnost i savr\u0161enost u muzi\u010dkom obrazovanju. Na\u0161 cilj je da inspiri\u0161emo i opremimo u\u010denike ve\u0161tinama potrebnim za ovladavanje njihovim muzi\u010dkim putem.<\/p>\n<\/div>\n\n\n\n<div class=\"wp-block-column is-vertically-aligned-center is-layout-flow wp-container-core-column-is-layout-f5bb311e wp-block-column-is-layout-flow\" style=\"flex-basis:50%\">\n<figure class=\"wp-block-image\"><img loading=\"lazy\" decoding=\"async\" width=\"1280\" height=\"1920\" src=\"https:\/\/www.learn-music-online.com\/wp-content\/uploads\/2024\/12\/e6c7ab3e1a1247e2fc0122d804cf088451747009.jpg\" alt=\"\" class=\"wp-image-49\" style=\"aspect-ratio:4\/3;object-fit:cover\" srcset=\"https:\/\/www.learn-music-online.com\/wp-content\/uploads\/2024\/12\/e6c7ab3e1a1247e2fc0122d804cf088451747009.jpg 1280w, https:\/\/www.learn-music-online.com\/wp-content\/uploads\/2024\/12\/e6c7ab3e1a1247e2fc0122d804cf088451747009-200x300.jpg 200w, https:\/\/www.learn-music-online.com\/wp-content\/uploads\/2024\/12\/e6c7ab3e1a1247e2fc0122d804cf088451747009-683x1024.jpg 683w, https:\/\/www.learn-music-online.com\/wp-content\/uploads\/2024\/12\/e6c7ab3e1a1247e2fc0122d804cf088451747009-768x1152.jpg 768w, https:\/\/www.learn-music-online.com\/wp-content\/uploads\/2024\/12\/e6c7ab3e1a1247e2fc0122d804cf088451747009-1024x1536.jpg 1024w\" sizes=\"auto, (max-width: 1280px) 100vw, 1280px\" \/><\/figure>\n<\/div>\n<\/div>\n<\/div>\n\n\n\n<div class=\"wp-block-group alignfull has-background-background-color has-background has-global-padding is-layout-constrained wp-container-core-group-is-layout-7276a2bb wp-block-group-is-layout-constrained\" id=\"team\" style=\"margin-top:0;margin-bottom:0;padding-top:var(--wp--preset--spacing--60);padding-right:var(--wp--preset--spacing--30);padding-bottom:var(--wp--preset--spacing--60);padding-left:var(--wp--preset--spacing--30)\">\n<div class=\"wp-block-group alignwide has-global-padding is-content-justification-left is-layout-constrained wp-container-core-group-is-layout-8b4c372c wp-block-group-is-layout-constrained\">\n<h2 class=\"wp-block-heading has-text-align-left has-large-font-size\">Iskusite \u010daroliju muzike.<\/h2>\n\n\n\n<p class=\"has-text-align-left\" style=\"margin-top:16px\">Upoznajte na\u0161e posve\u0107ene muzi\u010dke stru\u010dnjake.<\/p>\n<\/div>\n\n\n\n<div class=\"wp-block-columns alignwide is-layout-flex wp-container-core-columns-is-layout-28f84493 wp-block-columns-is-layout-flex\">\n<div class=\"wp-block-column is-layout-flow wp-block-column-is-layout-flow\">\n<figure class=\"wp-block-image size-full is-style-default\"><img loading=\"lazy\" decoding=\"async\" width=\"500\" height=\"500\" src=\"https:\/\/www.learn-music-online.com\/wp-content\/uploads\/2024\/12\/Ana.jpg\" alt=\"\" class=\"wp-image-376\" style=\"aspect-ratio:1;object-fit:cover\" srcset=\"https:\/\/www.learn-music-online.com\/wp-content\/uploads\/2024\/12\/Ana.jpg 500w, https:\/\/www.learn-music-online.com\/wp-content\/uploads\/2024\/12\/Ana-300x300.jpg 300w, https:\/\/www.learn-music-online.com\/wp-content\/uploads\/2024\/12\/Ana-150x150.jpg 150w, https:\/\/www.learn-music-online.com\/wp-content\/uploads\/2024\/12\/Ana-12x12.jpg 12w\" sizes=\"auto, (max-width: 500px) 100vw, 500px\" \/><\/figure>\n\n\n\n<h4 class=\"wp-block-heading has-text-align-left\" style=\"margin-top:20px;font-size:clamp(14px, 0.875rem + ((1vw - 3.2px) * 0.625), 20px);\">Ana Daneskovi\u0107<\/h4>\n\n\n\n<p class=\"has-text-align-left has-primary-color has-text-color has-small-font-size\" style=\"margin-top:4px\">Nastavnik gitare<\/p>\n<\/div>\n\n\n\n<div class=\"wp-block-column is-layout-flow wp-block-column-is-layout-flow\">\n<figure class=\"wp-block-image size-full is-style-default\"><img loading=\"lazy\" decoding=\"async\" width=\"1654\" height=\"1654\" src=\"https:\/\/www.learn-music-online.com\/wp-content\/uploads\/2024\/12\/Vlada.jpg\" alt=\"\" class=\"wp-image-379\" style=\"aspect-ratio:1;object-fit:cover\" srcset=\"https:\/\/www.learn-music-online.com\/wp-content\/uploads\/2024\/12\/Vlada.jpg 1654w, https:\/\/www.learn-music-online.com\/wp-content\/uploads\/2024\/12\/Vlada-300x300.jpg 300w, https:\/\/www.learn-music-online.com\/wp-content\/uploads\/2024\/12\/Vlada-1024x1024.jpg 1024w, https:\/\/www.learn-music-online.com\/wp-content\/uploads\/2024\/12\/Vlada-150x150.jpg 150w, https:\/\/www.learn-music-online.com\/wp-content\/uploads\/2024\/12\/Vlada-768x768.jpg 768w, https:\/\/www.learn-music-online.com\/wp-content\/uploads\/2024\/12\/Vlada-1536x1536.jpg 1536w, https:\/\/www.learn-music-online.com\/wp-content\/uploads\/2024\/12\/Vlada-12x12.jpg 12w\" sizes=\"auto, (max-width: 1654px) 100vw, 1654px\" \/><\/figure>\n\n\n\n<h4 class=\"wp-block-heading has-text-align-left\" style=\"margin-top:20px;font-size:clamp(14px, 0.875rem + ((1vw - 3.2px) * 0.625), 20px);\">Vladimir Pe\u0161i\u0107<\/h4>\n\n\n\n<p class=\"has-text-align-left has-primary-color has-text-color has-small-font-size\" style=\"margin-top:4px\">Nastavnik violine<\/p>\n<\/div>\n\n\n\n<div class=\"wp-block-column is-layout-flow wp-block-column-is-layout-flow\">\n<figure class=\"wp-block-image size-large is-style-default\"><img loading=\"lazy\" decoding=\"async\" width=\"1024\" height=\"1024\" src=\"https:\/\/www.learn-music-online.com\/wp-content\/uploads\/2024\/12\/Vesna-1024x1024.jpg\" alt=\"\" class=\"wp-image-384\" style=\"aspect-ratio:1;object-fit:cover\" srcset=\"https:\/\/www.learn-music-online.com\/wp-content\/uploads\/2024\/12\/Vesna-1024x1024.jpg 1024w, https:\/\/www.learn-music-online.com\/wp-content\/uploads\/2024\/12\/Vesna-300x300.jpg 300w, https:\/\/www.learn-music-online.com\/wp-content\/uploads\/2024\/12\/Vesna-150x150.jpg 150w, https:\/\/www.learn-music-online.com\/wp-content\/uploads\/2024\/12\/Vesna-768x768.jpg 768w, https:\/\/www.learn-music-online.com\/wp-content\/uploads\/2024\/12\/Vesna-1536x1536.jpg 1536w, https:\/\/www.learn-music-online.com\/wp-content\/uploads\/2024\/12\/Vesna-2048x2048.jpg 2048w, https:\/\/www.learn-music-online.com\/wp-content\/uploads\/2024\/12\/Vesna-12x12.jpg 12w\" sizes=\"auto, (max-width: 1024px) 100vw, 1024px\" \/><\/figure>\n\n\n\n<h4 class=\"wp-block-heading has-text-align-left\" style=\"margin-top:20px;font-size:clamp(14px, 0.875rem + ((1vw - 3.2px) * 0.625), 20px);\">Vesna Mitrovi\u0107<\/h4>\n\n\n\n<p class=\"has-text-align-left has-primary-color has-text-color has-small-font-size\" style=\"margin-top:4px\">Nastavnik teorije muzike i solfe\u0111a<\/p>\n<\/div>\n\n\n\n<div class=\"wp-block-column is-layout-flow wp-block-column-is-layout-flow\">\n<figure class=\"wp-block-image size-full is-style-default\"><img loading=\"lazy\" decoding=\"async\" width=\"500\" height=\"500\" src=\"https:\/\/www.learn-music-online.com\/wp-content\/uploads\/2024\/12\/Dragan.jpg\" alt=\"\" class=\"wp-image-374\" style=\"aspect-ratio:1;object-fit:cover\" srcset=\"https:\/\/www.learn-music-online.com\/wp-content\/uploads\/2024\/12\/Dragan.jpg 500w, https:\/\/www.learn-music-online.com\/wp-content\/uploads\/2024\/12\/Dragan-300x300.jpg 300w, https:\/\/www.learn-music-online.com\/wp-content\/uploads\/2024\/12\/Dragan-150x150.jpg 150w, https:\/\/www.learn-music-online.com\/wp-content\/uploads\/2024\/12\/Dragan-12x12.jpg 12w\" sizes=\"auto, (max-width: 500px) 100vw, 500px\" \/><\/figure>\n\n\n\n<h4 class=\"wp-block-heading has-text-align-left\" style=\"margin-top:20px;font-size:clamp(14px, 0.875rem + ((1vw - 3.2px) * 0.625), 20px);\">Dragan Daneskovi\u0107<\/h4>\n\n\n\n<p class=\"has-text-align-left has-primary-color has-text-color has-small-font-size\" style=\"margin-top:4px\">Nastavnik gitare<\/p>\n<\/div>\n<\/div>\n\n\n\n<div class=\"wp-block-columns alignwide is-layout-flex wp-container-core-columns-is-layout-28f84493 wp-block-columns-is-layout-flex\">\n<div class=\"wp-block-column is-layout-flow wp-block-column-is-layout-flow\">\n<figure class=\"wp-block-image is-style-default\"><img loading=\"lazy\" decoding=\"async\" width=\"1280\" height=\"1926\" src=\"https:\/\/www.learn-music-online.com\/wp-content\/uploads\/2024\/12\/b1a092c207a3c50698086290eec27a5f7c209fa9.jpg\" alt=\"\" class=\"wp-image-54\" style=\"aspect-ratio:1;object-fit:cover\" srcset=\"https:\/\/www.learn-music-online.com\/wp-content\/uploads\/2024\/12\/b1a092c207a3c50698086290eec27a5f7c209fa9.jpg 1280w, https:\/\/www.learn-music-online.com\/wp-content\/uploads\/2024\/12\/b1a092c207a3c50698086290eec27a5f7c209fa9-199x300.jpg 199w, https:\/\/www.learn-music-online.com\/wp-content\/uploads\/2024\/12\/b1a092c207a3c50698086290eec27a5f7c209fa9-681x1024.jpg 681w, https:\/\/www.learn-music-online.com\/wp-content\/uploads\/2024\/12\/b1a092c207a3c50698086290eec27a5f7c209fa9-768x1156.jpg 768w, https:\/\/www.learn-music-online.com\/wp-content\/uploads\/2024\/12\/b1a092c207a3c50698086290eec27a5f7c209fa9-1021x1536.jpg 1021w\" sizes=\"auto, (max-width: 1280px) 100vw, 1280px\" \/><\/figure>\n\n\n\n<h4 class=\"wp-block-heading has-text-align-left\" style=\"margin-top:20px;font-size:clamp(14px, 0.875rem + ((1vw - 3.2px) * 0.625), 20px);\">D\u017eordan Blejk<\/h4>\n\n\n\n<p class=\"has-text-align-left has-primary-color has-text-color has-small-font-size\" style=\"margin-top:4px\">Nastavnik pevanja<\/p>\n<\/div>\n\n\n\n<div class=\"wp-block-column is-layout-flow wp-block-column-is-layout-flow\">\n<figure class=\"wp-block-image is-style-default\"><img loading=\"lazy\" decoding=\"async\" width=\"1280\" height=\"1920\" src=\"https:\/\/www.learn-music-online.com\/wp-content\/uploads\/2024\/12\/c5455b32865afd75d8bd68a3d94369d3df216ecc.jpg\" alt=\"\" class=\"wp-image-55\" style=\"aspect-ratio:1;object-fit:cover\" srcset=\"https:\/\/www.learn-music-online.com\/wp-content\/uploads\/2024\/12\/c5455b32865afd75d8bd68a3d94369d3df216ecc.jpg 1280w, https:\/\/www.learn-music-online.com\/wp-content\/uploads\/2024\/12\/c5455b32865afd75d8bd68a3d94369d3df216ecc-200x300.jpg 200w, https:\/\/www.learn-music-online.com\/wp-content\/uploads\/2024\/12\/c5455b32865afd75d8bd68a3d94369d3df216ecc-683x1024.jpg 683w, https:\/\/www.learn-music-online.com\/wp-content\/uploads\/2024\/12\/c5455b32865afd75d8bd68a3d94369d3df216ecc-768x1152.jpg 768w, https:\/\/www.learn-music-online.com\/wp-content\/uploads\/2024\/12\/c5455b32865afd75d8bd68a3d94369d3df216ecc-1024x1536.jpg 1024w\" sizes=\"auto, (max-width: 1280px) 100vw, 1280px\" \/><\/figure>\n\n\n\n<h4 class=\"wp-block-heading has-text-align-left\" style=\"margin-top:20px;font-size:clamp(14px, 0.875rem + ((1vw - 3.2px) * 0.625), 20px);\">Tejlor Skot<\/h4>\n\n\n\n<p class=\"has-text-align-left has-primary-color has-text-color has-small-font-size\" style=\"margin-top:4px\">Nastavnik teorije muzike i solfe\u0111a<\/p>\n<\/div>\n\n\n\n<div class=\"wp-block-column is-layout-flow wp-block-column-is-layout-flow\">\n<figure class=\"wp-block-image is-style-default\"><img loading=\"lazy\" decoding=\"async\" width=\"1280\" height=\"1920\" src=\"https:\/\/www.learn-music-online.com\/wp-content\/uploads\/2024\/12\/8fefc1fe349afbf0a96e3aac0858c64c276f7c0e.jpg\" alt=\"\" class=\"wp-image-56\" style=\"aspect-ratio:1;object-fit:cover\" srcset=\"https:\/\/www.learn-music-online.com\/wp-content\/uploads\/2024\/12\/8fefc1fe349afbf0a96e3aac0858c64c276f7c0e.jpg 1280w, https:\/\/www.learn-music-online.com\/wp-content\/uploads\/2024\/12\/8fefc1fe349afbf0a96e3aac0858c64c276f7c0e-200x300.jpg 200w, https:\/\/www.learn-music-online.com\/wp-content\/uploads\/2024\/12\/8fefc1fe349afbf0a96e3aac0858c64c276f7c0e-683x1024.jpg 683w, https:\/\/www.learn-music-online.com\/wp-content\/uploads\/2024\/12\/8fefc1fe349afbf0a96e3aac0858c64c276f7c0e-768x1152.jpg 768w, https:\/\/www.learn-music-online.com\/wp-content\/uploads\/2024\/12\/8fefc1fe349afbf0a96e3aac0858c64c276f7c0e-1024x1536.jpg 1024w\" sizes=\"auto, (max-width: 1280px) 100vw, 1280px\" \/><\/figure>\n\n\n\n<h4 class=\"wp-block-heading has-text-align-left\" style=\"margin-top:20px;font-size:clamp(14px, 0.875rem + ((1vw - 3.2px) * 0.625), 20px);\">Aleks Martin<\/h4>\n\n\n\n<p class=\"has-text-align-left has-primary-color has-text-color has-small-font-size\" style=\"margin-top:4px\">Nastavnik gitare<\/p>\n<\/div>\n\n\n\n<div class=\"wp-block-column is-layout-flow wp-block-column-is-layout-flow\">\n<figure class=\"wp-block-image is-style-default\"><img loading=\"lazy\" decoding=\"async\" width=\"1280\" height=\"1933\" src=\"https:\/\/www.learn-music-online.com\/wp-content\/uploads\/2024\/12\/c08db4788226c169834e06a8ab0fa9a611692b0a.jpg\" alt=\"\" class=\"wp-image-57\" style=\"aspect-ratio:1;object-fit:cover\" srcset=\"https:\/\/www.learn-music-online.com\/wp-content\/uploads\/2024\/12\/c08db4788226c169834e06a8ab0fa9a611692b0a.jpg 1280w, https:\/\/www.learn-music-online.com\/wp-content\/uploads\/2024\/12\/c08db4788226c169834e06a8ab0fa9a611692b0a-199x300.jpg 199w, https:\/\/www.learn-music-online.com\/wp-content\/uploads\/2024\/12\/c08db4788226c169834e06a8ab0fa9a611692b0a-678x1024.jpg 678w, https:\/\/www.learn-music-online.com\/wp-content\/uploads\/2024\/12\/c08db4788226c169834e06a8ab0fa9a611692b0a-768x1160.jpg 768w, https:\/\/www.learn-music-online.com\/wp-content\/uploads\/2024\/12\/c08db4788226c169834e06a8ab0fa9a611692b0a-1017x1536.jpg 1017w\" sizes=\"auto, (max-width: 1280px) 100vw, 1280px\" \/><\/figure>\n\n\n\n<h4 class=\"wp-block-heading has-text-align-left\" style=\"margin-top:20px;font-size:clamp(14px, 0.875rem + ((1vw - 3.2px) * 0.625), 20px);\">Kejsi Li<\/h4>\n\n\n\n<p class=\"has-text-align-left has-primary-color has-text-color has-small-font-size\" style=\"margin-top:4px\">Nastavnik klavira<\/p>\n<\/div>\n<\/div>\n<\/div>\n\n\n\n<div class=\"wp-block-group alignfull has-tertiary-background-color has-background has-global-padding is-layout-constrained wp-container-core-group-is-layout-fb85e995 wp-block-group-is-layout-constrained\" id=\"testimonials\" style=\"margin-top:0;margin-bottom:0;padding-top:var(--wp--preset--spacing--60);padding-right:var(--wp--preset--spacing--30);padding-bottom:var(--wp--preset--spacing--60);padding-left:var(--wp--preset--spacing--30)\">\n<div class=\"wp-block-columns alignwide are-vertically-aligned-center is-layout-flex wp-container-core-columns-is-layout-08c01c1c wp-block-columns-is-layout-flex\">\n<div class=\"wp-block-column is-vertically-aligned-center is-layout-flow wp-block-column-is-layout-flow\" style=\"flex-basis:25%\">\n<div class=\"wp-block-group is-nowrap is-layout-flex wp-container-core-group-is-layout-3b4e9d3e wp-block-group-is-layout-flex\">\n<figure class=\"wp-block-image aligncenter is-style-rounded\"><img loading=\"lazy\" decoding=\"async\" width=\"94\" height=\"94\" src=\"https:\/\/www.learn-music-online.com\/wp-content\/uploads\/2024\/12\/8ca0398d6294459d3e7ac222034b03843ecec15a.jpg\" alt=\"\" class=\"wp-image-58\" style=\"aspect-ratio:1;object-fit:cover\"\/><\/figure>\n\n\n\n<div class=\"wp-block-group has-global-padding is-layout-constrained wp-block-group-is-layout-constrained\">\n<h4 class=\"wp-block-heading has-text-align-left\" style=\"margin-top:18px;font-size:clamp(14px, 0.875rem + ((1vw - 3.2px) * 0.417), 18px);\">U\u010denik muzike<\/h4>\n\n\n\n<p class=\"has-text-align-left has-small-font-size\" style=\"margin-top:4px\">Ljubitelj muzike<\/p>\n<\/div>\n<\/div>\n<\/div>\n\n\n\n<div class=\"wp-block-column is-vertically-aligned-center is-layout-flow wp-block-column-is-layout-flow\" style=\"flex-basis:66.66%\">\n<p class=\"has-text-align-left\" style=\"font-size:clamp(15.747px, 0.984rem + ((1vw - 3.2px) * 0.86), 24px);font-style:normal;font-weight:500;line-height:1.5\">U\u010denje je ovde bilo transformativno putovanje, zahvaljuju\u0107i podr\u017eci tima.<\/p>\n<\/div>\n<\/div>\n<\/div>\n\n\n\n<div class=\"wp-block-group alignfull has-background-background-color has-background has-global-padding is-layout-constrained wp-container-core-group-is-layout-c03f3b2a wp-block-group-is-layout-constrained\" style=\"padding-top:var(--wp--preset--spacing--60);padding-right:var(--wp--preset--spacing--30);padding-bottom:var(--wp--preset--spacing--60);padding-left:var(--wp--preset--spacing--30)\">\n<div class=\"wp-block-media-text alignwide has-media-on-the-right is-stacked-on-mobile is-vertically-aligned-center is-image-fill-element\" style=\"padding-right:0;padding-left:0;grid-template-columns:auto 40%\"><div class=\"wp-block-media-text__content\">\n<div class=\"wp-block-group has-global-padding is-content-justification-left is-layout-constrained wp-container-core-group-is-layout-cdff7eec wp-block-group-is-layout-constrained\" style=\"padding-top:var(--wp--preset--spacing--30);padding-right:0;padding-bottom:var(--wp--preset--spacing--30);padding-left:0\">\n<h2 class=\"wp-block-heading has-large-font-size\">Uve\u0107ajte svoje vokalne sposobnosti bez napora<\/h2>\n\n\n\n<p style=\"margin-top:16px\">Pridru\u017eite nam se danas kako biste otklju\u010dali svoj muzi\u010dki potencijal i pretplatite se na ekskluzivan sadr\u017eaj.<\/p>\n\n\n\n<ul style=\"line-height:2\" class=\"wp-block-list has-small-font-size\">\n<li>Majstorstvo na instrumentu<\/li>\n\n\n\n<li>Peva\u010dka tehnika<\/li>\n\n\n\n<li>Muzi\u010dka teorija<\/li>\n\n\n\n<li>Usavr\u0161avanje muzi\u010dkog sluha<\/li>\n\n\n\n<li>Ve\u0161tine nastupanja<\/li>\n<\/ul>\n\n\n\n<div class=\"wp-block-buttons is-layout-flex wp-container-core-buttons-is-layout-12dcd427 wp-block-buttons-is-layout-flex\" style=\"margin-top:var(--wp--preset--spacing--40)\">\n<div class=\"wp-block-button\"><a class=\"wp-block-button__link wp-element-button\" href=\"https:\/\/www.learn-music-online.com\/sr\/contact\/\">Istra\u017ei vi\u0161e<\/a><\/div>\n<\/div>\n<\/div>\n<\/div><figure class=\"wp-block-media-text__media\"><img loading=\"lazy\" decoding=\"async\" width=\"1280\" height=\"853\" src=\"https:\/\/www.learn-music-online.com\/wp-content\/uploads\/2024\/12\/540dc1dc65164582c40ef9a082efe173c7b49661.jpg\" alt=\"\" class=\"wp-image-59 size-full\" style=\"object-position:50% 50%\" srcset=\"https:\/\/www.learn-music-online.com\/wp-content\/uploads\/2024\/12\/540dc1dc65164582c40ef9a082efe173c7b49661.jpg 1280w, https:\/\/www.learn-music-online.com\/wp-content\/uploads\/2024\/12\/540dc1dc65164582c40ef9a082efe173c7b49661-300x200.jpg 300w, https:\/\/www.learn-music-online.com\/wp-content\/uploads\/2024\/12\/540dc1dc65164582c40ef9a082efe173c7b49661-1024x682.jpg 1024w, https:\/\/www.learn-music-online.com\/wp-content\/uploads\/2024\/12\/540dc1dc65164582c40ef9a082efe173c7b49661-768x512.jpg 768w\" sizes=\"auto, (max-width: 1280px) 100vw, 1280px\" \/><\/figure><\/div>\n<\/div>","protected":false},"excerpt":{"rendered":"<p>Learn Music with Our Online Platform Our mission is to empower music students by providing an accessible, engaging, and comprehensive online platform. We value inclusivity, creativity, and excellence in music education. Our goal is to inspire and equip learners with the skills to master their musical journey. Experience the Magic of Music Meet Our Dedicated [&hellip;]<\/p>\n","protected":false},"author":1,"featured_media":0,"parent":0,"menu_order":0,"comment_status":"closed","ping_status":"closed","template":"no-title","meta":{"footnotes":""},"class_list":["post-11","page","type-page","status-publish","hentry"],"aioseo_notices":[],"_links":{"self":[{"href":"https:\/\/www.learn-music-online.com\/sr\/wp-json\/wp\/v2\/pages\/11","targetHints":{"allow":["GET"]}}],"collection":[{"href":"https:\/\/www.learn-music-online.com\/sr\/wp-json\/wp\/v2\/pages"}],"about":[{"href":"https:\/\/www.learn-music-online.com\/sr\/wp-json\/wp\/v2\/types\/page"}],"author":[{"embeddable":true,"href":"https:\/\/www.learn-music-online.com\/sr\/wp-json\/wp\/v2\/users\/1"}],"replies":[{"embeddable":true,"href":"https:\/\/www.learn-music-online.com\/sr\/wp-json\/wp\/v2\/comments?post=11"}],"version-history":[{"count":8,"href":"https:\/\/www.learn-music-online.com\/sr\/wp-json\/wp\/v2\/pages\/11\/revisions"}],"predecessor-version":[{"id":386,"href":"https:\/\/www.learn-music-online.com\/sr\/wp-json\/wp\/v2\/pages\/11\/revisions\/386"}],"wp:attachment":[{"href":"https:\/\/www.learn-music-online.com\/sr\/wp-json\/wp\/v2\/media?parent=11"}],"curies":[{"name":"wp","href":"https:\/\/api.w.org\/{rel}","templated":true}]}}