{"id":106,"date":"2024-12-22T08:41:09","date_gmt":"2024-12-22T08:41:09","guid":{"rendered":"https:\/\/www.learn-music-online.com\/?page_id=106"},"modified":"2026-03-11T11:26:12","modified_gmt":"2026-03-11T09:26:12","slug":"interactive-music-lessons","status":"publish","type":"page","link":"https:\/\/www.learn-music-online.com\/sr\/interactive-music-lessons\/","title":{"rendered":"Interaktivne muzi\u010dke lekcije"},"content":{"rendered":"<div class=\"wp-block-group alignfull has-background-background-color has-background has-global-padding is-layout-constrained wp-container-core-group-is-layout-68d5e5bb wp-block-group-is-layout-constrained\" style=\"margin-top:0;margin-bottom:0;padding-top:var(--wp--preset--spacing--50);padding-right:var(--wp--preset--spacing--30);padding-bottom:var(--wp--preset--spacing--60);padding-left:var(--wp--preset--spacing--30)\">\n<div class=\"wp-block-group alignwide has-global-padding is-content-justification-left is-layout-constrained wp-container-core-group-is-layout-12dd3699 wp-block-group-is-layout-constrained\">\n<h2 class=\"wp-block-heading has-large-font-size\">Istra\u017eite na\u0161e neverovatne karakteristike.<\/h2>\n\n\n\n<p style=\"margin-top:16px\">Prona\u0111ite interaktivne video lekcije za u\u010denje gitare, klavira, violine, pevanja, solfe\u0111a i muzi\u010dke teorije. <\/p>\n<\/div>\n\n\n\n<div class=\"wp-block-columns alignwide is-layout-flex wp-container-core-columns-is-layout-87beb0d0 wp-block-columns-is-layout-flex\">\n<div class=\"wp-block-column has-tertiary-background-color has-background is-layout-flow wp-block-column-is-layout-flow\" style=\"padding-top:1.5rem;padding-right:1.5rem;padding-bottom:1.5rem;padding-left:1.5rem\">\n<h3 class=\"wp-block-heading\" style=\"font-size:clamp(14px, 0.875rem + ((1vw - 3.2px) * 0.625), 20px);line-height:1.5\"><a href=\"https:\/\/www.learn-music-online.com\/sr\/guitar-lessons\/\" title=\"\">Lekcije za gitaru<\/a><\/h3>\n\n\n\n<p class=\"has-small-font-size\" style=\"margin-top:8px\">Istra\u017eite interaktivne video lekcije koje sadr\u017ee popularne, narodne i klasi\u010dne gitarske kompozicije.<\/p>\n<\/div>\n\n\n\n<div class=\"wp-block-column has-tertiary-background-color has-background is-layout-flow wp-block-column-is-layout-flow\" style=\"padding-top:1.5rem;padding-right:1.5rem;padding-bottom:1.5rem;padding-left:1.5rem\">\n<h3 class=\"wp-block-heading\" style=\"font-size:clamp(14px, 0.875rem + ((1vw - 3.2px) * 0.625), 20px);line-height:1.5\"><a href=\"https:\/\/www.learn-music-online.com\/sr\/piano-lessons\/\" title=\"\">Lekcije za klavir<\/a><\/h3>\n\n\n\n<p class=\"has-small-font-size\" style=\"margin-top:8px\">Istra\u017eite interaktivne video lekcije koje sadr\u017ee popularne, narodne i klasi\u010dne kompozicije za klavir<\/p>\n<\/div>\n\n\n\n<div class=\"wp-block-column has-tertiary-background-color has-background is-layout-flow wp-block-column-is-layout-flow\" style=\"padding-top:1.5rem;padding-right:1.5rem;padding-bottom:1.5rem;padding-left:1.5rem\">\n<h3 class=\"wp-block-heading\" style=\"font-size:clamp(14px, 0.875rem + ((1vw - 3.2px) * 0.625), 20px);line-height:1.5\"><a href=\"https:\/\/www.learn-music-online.com\/sr\/violin-lessons\/\" title=\"\">Lekcije za violinu<\/a><\/h3>\n\n\n\n<p class=\"has-small-font-size\" style=\"margin-top:8px\">Istra\u017eite interaktivne video lekcije koje sadr\u017ee popularne, narodne i klasi\u010dne kompozicije za violinu<\/p>\n<\/div>\n<\/div>\n\n\n\n<div class=\"wp-block-columns alignwide is-layout-flex wp-container-core-columns-is-layout-87beb0d0 wp-block-columns-is-layout-flex\">\n<div class=\"wp-block-column has-tertiary-background-color has-background is-layout-flow wp-block-column-is-layout-flow\" style=\"padding-top:1.5rem;padding-right:1.5rem;padding-bottom:1.5rem;padding-left:1.5rem\">\n<h3 class=\"wp-block-heading\" style=\"font-size:clamp(14px, 0.875rem + ((1vw - 3.2px) * 0.625), 20px);line-height:1.5\"><a href=\"https:\/\/www.learn-music-online.com\/sr\/vocal-lessons\/\" title=\"\">Lekcije za pevanje<\/a><\/h3>\n\n\n\n<p class=\"has-small-font-size\" style=\"margin-top:8px\">Istra\u017eite interaktivne video lekcije koje sadr\u017ee popularne, narodne i klasi\u010dne vokalne kompozicije.<\/p>\n<\/div>\n\n\n\n<div class=\"wp-block-column has-tertiary-background-color has-background is-layout-flow wp-block-column-is-layout-flow\" style=\"padding-top:1.5rem;padding-right:1.5rem;padding-bottom:1.5rem;padding-left:1.5rem\">\n<h3 class=\"wp-block-heading\" style=\"font-size:clamp(14px, 0.875rem + ((1vw - 3.2px) * 0.625), 20px);line-height:1.5\">Solfe\u0111o<\/h3>\n\n\n\n<p class=\"has-small-font-size\" style=\"margin-top:8px\">Nau\u010di da \u010dita\u0161 i pi\u0161e\u0161 note, kao i da peva\u0161 tonove kroz interaktivne video lekcije.<\/p>\n<\/div>\n\n\n\n<div class=\"wp-block-column has-tertiary-background-color has-background is-layout-flow wp-block-column-is-layout-flow\" style=\"padding-top:1.5rem;padding-right:1.5rem;padding-bottom:1.5rem;padding-left:1.5rem\">\n<h3 class=\"wp-block-heading\" style=\"font-size:clamp(14px, 0.875rem + ((1vw - 3.2px) * 0.625), 20px);line-height:1.5\">Muzi\u010dka teorija<\/h3>\n\n\n\n<p class=\"has-small-font-size\" style=\"margin-top:8px\">Nau\u010di o muzi\u010dkim intervalima, skalama, akordima, muzi\u010dkoj harmoniji i oblicima<\/p>\n<\/div>\n<\/div>\n<\/div>\n\n\n\n<p><\/p>","protected":false},"excerpt":{"rendered":"<p>Explore Our Amazing Features Discover interaction video lessons featuring guitar, piano, violin, vocal, ear training-singing and music theory Guitar Lessons Explore interactive video lessons featuring popular, folk, and classical guitar compositions. Piano Lessons Explore interactive video lessons featuring popular, folk, and classical piano compositions Violin Lessons Explore interactive video lessons featuring popular, folk, and classical [&hellip;]<\/p>\n","protected":false},"author":1,"featured_media":0,"parent":0,"menu_order":0,"comment_status":"closed","ping_status":"closed","template":"","meta":{"footnotes":""},"class_list":["post-106","page","type-page","status-publish","hentry"],"aioseo_notices":[],"_links":{"self":[{"href":"https:\/\/www.learn-music-online.com\/sr\/wp-json\/wp\/v2\/pages\/106","targetHints":{"allow":["GET"]}}],"collection":[{"href":"https:\/\/www.learn-music-online.com\/sr\/wp-json\/wp\/v2\/pages"}],"about":[{"href":"https:\/\/www.learn-music-online.com\/sr\/wp-json\/wp\/v2\/types\/page"}],"author":[{"embeddable":true,"href":"https:\/\/www.learn-music-online.com\/sr\/wp-json\/wp\/v2\/users\/1"}],"replies":[{"embeddable":true,"href":"https:\/\/www.learn-music-online.com\/sr\/wp-json\/wp\/v2\/comments?post=106"}],"version-history":[{"count":9,"href":"https:\/\/www.learn-music-online.com\/sr\/wp-json\/wp\/v2\/pages\/106\/revisions"}],"predecessor-version":[{"id":3334,"href":"https:\/\/www.learn-music-online.com\/sr\/wp-json\/wp\/v2\/pages\/106\/revisions\/3334"}],"wp:attachment":[{"href":"https:\/\/www.learn-music-online.com\/sr\/wp-json\/wp\/v2\/media?parent=106"}],"curies":[{"name":"wp","href":"https:\/\/api.w.org\/{rel}","templated":true}]}}