{"id":1005,"date":"2025-02-19T19:41:28","date_gmt":"2025-02-19T19:41:28","guid":{"rendered":"https:\/\/www.learn-music-online.com\/?page_id=1005"},"modified":"2025-02-20T21:32:25","modified_gmt":"2025-02-20T21:32:25","slug":"elementary-school-piano-grade-2","status":"publish","type":"page","link":"https:\/\/www.learn-music-online.com\/sr\/elementary-school-piano-grade-2\/","title":{"rendered":"Elementary School-Piano-Grade 2"},"content":{"rendered":"<div class=\"wp-block-group alignwide has-global-padding is-content-justification-left is-layout-constrained wp-container-core-group-is-layout-8b4c372c wp-block-group-is-layout-constrained\">\n<h2 class=\"wp-block-heading has-large-font-size\">Osnovna muzi\u010dka \u0161kola klavira - 2. razred<\/h2>\n\n\n\n<p style=\"margin-top:16px\">Preporu\u010dene video lekcije predvi\u0111ene za drugu godinu u\u010denja klavira<\/p>\n<\/div>\n\n\n\n<figure class=\"wp-block-image size-large\"><a href=\"https:\/\/www.learn-music-online.com\/sr\/hab-ich-nur-deine-liebe-piano\/\" target=\"_blank\" rel=\" noreferrer noopener\"><img loading=\"lazy\" decoding=\"async\" width=\"1024\" height=\"576\" src=\"https:\/\/www.learn-music-online.com\/wp-content\/uploads\/2025\/02\/Hab-ich-nur-deine-Liebe-1024x576.jpg\" alt=\"\" class=\"wp-image-995\" srcset=\"https:\/\/www.learn-music-online.com\/wp-content\/uploads\/2025\/02\/Hab-ich-nur-deine-Liebe-1024x576.jpg 1024w, https:\/\/www.learn-music-online.com\/wp-content\/uploads\/2025\/02\/Hab-ich-nur-deine-Liebe-300x169.jpg 300w, https:\/\/www.learn-music-online.com\/wp-content\/uploads\/2025\/02\/Hab-ich-nur-deine-Liebe-768x432.jpg 768w, https:\/\/www.learn-music-online.com\/wp-content\/uploads\/2025\/02\/Hab-ich-nur-deine-Liebe-18x10.jpg 18w, https:\/\/www.learn-music-online.com\/wp-content\/uploads\/2025\/02\/Hab-ich-nur-deine-Liebe.jpg 1279w\" sizes=\"auto, (max-width: 1024px) 100vw, 1024px\" \/><\/a><\/figure>\n\n\n\n<figure class=\"wp-block-image size-full\"><a href=\"https:\/\/www.learn-music-online.com\/sr\/sonatina-op-207-no-1-jacob-schmitt\/\" target=\"_blank\" rel=\" noreferrer noopener\"><img loading=\"lazy\" decoding=\"async\" width=\"1023\" height=\"575\" src=\"https:\/\/www.learn-music-online.com\/wp-content\/uploads\/2025\/02\/Jacob-Schmitt-Sonatina-op207-no1.jpg\" alt=\"\" class=\"wp-image-1012\" srcset=\"https:\/\/www.learn-music-online.com\/wp-content\/uploads\/2025\/02\/Jacob-Schmitt-Sonatina-op207-no1.jpg 1023w, https:\/\/www.learn-music-online.com\/wp-content\/uploads\/2025\/02\/Jacob-Schmitt-Sonatina-op207-no1-300x169.jpg 300w, https:\/\/www.learn-music-online.com\/wp-content\/uploads\/2025\/02\/Jacob-Schmitt-Sonatina-op207-no1-768x432.jpg 768w, https:\/\/www.learn-music-online.com\/wp-content\/uploads\/2025\/02\/Jacob-Schmitt-Sonatina-op207-no1-18x10.jpg 18w\" sizes=\"auto, (max-width: 1023px) 100vw, 1023px\" \/><\/a><\/figure>","protected":false},"excerpt":{"rendered":"<p>Elementary School of Piano &#8211; Grade 2 Recommended Video Lessons for the Second Year of Learning Piano<\/p>","protected":false},"author":1,"featured_media":0,"parent":0,"menu_order":0,"comment_status":"closed","ping_status":"closed","template":"","meta":{"footnotes":""},"class_list":["post-1005","page","type-page","status-publish","hentry"],"aioseo_notices":[],"_links":{"self":[{"href":"https:\/\/www.learn-music-online.com\/sr\/wp-json\/wp\/v2\/pages\/1005","targetHints":{"allow":["GET"]}}],"collection":[{"href":"https:\/\/www.learn-music-online.com\/sr\/wp-json\/wp\/v2\/pages"}],"about":[{"href":"https:\/\/www.learn-music-online.com\/sr\/wp-json\/wp\/v2\/types\/page"}],"author":[{"embeddable":true,"href":"https:\/\/www.learn-music-online.com\/sr\/wp-json\/wp\/v2\/users\/1"}],"replies":[{"embeddable":true,"href":"https:\/\/www.learn-music-online.com\/sr\/wp-json\/wp\/v2\/comments?post=1005"}],"version-history":[{"count":3,"href":"https:\/\/www.learn-music-online.com\/sr\/wp-json\/wp\/v2\/pages\/1005\/revisions"}],"predecessor-version":[{"id":1020,"href":"https:\/\/www.learn-music-online.com\/sr\/wp-json\/wp\/v2\/pages\/1005\/revisions\/1020"}],"wp:attachment":[{"href":"https:\/\/www.learn-music-online.com\/sr\/wp-json\/wp\/v2\/media?parent=1005"}],"curies":[{"name":"wp","href":"https:\/\/api.w.org\/{rel}","templated":true}]}}