{"id":1002,"date":"2025-02-19T19:35:49","date_gmt":"2025-02-19T19:35:49","guid":{"rendered":"https:\/\/www.learn-music-online.com\/?page_id=1002"},"modified":"2025-02-19T19:47:15","modified_gmt":"2025-02-19T19:47:15","slug":"elementary-school-of-music-piano","status":"publish","type":"page","link":"https:\/\/www.learn-music-online.com\/sr\/elementary-school-of-music-piano\/","title":{"rendered":"Elementary School of Music-Piano"},"content":{"rendered":"<div class=\"wp-block-group alignfull has-background-background-color has-background has-global-padding is-layout-constrained wp-container-core-group-is-layout-68d5e5bb wp-block-group-is-layout-constrained\" style=\"margin-top:0;margin-bottom:0;padding-top:var(--wp--preset--spacing--50);padding-right:var(--wp--preset--spacing--30);padding-bottom:var(--wp--preset--spacing--60);padding-left:var(--wp--preset--spacing--30)\">\n<div class=\"wp-block-group alignwide has-tertiary-background-color has-background has-global-padding is-layout-constrained wp-container-core-group-is-layout-056f53c0 wp-block-group-is-layout-constrained\" style=\"border-radius:1.5rem;padding-top:var(--wp--preset--spacing--40);padding-right:var(--wp--preset--spacing--40);padding-bottom:var(--wp--preset--spacing--40);padding-left:var(--wp--preset--spacing--40)\">\n<div class=\"wp-block-group alignwide has-global-padding is-content-justification-left is-layout-constrained wp-container-core-group-is-layout-12dd3699 wp-block-group-is-layout-constrained\">\n<h2 class=\"wp-block-heading\" style=\"margin-top:12px\">Osnovna muzi\u010dka \u0161kola<\/h2>\n\n\n\n<p class=\"has-medium-font-size\" style=\"margin-top:16px\">Preporu\u010dene video lekcije za prvih \u0161est godina u\u010denja klavira.<\/p>\n<\/div>\n\n\n\n<div class=\"wp-block-columns alignwide is-layout-flex wp-container-core-columns-is-layout-47c06fe3 wp-block-columns-is-layout-flex\">\n<div class=\"wp-block-column is-layout-flow wp-block-column-is-layout-flow\">\n<div class=\"wp-block-group has-global-padding is-layout-constrained wp-block-group-is-layout-constrained\">\n<p><a href=\"https:\/\/www.learn-music-online.com\/sr\/elementary-school-guitar-grade-1\/\" title=\"\">1. razred<\/a><\/p>\n\n\n\n<p class=\"has-small-font-size\" style=\"margin-top:8px\">Nau\u010di kompozicije kao \u0161to su: Valcer u C-duru, Ri\u010derkar, Speak Softly Love\u2026<\/p>\n<\/div>\n\n\n\n<div class=\"wp-block-group has-global-padding is-layout-constrained wp-block-group-is-layout-constrained\">\n<h3 class=\"wp-block-heading\" style=\"font-size:clamp(14px, 0.875rem + ((1vw - 3.2px) * 0.625), 20px);line-height:1.5\"><a href=\"https:\/\/www.learn-music-online.com\/sr\/elementary-school-of-guitar-grade-4\/\" title=\"\">4. razred<\/a><\/h3>\n\n\n\n<p class=\"has-small-font-size\" style=\"margin-top:8px\">Nau\u010di kompozicije kao \u0161to su: Studio kampanela od Tarege, Romansa-anonimus...<\/p>\n<\/div>\n<\/div>\n\n\n\n<div class=\"wp-block-column is-layout-flow wp-block-column-is-layout-flow\">\n<div class=\"wp-block-group has-global-padding is-layout-constrained wp-block-group-is-layout-constrained\">\n<h3 class=\"wp-block-heading\" style=\"font-size:clamp(14px, 0.875rem + ((1vw - 3.2px) * 0.625), 20px);line-height:1.5\"><a href=\"https:\/\/www.learn-music-online.com\/sr\/elementary-school-piano-grade-2\/\" title=\"\">2. razred<\/a><\/h3>\n\n\n\n<p class=\"has-small-font-size\" style=\"margin-top:8px\">Nau\u010di kompozicije kao \u0161to su: Hab ich nur deine Liebe od Franca von Supea<\/p>\n<\/div>\n\n\n\n<div class=\"wp-block-group has-global-padding is-layout-constrained wp-block-group-is-layout-constrained\">\n<h3 class=\"wp-block-heading\" style=\"font-size:clamp(14px, 0.875rem + ((1vw - 3.2px) * 0.625), 20px);line-height:1.5\"><a href=\"https:\/\/www.learn-music-online.com\/sr\/elementary-school-of-guitar-grade-5\/\" title=\"\">5. razred<\/a><\/h3>\n\n\n\n<p class=\"has-small-font-size\" style=\"margin-top:8px\">Nau\u010di kompozicije kao \u0161to su: Valcer \u010doro od kompozitora Klejnjansa, Bahov Bure u e-molu...<\/p>\n<\/div>\n<\/div>\n\n\n\n<div class=\"wp-block-column is-layout-flow wp-block-column-is-layout-flow\">\n<div class=\"wp-block-group has-global-padding is-layout-constrained wp-block-group-is-layout-constrained\">\n<h3 class=\"wp-block-heading\" style=\"font-size:clamp(14px, 0.875rem + ((1vw - 3.2px) * 0.625), 20px);line-height:1.5\"><a href=\"https:\/\/www.learn-music-online.com\/sr\/elementary-school-of-guitar-grade-3\/\" title=\"\">3. razred<\/a><\/h3>\n\n\n\n<p class=\"has-small-font-size\" style=\"margin-top:8px\">Nau\u010di kompozicije kao \u0161to su: Etida u e-molu odTarege, Karamba!-Habanera kompozitora Kalatajuda...<\/p>\n\n\n\n<h3 class=\"wp-block-heading\" style=\"font-size:clamp(14px, 0.875rem + ((1vw - 3.2px) * 0.625), 20px);line-height:1.5\"><a href=\"https:\/\/www.learn-music-online.com\/sr\/elementary-school-of-guitar-grade-6\/\" title=\"\">6. razred<\/a><\/h3>\n\n\n\n<p class=\"has-small-font-size\" style=\"margin-top:8px\">U ovom odeljku \u0107ete nau\u010diti: Brodvej no\u0107u kompozitora Paradisa, Moconijevu Staru \u0161pansku pesmu... <\/p>\n<\/div>\n<\/div>\n<\/div>\n<\/div>\n<\/div>\n\n\n\n<p><\/p>","protected":false},"excerpt":{"rendered":"<p>Elementary School of Music Recommended Video Lessons for the First Six Years of Learning Piano Grade 1 Learn compositions like: Valse in C-major, Ricercar, Speak Softly Love&#8230; Grade 4 Learn compositions like: Estudio de Campanella by Tarrega, Romance by Anonymous&#8230; Grade 2 Learn compositions like: Hab ich nur deine Liebe by Franz von Supp\u00e8&#8230; Grade [&hellip;]<\/p>\n","protected":false},"author":1,"featured_media":0,"parent":0,"menu_order":0,"comment_status":"closed","ping_status":"closed","template":"","meta":{"footnotes":""},"class_list":["post-1002","page","type-page","status-publish","hentry"],"aioseo_notices":[],"_links":{"self":[{"href":"https:\/\/www.learn-music-online.com\/sr\/wp-json\/wp\/v2\/pages\/1002","targetHints":{"allow":["GET"]}}],"collection":[{"href":"https:\/\/www.learn-music-online.com\/sr\/wp-json\/wp\/v2\/pages"}],"about":[{"href":"https:\/\/www.learn-music-online.com\/sr\/wp-json\/wp\/v2\/types\/page"}],"author":[{"embeddable":true,"href":"https:\/\/www.learn-music-online.com\/sr\/wp-json\/wp\/v2\/users\/1"}],"replies":[{"embeddable":true,"href":"https:\/\/www.learn-music-online.com\/sr\/wp-json\/wp\/v2\/comments?post=1002"}],"version-history":[{"count":3,"href":"https:\/\/www.learn-music-online.com\/sr\/wp-json\/wp\/v2\/pages\/1002\/revisions"}],"predecessor-version":[{"id":1009,"href":"https:\/\/www.learn-music-online.com\/sr\/wp-json\/wp\/v2\/pages\/1002\/revisions\/1009"}],"wp:attachment":[{"href":"https:\/\/www.learn-music-online.com\/sr\/wp-json\/wp\/v2\/media?parent=1002"}],"curies":[{"name":"wp","href":"https:\/\/api.w.org\/{rel}","templated":true}]}}